{"id":1118,"date":"2020-08-27T16:13:29","date_gmt":"2020-08-27T19:13:29","guid":{"rendered":"https:\/\/padrevasquez.com.ar\/inicio_WP\/?page_id=1118"},"modified":"2020-08-28T09:32:23","modified_gmt":"2020-08-28T12:32:23","slug":"recibo-de-sueldo-web","status":"publish","type":"page","link":"https:\/\/padrevasquez.com.ar\/inicio_WP\/recibo-de-sueldo-web\/","title":{"rendered":"Recibo de sueldo WEB"},"content":{"rendered":"<h2 style=\"text-align: center;\">Descarga de los recibos de sueldo<\/h2>\n<p>A continuaci\u00f3n se indica muy brevemente c\u00f3mo obtener el recibo de sueldo v\u00eda WEB.<\/p>\n<p>Lo primero que se puede ver es la car\u00e1tula general de presentaci\u00f3n:<\/p>\n<p><a href=\"https:\/\/padrevasquez.com.ar\/inicio_WP\/recibo-de-sueldo-web\/foto1-3\/\" rel=\"attachment wp-att-1120\"><img loading=\"lazy\" class=\"alignnone size-full wp-image-1120\" src=\"https:\/\/padrevasquez.com.ar\/inicio_WP\/wp-content\/uploads\/2020\/08\/Foto1.png\" alt=\"\" width=\"844\" height=\"519\" srcset=\"https:\/\/padrevasquez.com.ar\/inicio_WP\/wp-content\/uploads\/2020\/08\/Foto1.png 844w, https:\/\/padrevasquez.com.ar\/inicio_WP\/wp-content\/uploads\/2020\/08\/Foto1-300x184.png 300w, https:\/\/padrevasquez.com.ar\/inicio_WP\/wp-content\/uploads\/2020\/08\/Foto1-768x472.png 768w\" sizes=\"(max-width: 844px) 100vw, 844px\" \/><\/a><\/p>\n<p>Presionando el bot\u00f3n &#8220;<span style=\"color: #ff0000;\"><strong>Comencemos<\/strong><\/span>&#8221; se pasa a la pantalla principal:<\/p>\n<p><a href=\"https:\/\/padrevasquez.com.ar\/inicio_WP\/recibo-de-sueldo-web\/foto3-3\/\" rel=\"attachment wp-att-1142\"><img loading=\"lazy\" class=\"alignnone size-large wp-image-1142\" src=\"https:\/\/padrevasquez.com.ar\/inicio_WP\/wp-content\/uploads\/2020\/08\/foto3-1024x526.png\" alt=\"\" width=\"812\" height=\"417\" srcset=\"https:\/\/padrevasquez.com.ar\/inicio_WP\/wp-content\/uploads\/2020\/08\/foto3-1024x526.png 1024w, https:\/\/padrevasquez.com.ar\/inicio_WP\/wp-content\/uploads\/2020\/08\/foto3-300x154.png 300w, https:\/\/padrevasquez.com.ar\/inicio_WP\/wp-content\/uploads\/2020\/08\/foto3-768x394.png 768w, https:\/\/padrevasquez.com.ar\/inicio_WP\/wp-content\/uploads\/2020\/08\/foto3.png 1163w\" sizes=\"(max-width: 812px) 100vw, 812px\" \/><\/a><\/p>\n<p>En el primer campo se debe indicar el &#8220;<strong><span style=\"color: #ff0000;\">Legajo<\/span><\/strong>&#8220;, que es un n\u00famero personal asociado a cada actividad diferente dentro de la Instituci\u00f3n. Si no recuerda su n\u00famero de legajo, puede emplear el enlace &#8220;<a href=\"https:\/\/www.padrevasquez.com.ar\/MiLegajo\/\" target=\"_blank\" rel=\"noopener noreferrer\">No recuerdo mi legajo<\/a>&#8221; (ubicado debajo del campo del legajo) y con el n\u00famero de documento podr\u00e1 determinar sus legajos activos e inactivos. <span style=\"color: #0000ff;\"><em>Los recibos de sueldo se emiten s\u00f3lo para los legajos activos<\/em><\/span>.<\/p>\n<p>En el segundo campo se debe indicar la clave de acceso, que inicialmente es el documento \u00fanico, aunque luego puede cambiarse.<\/p>\n<p>Inmediatamente se selecciona el mes y el a\u00f1o correspondiente al recibo de sueldo que se desea descargar. Al presionar el bot\u00f3n &#8220;<strong><span style=\"color: #ff0000;\">Acceso<\/span><\/strong>&#8221; se presentar\u00e1 en la pantalla el recibo buscado:<\/p>\n<p><a href=\"https:\/\/padrevasquez.com.ar\/inicio_WP\/recibo-de-sueldo-web\/foto9-2\/\" rel=\"attachment wp-att-1143\"><img loading=\"lazy\" class=\"alignnone size-large wp-image-1143\" src=\"https:\/\/padrevasquez.com.ar\/inicio_WP\/wp-content\/uploads\/2020\/08\/foto9-1024x375.png\" alt=\"\" width=\"812\" height=\"297\" srcset=\"https:\/\/padrevasquez.com.ar\/inicio_WP\/wp-content\/uploads\/2020\/08\/foto9-1024x375.png 1024w, https:\/\/padrevasquez.com.ar\/inicio_WP\/wp-content\/uploads\/2020\/08\/foto9-300x110.png 300w, https:\/\/padrevasquez.com.ar\/inicio_WP\/wp-content\/uploads\/2020\/08\/foto9-768x281.png 768w, https:\/\/padrevasquez.com.ar\/inicio_WP\/wp-content\/uploads\/2020\/08\/foto9.png 1186w\" sizes=\"(max-width: 812px) 100vw, 812px\" \/><\/a><\/p>\n<p>&nbsp;<\/p>\n<p>N\u00f3tese que se indica el tipo de documento (Recibo WEB Versi\u00f3n 1). Esto para diferenciarlo del documento que pudiera conseguir directamente en Contadur\u00eda.<\/p>\n<p>Adem\u00e1s, puede notarse que en la pantalla aparecen dos enlaces nuevos y personales. El primero es &#8220;<span style=\"color: #ff0000;\"><strong>Obtener el recibo en PDF<\/strong><\/span>&#8221; y el segundo &#8220;<strong><span style=\"color: #ff0000;\">Cambiar la clave individual<\/span><\/strong>&#8220;.<\/p>\n<p>El enlace &#8220;<span style=\"color: #ff0000;\"><strong>Obtener el recibo en PDF<\/strong><\/span>&#8221; permite obtener una visi\u00f3n del recibo en formato PDF s\u00f3lo despu\u00e9s de presionar el bot\u00f3n &#8220;<strong><span style=\"color: #ff0000;\">Crear el Recibo en PDF<\/span><\/strong>&#8220;:<\/p>\n<p><a href=\"https:\/\/padrevasquez.com.ar\/inicio_WP\/recibo-de-sueldo-web\/foto5-2\/\" rel=\"attachment wp-att-1124\"><img loading=\"lazy\" class=\"alignnone size-large wp-image-1124\" src=\"https:\/\/padrevasquez.com.ar\/inicio_WP\/wp-content\/uploads\/2020\/08\/Foto5-1024x322.png\" alt=\"\" width=\"812\" height=\"255\" srcset=\"https:\/\/padrevasquez.com.ar\/inicio_WP\/wp-content\/uploads\/2020\/08\/Foto5-1024x322.png 1024w, https:\/\/padrevasquez.com.ar\/inicio_WP\/wp-content\/uploads\/2020\/08\/Foto5-300x94.png 300w, https:\/\/padrevasquez.com.ar\/inicio_WP\/wp-content\/uploads\/2020\/08\/Foto5-768x242.png 768w, https:\/\/padrevasquez.com.ar\/inicio_WP\/wp-content\/uploads\/2020\/08\/Foto5.png 1138w\" sizes=\"(max-width: 812px) 100vw, 812px\" \/><\/a><\/p>\n<p>Luego de presionar el bot\u00f3n, aparece el recibo en formato PDF:<\/p>\n<p><a href=\"https:\/\/padrevasquez.com.ar\/inicio_WP\/recibo-de-sueldo-web\/foto6\/\" rel=\"attachment wp-att-1125\"><img loading=\"lazy\" class=\"alignnone size-large wp-image-1125\" src=\"https:\/\/padrevasquez.com.ar\/inicio_WP\/wp-content\/uploads\/2020\/08\/Foto6-1024x238.png\" alt=\"\" width=\"812\" height=\"189\" srcset=\"https:\/\/padrevasquez.com.ar\/inicio_WP\/wp-content\/uploads\/2020\/08\/Foto6-1024x238.png 1024w, https:\/\/padrevasquez.com.ar\/inicio_WP\/wp-content\/uploads\/2020\/08\/Foto6-300x70.png 300w, https:\/\/padrevasquez.com.ar\/inicio_WP\/wp-content\/uploads\/2020\/08\/Foto6-768x178.png 768w, https:\/\/padrevasquez.com.ar\/inicio_WP\/wp-content\/uploads\/2020\/08\/Foto6.png 1306w\" sizes=\"(max-width: 812px) 100vw, 812px\" \/><\/a><\/p>\n<p>Desde esta pantalla se puede descargar o imprimir directamente, empleando los botones que se encuentran en la parte superior derecha.<\/p>\n<p><em><strong>Nota:<\/strong> Si emplea un celular inteligente, el documento no se muestra directamente, sino que se descarga en forma autom\u00e1tica.<\/em><\/p>\n<p>Mediante la opci\u00f3n &#8220;<span style=\"color: #ff0000;\"><strong>Cambiar la clave individual<\/strong><\/span>&#8220;, puede cambiarse la clave asignada por una personalizada y s\u00f3lo conocida por el usuario titular. En caso de olvidar su clave, puede blanquearse enviando un mensaje a <a href=\"https:\/\/padrevasquez.com.ar\/inicio_WP\/contacto\/\" target=\"_blank\" rel=\"noopener noreferrer\">Contadur\u00eda<\/a> explicando el problema e indicando la clave seleccionada, la cual puede ser inmediatamente modificada para asegurar la privacidad:<\/p>\n<p><a href=\"https:\/\/padrevasquez.com.ar\/inicio_WP\/recibo-de-sueldo-web\/foto7-2\/\" rel=\"attachment wp-att-1126\"><img loading=\"lazy\" class=\"alignnone size-full wp-image-1126\" src=\"https:\/\/padrevasquez.com.ar\/inicio_WP\/wp-content\/uploads\/2020\/08\/Foto7.png\" alt=\"\" width=\"904\" height=\"532\" srcset=\"https:\/\/padrevasquez.com.ar\/inicio_WP\/wp-content\/uploads\/2020\/08\/Foto7.png 904w, https:\/\/padrevasquez.com.ar\/inicio_WP\/wp-content\/uploads\/2020\/08\/Foto7-300x177.png 300w, https:\/\/padrevasquez.com.ar\/inicio_WP\/wp-content\/uploads\/2020\/08\/Foto7-768x452.png 768w\" sizes=\"(max-width: 904px) 100vw, 904px\" \/><\/a><\/p>\n<p>Como en cualquier otro servicio de modificaci\u00f3n y actualizaci\u00f3n de claves, se requiere indicar, el usuario (por medio del legajo), la clave en vigencia y repetir dos (2) veces la nueva clave. Al presionar el bot\u00f3n &#8220;<strong><span style=\"color: #ff0000;\">Cambiar la clave ahora<\/span><\/strong>&#8221; se realiza la actualizaci\u00f3n de la clave que podr\u00e1 ser empleada en forma inmediata.<\/p>\n<p>En cualquier otra pantalla, posicionando el cursor sobre &#8220;<span style=\"color: #ff0000;\"><strong>Accesos<\/strong><\/span>&#8221; aparece el enlace &#8220;<span style=\"color: #ff0000;\"><strong>Docentes y Personal Auxiliar<\/strong><\/span>&#8221; que lo lleva a la pantalla principal para obtener el recibo de sueldo.<\/p>\n<p>Si desea, ya puede descargar su recibo de sueldo presionando en el <a href=\"https:\/\/www.padrevasquez.com.ar\/RecibosSueldo\/\" target=\"_blank\" rel=\"noopener noreferrer\">siguiente enlace<\/a>.<\/p>\n<p>&nbsp;<\/p>\n<p>&nbsp;<\/p>\n<div class=\"pdfprnt-buttons pdfprnt-buttons-page pdfprnt-bottom-right\"><a href=\"https:\/\/padrevasquez.com.ar\/inicio_WP\/wp-json\/wp\/v2\/pages\/1118?print=pdf\" class=\"pdfprnt-button pdfprnt-button-pdf\" target=\"_blank\"><img src=\"https:\/\/padrevasquez.com.ar\/inicio_WP\/wp-content\/plugins\/pdf-print\/images\/pdf.png\" alt=\"image_pdf\" title=\"View PDF\" \/><span class=\"pdfprnt-button-title pdfprnt-button-pdf-title\">Convertir a PDF<\/span><\/a><a href=\"https:\/\/padrevasquez.com.ar\/inicio_WP\/wp-json\/wp\/v2\/pages\/1118?print=print\" class=\"pdfprnt-button pdfprnt-button-print\" target=\"_blank\"><img src=\"https:\/\/padrevasquez.com.ar\/inicio_WP\/wp-content\/plugins\/pdf-print\/images\/print.png\" alt=\"image_print\" title=\"Print Content\" \/><span class=\"pdfprnt-button-title pdfprnt-button-print-title\">Imprimir<\/span><\/a><\/div>","protected":false},"excerpt":{"rendered":"<p>Descarga de los recibos de sueldo A continuaci\u00f3n se indica muy brevemente c\u00f3mo obtener el recibo de sueldo v\u00eda WEB. Lo primero que se puede ver es la car\u00e1tula general de presentaci\u00f3n: Presionando el bot\u00f3n &#8220;Comencemos&#8221; se pasa a la pantalla principal: En el primer campo se debe indicar el &#8220;Legajo&#8220;, que es un n\u00famero personal asociado a cada actividad diferente dentro de la Instituci\u00f3n. Si no recuerda su n\u00famero de legajo, puede emplear el enlace &#8220;No recuerdo mi legajo&#8221; <a href=\"https:\/\/padrevasquez.com.ar\/inicio_WP\/recibo-de-sueldo-web\/\" class=\"more-link\"><span>. . .<\/span><\/a><\/p>\n","protected":false},"author":1,"featured_media":0,"parent":0,"menu_order":0,"comment_status":"closed","ping_status":"closed","template":"","meta":{"_themeisle_gutenberg_block_has_review":false},"_links":{"self":[{"href":"https:\/\/padrevasquez.com.ar\/inicio_WP\/wp-json\/wp\/v2\/pages\/1118"}],"collection":[{"href":"https:\/\/padrevasquez.com.ar\/inicio_WP\/wp-json\/wp\/v2\/pages"}],"about":[{"href":"https:\/\/padrevasquez.com.ar\/inicio_WP\/wp-json\/wp\/v2\/types\/page"}],"author":[{"embeddable":true,"href":"https:\/\/padrevasquez.com.ar\/inicio_WP\/wp-json\/wp\/v2\/users\/1"}],"replies":[{"embeddable":true,"href":"https:\/\/padrevasquez.com.ar\/inicio_WP\/wp-json\/wp\/v2\/comments?post=1118"}],"version-history":[{"count":15,"href":"https:\/\/padrevasquez.com.ar\/inicio_WP\/wp-json\/wp\/v2\/pages\/1118\/revisions"}],"predecessor-version":[{"id":1146,"href":"https:\/\/padrevasquez.com.ar\/inicio_WP\/wp-json\/wp\/v2\/pages\/1118\/revisions\/1146"}],"wp:attachment":[{"href":"https:\/\/padrevasquez.com.ar\/inicio_WP\/wp-json\/wp\/v2\/media?parent=1118"}],"curies":[{"name":"wp","href":"https:\/\/api.w.org\/{rel}","templated":true}]}}