{"id":1204,"date":"2020-09-29T10:24:32","date_gmt":"2020-09-29T13:24:32","guid":{"rendered":"https:\/\/padrevasquez.com.ar\/inicio_WP\/politica-de-cookies\/"},"modified":"2020-11-10T20:44:35","modified_gmt":"2020-11-10T23:44:35","slug":"politica-de-cookies-ipv","status":"publish","type":"page","link":"https:\/\/padrevasquez.com.ar\/inicio_WP\/politica-de-cookies-ipv\/","title":{"rendered":"Pol\u00edtica de Cookies IPV"},"content":{"rendered":"\n<h2>\u00bfQu\u00e9 son las cookies?<\/h2>\n\n<p>\n\tEn ingl\u00e9s, el t\u00e9rmino &quot;cookie&quot; significa galleta, pero en el \u00e1mbito de la navegaci\u00f3n web, una &quot;cookie&quot; es algo completamente distinto. Cuando accede a nuestro Sitio Web, en el navegador de su dispositivo se almacena una peque\u00f1a cantidad de texto que se denomina &quot;cookie&quot;. Este texto contiene informaci\u00f3n variada sobre su navegaci\u00f3n, h\u00e1bitos, preferencias, personalizaciones de contenidos, etc...\n<\/p>\n\n<p>\n\tExisten otras tecnolog\u00edas que funcionan de manera similar y que tambi\u00e9n se usan para recopilar datos sobre tu actividad de navegaci\u00f3n. Llamaremos &quot;cookies&quot; a todas estas tecnolog\u00edas en su conjunto.\n<\/p>\n\n<p>\n\tLos usos concretos que hacemos de estas tecnolog\u00edas se describen en el presente documento.\n<\/p>\n\n<h2>\u00bfPara qu\u00e9 se utilizan las cookies en esta web?<\/h2>\n\n<p>\n\tLas cookies son una parte esencial de c\u00f3mo funciona el Sitio Web. El objetivo principal de nuestras cookies es mejorar su experiencia en la navegaci\u00f3n. Por ejemplo, para recordar sus preferencias (idioma, pa\u00eds, etc.) durante la navegaci\u00f3n y en futuras visitas. La informaci\u00f3n recogida en las cookies nos permite adem\u00e1s mejorar la web, adaptarla a sus intereses como usuario, acelerar las b\u00fasquedas que realice, etc..\n<\/p>\n\n<p>\n\tEn determinados casos, si hemos obtenido su previo consentimiento informado, podremos utilizar cookies para otros usos, como por ejemplo para obtener informaci\u00f3n que nos permita mostrarle publicidad basada en el an\u00e1lisis de sus h\u00e1bitos de navegaci\u00f3n.\n<\/p>\n\n<h2>\u00bfPara qu\u00e9 NO se utilizan las cookies en esta web?<\/h2>\n\n<p>\n\tEn las cookies que utilizamos no se almacena informaci\u00f3n sensible de identificaci\u00f3n personal como su nombre, direcci\u00f3n, tu contrase\u00f1a, etc...\n<\/p>\n\n<h2>\u00bfQui\u00e9n utiliza la informaci\u00f3n almacenada en las cookies?<\/h2>\n\n<p>\n\tLa informaci\u00f3n almacenada en las cookies de nuestro Sitio Web es utilizada exclusivamente por nosotros, a excepci\u00f3n de aquellas identificadas m\u00e1s adelante como &quot;cookie de terceros&quot;, que son utilizadas y gestionadas por entidades externas que nos proporcionan servicios que mejoran la experiencia del usuario. Por ejemplo las estad\u00edsticas que se recogen sobre el n\u00famero de visitas, el contenido que m\u00e1s gusta, etc... \n<\/p>\n\n\n\n<h2>\u00bfC\u00f3mo puede evitar el uso de cookies en este Sitio Web?<\/h2>\n\n<p>\n\tSi prefiere evitar el uso de las cookies, puede RECHAZAR su uso o puede CONFIGURAR las que quiere evitar y las que permite utilizar (en este documento le damos informaci\u00f3n ampliada al respecto de cada tipo de cookie, su finalidad, destinatario, temporalidad, etc... ).\n<\/p>\n\n<p>\n\tSi las ha aceptado, no volveremos a preguntarle a menos que borre las cookies en su dispositivo seg\u00fan se indica en el apartado siguiente. Si quiere revocar el consentimiento tendr\u00e1 que eliminar las cookies y volver a configurarlas.\n<\/p>\n\n\n<h2>\u00bfC\u00f3mo deshabilito y elimino la utilizaci\u00f3n de cookies?<\/h2>\n\n<p>\nEl Titular muestra informaci\u00f3n sobre su Pol\u00edtica de cookies en el men\u00fa del pie de p\u00e1gina y en el banner de cookies accesible en todas las p\u00e1ginas del Sitio Web. El banner de cookies muestra informaci\u00f3n esencial sobre el tratamiento de datos y permite al Usuario realizar las siguientes acciones:\n<\/p>\n<p>\n<ul>\n  <li>ACEPTAR o RECHAZAR la instalaci\u00f3n de cookies, o retirar el consentimiento previamente otorgado.<\/li>\n  \n  \n  <li>Obtener informaci\u00f3n adicional en la p\u00e1gina de  <a href=https:\/\/padrevasquez.com.ar\/inicio_WP\/politica-de-cookies-ipv\/>Pol\u00edtica de Cookies<\/a>.<\/li>\n<\/ul>\n<\/p>\n\n<p>\n\tPara restringir, bloquear o borrar las cookies de este Sitio Web (y las usada por terceros) puede hacerlo, en cualquier momento, modificando la configuraci\u00f3n de su navegador. Tenga en cuenta que esta configuraci\u00f3n es diferente en cada navegador.\n<\/p>\n\n<p> \n  En los siguientes enlaces encontrar\u00e1 instrucciones para habilitar o deshabilitar las cookies en los navegadores m\u00e1s comunes.\n<\/p>\n\n<p>\n  <ul>\n    <li><a rel=\"nofollow\" target=\"_blank\" rel=\"noopener noreferrer nofollow\" href=\"http:\/\/support.mozilla.org\/es\/kb\/habilitar-y-deshabilitar-cookies-que-los-sitios-we\">Firefox<\/a><\/li>\n    <li><a target=\"_blank\" rel=\"noopener noreferrer nofollow\" href=\"https:\/\/support.google.com\/chrome\/answer\/95647?hl=es\">Google Chrome<\/a><\/li>\n    <li><a target=\"_blank\" rel=\"noopener noreferrer nofollow\" href='https:\/\/support.microsoft.com\/es-es\/help\/17442\/windows-internet-explorer-delete-manage-cookies#ie=\"ie-10'>Internet Explorer<\/a><\/li>\n    <li><a target=\"_blank\" rel=\"noopener noreferrer nofollow\" href='https:\/\/support.microsoft.com\/es-es\/help\/4468242\/microsoft-edge-browsing-data-and-privacy'>Microsoft Edge<\/a><\/li>\n    <li><a rel=\"nofollow\" target=\"_blank\" rel=\"noopener noreferrer nofollow\" href=\"http:\/\/support.apple.com\/kb\/HT1677?viewlocale=es_ES\">Safari<\/a><\/li>\n  <\/ul>\n<\/p>\n\n\n<h2>\u00bfQu\u00e9 tipos de cookies se utilizan en esta p\u00e1gina web?<\/h2>\n\n<p>\n\tCada p\u00e1gina web utiliza sus propias cookies. En nuestra web utilizamos las que se indican a continuaci\u00f3n:\n<\/p>\n\n<p>\n\t<b>SEG\u00daN LA ENTIDAD QUE LO GESTIONA<\/b>\n<\/p>\n\n<p>\n\t<b>Cookies propias:<\/b>\n<\/p>\n\n<p>\n\tSon aquellas que se env\u00edan al equipo terminal del Usuario desde un equipo o dominio gestionado por el propio editor y desde el que se presta el servicio solicitado por el Usuario.\n<\/p>\n\n<p>\n\t<b>Cookies de terceros:<\/b>\n<\/p>\n\n<p>\n\tSon aquellas que se env\u00edan al equipo terminal del Usuario desde un equipo o dominio que no es gestionado por el editor, sino por otra entidad que trata los datos obtenidos trav\u00e9s de las cookies.\n<\/p>\n\n<p>\n\tEn el caso de que las cookies sean servidas desde un equipo o dominio gestionado por el propio editor, pero la informaci\u00f3n que se recoja mediante estas sea gestionada por un tercero, no pueden ser consideradas como cookies propias si el tercero las utiliza para sus propias finalidades (por ejemplo, la mejora de los servicios que presta o la prestaci\u00f3n de servicios de car\u00e1cter publicitario a favor de otras entidades).\n<\/p>\n\n<p>\n\t<b>SEG\u00daN SU FINALIDAD<\/b>\n<\/p>\n\n<p>\n\t<b>Cookies t\u00e9cnicas:<\/b>\n<\/p>\n\n<p>\n\tSon aquellas necesarias para la navegaci\u00f3n y el buen funcionamiento de nuestro Sitio Web, como por ejemplo, controlar el tr\u00e1fico y la comunicaci\u00f3n de datos, identificar la sesi\u00f3n, acceder a partes de acceso restringido, realizar la solicitud de inscripci\u00f3n o participaci\u00f3n en un evento, contar visitas a efectos de la facturaci\u00f3n de licencias del software con el que funciona el servicio del Sitio Web, utilizar elementos de seguridad durante la navegaci\u00f3n, almacenar contenidos para la difusi\u00f3n de v\u00eddeos o sonido, habilitar contenidos din\u00e1micos (por ejemplo, animaci\u00f3n de carga de un texto o imagen).\n<\/p>\n\n<p>\n\t<b>Cookies de an\u00e1lisis:<\/b>\n<\/p>\n\n<p>\n\tPermiten cuantificar el n\u00famero de usuarios y as\u00ed realizar la medici\u00f3n y an\u00e1lisis estad\u00edstico de la utilizaci\u00f3n que hacen los usuarios del Sitio Web. \n<\/p>\n\n<p>\n\t<b>Cookies de preferencias o personalizaci\u00f3n:<\/b>\n<\/p>\n\n<p>\n\tSon aquellas que permiten recordar informaci\u00f3n para que el Usuario acceda al servicio con determinadas caracter\u00edsticas que pueden diferenciar su experiencia de la de otros usuarios, como, por ejemplo, el idioma, el n\u00famero de resultados a mostrar cuando el Usuario realiza una b\u00fasqueda, el aspecto o contenido del servicio en funci\u00f3n del tipo de navegador a trav\u00e9s del cual el Usuario accede al servicio o de la regi\u00f3n desde la que accede al servicio, etc.\n<\/p>\n\n\n\n<p>\n\t<b>SEG\u00daN EL PLAZO DE TIEMPO QUE PERMANECEN ACTIVADAS<\/b>\n<\/p>\n\n<p>\n\t<b>Cookies de sesi\u00f3n:<\/b>\n<\/p>\n\n<p>\n\tSon aquellas dise\u00f1adas para recabar y almacenar datos mientras el Usuario accede a una p\u00e1gina web.\n<\/p>\n\n<p>\n\tSe suelen emplear para almacenar informaci\u00f3n que solo interesa conservar para la prestaci\u00f3n del servicio solicitado por el Usuario en una sola ocasi\u00f3n (por ejemplo, una lista de productos adquiridos) y desaparecen al terminar la sesi\u00f3n.\n<\/p>\n\n<p>\n\t<b>Cookies persistentes:<\/b>\n<\/p>\n\n<p>\n\tSon aquellas en las que los datos siguen almacenados en el terminal y pueden ser accedidos y tratados durante un periodo definido por el responsable de la cookie, y que puede ir de unos minutos a varios a\u00f1os. A este respecto debe valorarse espec\u00edficamente si es necesaria la utilizaci\u00f3n de cookies persistentes, puesto que los riesgos para la privacidad podr\u00edan reducirse mediante la utilizaci\u00f3n de cookies de sesi\u00f3n. En todo caso, cuando se instalen cookies persistentes, se recomienda reducir al m\u00ednimo necesario su duraci\u00f3n temporal atendiendo a la finalidad de su uso. A estos efectos, el Dictamen 4\/2012 del GT29 indic\u00f3 que para que una cookie pueda estar exenta del deber de consentimiento informado, su caducidad debe estar relacionada con su finalidad. Debido a ello, es mucho m\u00e1s probable que se consideren como exceptuadas las cookies de sesi\u00f3n que las persistentes.\n<\/p>\n\n\n<p>\n\t<b>Detalle de cookies utilizadas en esta web:<\/b>\n<\/p>\n\n<h2 style=\"text-align: center;\">Pol\u00edtica de Cookies<\/h2>\n<p>En cumplimiento con la Ley 25.326: &#8220;Protecci\u00f3n de los Datos Personales&#8221;, el Apoderado Legal pone a disposici\u00f3n de los usuarios la Pol\u00edtica de recogida y tratamiento de cookies del sitio Web. Se ruega se mantengan <a href=\"https:\/\/www.padrevasquez.com.ar\/DatosPersonales\/\" target=\"_blank\" rel=\"noopener noreferrer\">actualizados los datos personales<\/a>.<\/p>\n<h3 style=\"text-align: center;\">\u00bfQu\u00e9 son las Cookies?<\/h3>\n<p>Una Cookie es un fichero que se descarga en su ordenador al entrar a determinadas p\u00e1ginas web. Las cookies permiten a una p\u00e1gina web, entre otras cosas, almacenar y recuperar informaci\u00f3n sobre sus h\u00e1bitos de navegaci\u00f3n y, dependiendo de la informaci\u00f3n que contengan y de la forma en que utilice su equipo, pueden utilizarse para identificarle.<\/p>\n<h3 style=\"text-align: center;\">Cookies utilizadas en el sitio Web<\/h3>\n<p>A continuaci\u00f3n se clasifican las cookies utilizadas por el sitio Web &#8220;https:\/\/www.padrevasquez.com.ar\/&#8221;, as\u00ed como su tipolog\u00eda, fines de tratamiento y criterios de conservaci\u00f3n de los datos:<\/p>\n<h3>Seg\u00fan la entidad que las gestiona<\/h3>\n<ul>\n<li><strong>Cookies propias:<\/strong> Son aquellas enviadas y gestionadas directamente por el Apoderado Legal.<\/li>\n<li><strong>Cookies de terceros:<\/strong> Son aquellas que se env\u00edan al usuario desde un dominio ajeno al Apoderado Legal.<\/li>\n<\/ul>\n<h3>Seg\u00fan su finalidad<\/h3>\n<ul>\n<li><strong>Cookies t\u00e9cnicas:<\/strong> Son aquellas que permiten a los usuarios registrados navegar a trav\u00e9s del sitio Web, del \u00e1rea restringida y utilizar sus diferentes funciones, como por ejemplo, el sistema de comentarios o el buscador o llevar a cabo el proceso de compra de un Producto o Servicio.<\/li>\n<li><strong>Cookies de personalizaci\u00f3n:<\/strong> Son aquellas que permiten a los usuarios acceder al Servicio con algunas caracter\u00edsticas de car\u00e1cter general predefinidas en funci\u00f3n de una serie de criterios establecidos por el usuario como, por ejemplo, el idioma o el tipo de navegador a trav\u00e9s del cual se conecta a este sitio Web.<\/li>\n<li><strong>Cookies de an\u00e1lisis o medici\u00f3n:<\/strong> Son aquellas que, sean tratadas por el sitio Web o por terceros, permiten cuantificar el n\u00famero de usuarios y as\u00ed realizar la medici\u00f3n y an\u00e1lisis estad\u00edstico de la utilizaci\u00f3n que hacen los usuarios del sitio Web. Para ello se analiza la navegaci\u00f3n que realizas en este sitio Web con el fin de mejorarlo.<\/li>\n<li><strong>Cookies de comportamiento publicitario:<\/strong> Son aquellas que, bien tratadas por el sitio Web o por terceros, almacenan informaci\u00f3n del comportamiento de los usuarios obtenida a trav\u00e9s de la observaci\u00f3n continuada de sus h\u00e1bitos de navegaci\u00f3n, lo que permite desarrollar un perfil espec\u00edfico para mostrar publicidad en funci\u00f3n del mismo.<\/li>\n<li><strong>Cookies sociales:<\/strong> Son establecidas por las plataformas de redes sociales para permitir a los usuarios compartir contenido con sus amigos y redes.<\/li>\n<li><strong>Cookies de afiliados:<\/strong> Son aquellas que permiten hacer un seguimiento de las visitas procedentes de otras webs, con las que el sitio web establece un contrato de afiliaci\u00f3n.<\/li>\n<\/ul>\n<h3>Seg\u00fan su duraci\u00f3n<\/h3>\n<ul>\n<li><strong>Cookies de sesi\u00f3n:<\/strong> Son aquellas dise\u00f1adas para recabar y almacenar datos mientras el usuario accede al sitio Web.<\/li>\n<li><strong>Cookies persistentes:<\/strong> Son aquellas en las que los datos siguen almacenados en el terminal del usuario y pueden ser accedidos y tratados durante un per\u00edodo definido por el responsable de la cookie.<\/li>\n<\/ul>\n<h3>Listado de cookies utilizadas<\/h3>\n<p>Este sitio Web puede instalar las siguientes cookies:<\/p>\n<h3>Cookies t\u00e9cnicas<\/h3>\n<ul>\n<li><strong>wp-settings:<\/strong> Cookie t\u00e9cnica que se usa para mantener la configuraci\u00f3n del usuario en wp-admin. Es persistente y tiene una duraci\u00f3n de 1 a\u00f1o.<\/li>\n<li><strong>hasConsent:<\/strong> Cookie t\u00e9cnica que almacena el consentimiento del usuario. Es persistente y tiene una duraci\u00f3n de 1 a\u00f1o.<\/li>\n<\/ul>\n<h3>Cookies de an\u00e1lisis o medici\u00f3n<\/h3>\n<ul>\n<li><strong>_fbp:<\/strong> Cookie que mide el rendimiento de la publicidad de Facebook. Es persistente y tiene una duraci\u00f3n de 1 d\u00eda.<\/li>\n<li><strong>fr, sb:<\/strong> Cookies que miden el rendimiento de la publicidad de Facebook. Son cookies persistentes.<\/li>\n<li><strong>Pixel:<\/strong> Cookie que permite ofrecer a los visitantes del sitio Web publicidad personalizada en su plataforma bas\u00e1ndose en los datos relativos a las cabeceras http, el p\u00edxel (ID, cookie Facebook), y registrar y comunicar a Facebook las acciones del usuario en el sitio Web.<\/li>\n<li><strong>_ga:<\/strong> Cookie Anal\u00edtica que habilita la funci\u00f3n de control de visitas \u00fanicas. Es persistente y tiene una duraci\u00f3n de 2 a\u00f1os.<\/li>\n<li><strong>_gat:<\/strong> Cookie Anal\u00edtica para limitar el n\u00famero de solicitudes. Su \u00e1mbito es la sesi\u00f3n y tiene una duraci\u00f3n de 1 minuto.<\/li>\n<li><strong>_gid:<\/strong> Cookie Anal\u00edtica para distinguir usuarios. Su \u00e1mbito es la sesi\u00f3n y tiene una duraci\u00f3n de 24 horas.<\/li>\n<\/ul>\n<h3>Informaci\u00f3n adicional<\/h3>\n<ul>\n<li>En la p\u00e1gina <a href=\"https:\/\/www.facebook.com\/policies\/cookies\/\" target=\"_blank\" rel=\"noopener noreferrer\">Pol\u00edtica de Cookies de Facebook<\/a> obtendr\u00e1s obt\u00e9n m\u00e1s informaci\u00f3n sobre el uso de las cookies por parte de Facebook.<\/li>\n<li>Google Analytics puede instalar otras cookies seg\u00fan el documento <a href=\"https:\/\/developers.google.com\/analytics\/devguides\/collection\/analyticsjs\/cookie-usage?hl=es\" target=\"_blank\" rel=\"noopener noreferrer\">Uso de las cookies de Google Analytics<\/a> en sitios web.<\/li>\n<li>Para dejar de recibir publicidad personalizada de Google puede inhabilitar la personalizaci\u00f3n de anuncios mediante la <a href=\"https:\/\/www.google.es\/settings\/ads\" target=\"_blank\" rel=\"noopener noreferrer\">configuraci\u00f3n de anuncios de Google<\/a>.<\/li>\n<\/ul>\n<h3>Cookies de publicidad de comportamiento<\/h3>\n<ul>\n<li><strong>_gads y _gac.<\/strong> Cookies de DoubleClick para medir las interacciones con los anuncios y evitar que te muestre la misma publicidad demasiadas veces. Es persistente y tiene una duraci\u00f3n de 1 a\u00f1o.<\/li>\n<li><strong>IDE.<\/strong> Cookie para registrar y notificar DoubleClick las acciones del usuario del sitio web cuando este haya visto o haya hecho clic en uno de los anuncios del anunciante, con el objetivo de medir la eficacia y mostrar anuncios publicitarios que se ajusten a sus intereses. Es persistente y tiene una duraci\u00f3n de 1 a\u00f1o.<\/li>\n<\/ul>\n<h3>Informaci\u00f3n adicional<\/h3>\n<p>Este sitio Web utiliza servicios de DoubleClick que pueden instalar cookies para mostrarle publicidad relacionada con el contenido que es relevante en base a un perfil elaborado a partir de sus h\u00e1bitos de navegaci\u00f3n, mejorando as\u00ed su percepci\u00f3n de la calidad del sitio Web.<\/p>\n<p>Este sitio Web utiliza servicios de Google Adsense que pueden instalar cookies para recopilar informaci\u00f3n con fines estad\u00edsticos y de uso del sitio Web. Las cookies instaladas permiten mejorar la publicidad que encuentra en el sitio Web mostr\u00e1ndole publicidad seg\u00fan el contenido que le es relevante, mejorando as\u00ed su percepci\u00f3n de la calidad del sitio Web.<\/p>\n<h3>Cookies sociales<\/h3>\n<p>El sitio Web incluye otras funcionalidades proporcionadas por servicios de terceros y redes sociales para mejorar la experiencia de los visitantes. Usted puede compartir el contenido en tus redes sociales como Facebook, Twitter, Instagram, Vimeo o YouTube con los botones incluidos a tal efecto o con las herramientas para compartir propias de las redes sociales. Como resultado, estos servicios pueden instalar cookies y utilizarlas para rastrear su actividad online. No tenemos control directo sobre la informaci\u00f3n recopilada por estas cookies.<\/p>\n<p>Seg\u00fan la fecha, el sitio Web puede instalar otras cookies no detalladas en este documento.<\/p>\n<h3>Aceptaci\u00f3n o rechazo de la instalaci\u00f3n de cookies<\/h3>\n<p>El Apoderado Legal muestra informaci\u00f3n sobre su Pol\u00edtica de cookies en el men\u00fa del pie de p\u00e1gina y en el banner de cookies accesible en todas las p\u00e1ginas del Sitio Web. El banner de cookies muestra informaci\u00f3n esencial sobre el tratamiento de datos y permite al usuario realizar las siguientes acciones:<\/p>\n<ul>\n<li>Aceptar la instalaci\u00f3n de cookies.<\/li>\n<li>Rechazar la instalaci\u00f3n de cookies o retirar el consentimiento previamente otorgado.<\/li>\n<li>Obtener informaci\u00f3n adicional sobre qu\u00e9 son las cookies, conocer la Pol\u00edtica de Cookies y modificar la configuraci\u00f3n para aceptar o rechazar las cookies en cualquier momento.<\/li>\n<\/ul>\n<h3>Eliminaci\u00f3n de cookies<\/h3>\n<p>Usted puede aceptar, bloquear o eliminar las cookies instaladas en su equipo mediante la configuraci\u00f3n de las opciones del navegador, pero parte del sitio no funcionar\u00e1 correctamente o su calidad puede verse afectada.<\/p>\n<p>En los siguientes enlaces encontrar\u00e1 instrucciones para habilitar o deshabilitar las cookies en los navegadores m\u00e1s comunes.<\/p>\n<ul>\n<li><a href=\"http:\/\/support.mozilla.org\/es\/kb\/habilitar-y-deshabilitar-cookies-que-los-sitios-we\" target=\"_blank\" rel=\"noopener noreferrer\">Firefox<\/a><\/li>\n<li><a href=\"https:\/\/support.google.com\/chrome\/answer\/95647?hl=es\" target=\"_blank\" rel=\"noopener noreferrer\">Google Chrome<\/a><\/li>\n<li><a href=\"https:\/\/support.microsoft.com\/es-ar\/help\/17442\/windows-internet-explorer-delete-manage-cookies\" target=\"_blank\" rel=\"noopener noreferrer\">Internet Explorer<\/a><\/li>\n<li><a href=\"https:\/\/support.microsoft.com\/es-es\/help\/4468242\/microsoft-edge-browsing-data-and-privacy\" target=\"_blank\" rel=\"noopener noreferrer\">Microsoft Edge<\/a><\/li>\n<li><a href=\"http:\/\/support.apple.com\/kb\/HT1677?viewlocale=es_ES\" target=\"_blank\" rel=\"noopener noreferrer\">Safari<\/a><\/li>\n<\/ul>\n<h3>Tratamiento de <a href=\"https:\/\/www.padrevasquez.com.ar\/DatosPersonales\/\" target=\"_blank\" rel=\"noopener noreferrer\">Datos Personales<\/a><\/h3>\n<p>El Apoderado Legal es el Responsable del tratamiento de los <a href=\"https:\/\/www.padrevasquez.com.ar\/DatosPersonales\/\" target=\"_blank\" rel=\"noopener noreferrer\">datos personales del usuario<\/a>. Usted puede consultar toda la informaci\u00f3n relativa al tratamiento de datos personales que recoge el Titular en la p\u00e1gina de la Pol\u00edtica de Privacidad.<\/p>\n<h3>Contacto<\/h3>\n<p>En caso de que tenga cualquier duda acerca de esta Pol\u00edtica de Cookies o quiera realizar cualquier comentario sobre este sitio Web, puede enviar un mensaje de correo electr\u00f3nico a la direcci\u00f3n: <a href=\"mailto:apoderado@padrevasquez.com.ar\" target=\"_blank\" rel=\"noopener noreferrer\">apoderado@padrevasquez.com.ar<\/a>.<\/p>\n<div class=\"pdfprnt-buttons pdfprnt-buttons-page pdfprnt-bottom-right\"><a href=\"https:\/\/padrevasquez.com.ar\/inicio_WP\/wp-json\/wp\/v2\/pages\/1204?print=pdf\" class=\"pdfprnt-button pdfprnt-button-pdf\" target=\"_blank\"><img src=\"https:\/\/padrevasquez.com.ar\/inicio_WP\/wp-content\/plugins\/pdf-print\/images\/pdf.png\" alt=\"image_pdf\" title=\"View PDF\" \/><span class=\"pdfprnt-button-title pdfprnt-button-pdf-title\">Convertir a PDF<\/span><\/a><a href=\"https:\/\/padrevasquez.com.ar\/inicio_WP\/wp-json\/wp\/v2\/pages\/1204?print=print\" class=\"pdfprnt-button pdfprnt-button-print\" target=\"_blank\"><img src=\"https:\/\/padrevasquez.com.ar\/inicio_WP\/wp-content\/plugins\/pdf-print\/images\/print.png\" alt=\"image_print\" title=\"Print Content\" \/><span class=\"pdfprnt-button-title pdfprnt-button-print-title\">Imprimir<\/span><\/a><\/div>","protected":false},"excerpt":{"rendered":"<p>\u00bfQu\u00e9 son las cookies? En ingl\u00e9s, el t\u00e9rmino &quot;cookie&quot; significa galleta, pero en el \u00e1mbito de la navegaci\u00f3n web, una &quot;cookie&quot; es algo completamente distinto. Cuando accede a nuestro Sitio Web, en el navegador de su dispositivo se almacena una peque\u00f1a cantidad de texto que se denomina &quot;cookie&quot;. Este texto contiene informaci\u00f3n variada sobre su navegaci\u00f3n, h\u00e1bitos, preferencias, personalizaciones de contenidos, etc&#8230; Existen otras tecnolog\u00edas que funcionan de manera similar y que tambi\u00e9n se usan para recopilar datos sobre tu <a href=\"https:\/\/padrevasquez.com.ar\/inicio_WP\/politica-de-cookies-ipv\/\" class=\"more-link\"><span>. . .<\/span><\/a><\/p>\n","protected":false},"author":1,"featured_media":0,"parent":0,"menu_order":0,"comment_status":"closed","ping_status":"closed","template":"","meta":{"_themeisle_gutenberg_block_has_review":false},"_links":{"self":[{"href":"https:\/\/padrevasquez.com.ar\/inicio_WP\/wp-json\/wp\/v2\/pages\/1204"}],"collection":[{"href":"https:\/\/padrevasquez.com.ar\/inicio_WP\/wp-json\/wp\/v2\/pages"}],"about":[{"href":"https:\/\/padrevasquez.com.ar\/inicio_WP\/wp-json\/wp\/v2\/types\/page"}],"author":[{"embeddable":true,"href":"https:\/\/padrevasquez.com.ar\/inicio_WP\/wp-json\/wp\/v2\/users\/1"}],"replies":[{"embeddable":true,"href":"https:\/\/padrevasquez.com.ar\/inicio_WP\/wp-json\/wp\/v2\/comments?post=1204"}],"version-history":[{"count":9,"href":"https:\/\/padrevasquez.com.ar\/inicio_WP\/wp-json\/wp\/v2\/pages\/1204\/revisions"}],"predecessor-version":[{"id":1260,"href":"https:\/\/padrevasquez.com.ar\/inicio_WP\/wp-json\/wp\/v2\/pages\/1204\/revisions\/1260"}],"wp:attachment":[{"href":"https:\/\/padrevasquez.com.ar\/inicio_WP\/wp-json\/wp\/v2\/media?parent=1204"}],"curies":[{"name":"wp","href":"https:\/\/api.w.org\/{rel}","templated":true}]}}