{"id":1479,"date":"2025-05-30T16:54:43","date_gmt":"2025-05-30T19:54:43","guid":{"rendered":"https:\/\/padrevasquez.com.ar\/inicio_WP\/?page_id=1479"},"modified":"2025-05-30T19:54:38","modified_gmt":"2025-05-30T22:54:38","slug":"soy-docente-pero-classroom-no-me-permite-generar-una-clase-y-anteriormente-si-podia","status":"publish","type":"page","link":"https:\/\/padrevasquez.com.ar\/inicio_WP\/soy-docente-pero-classroom-no-me-permite-generar-una-clase-y-anteriormente-si-podia\/","title":{"rendered":"Soy docente, pero Classroom no me permite generar una clase y anteriormente si pod\u00eda"},"content":{"rendered":"<p>Si eres docente y no puedes crear una clase en Classroom, es probable que tu Administrador de Google Workspace deba verificar tu rol como profesor y establecer los permisos necesarios. Esto es poco probable porque se asume que ya habia creado clases con anterioridad.<\/p>\n<p>Sin embargo, es conveniente verificar tu rol, iniciando sesi\u00f3n con la cuenta correcta de Google Workspace for Education para la Instituci\u00f3n. Esto es necesario para docente que trabajen en varias escuelas o colegios y que tengan varias cuentas diferentes de Google Workspace for Education.<br \/>\nSi a\u00fan no puedes crear una clase, ponte en contacto con tu Administrador (enviando un email a &#8220;<a href=\"mailto:apolinario@padrevasquez.net\">apolinario@padrevasquez.net<\/a>&#8220;) para que pueda verificar tu rol como profesor y ajustar los permisos. El Administrador puede revisar los permisos del profesor y habilitar la creaci\u00f3n de clases. Despu\u00e9s de que el Administrador haya realizado los cambios, es posible que debas cerrar sesi\u00f3n en Classroom y volver a iniciarla para que los cambios surtan efecto.<\/p>\n<h2>Recomendaciones adicionales<\/h2>\n<p>Si se utiliza la aplicaci\u00f3n m\u00f3vil de Classroom, hay que asegurarse de haber iniciado sesi\u00f3n con la cuenta correcta y de haber actualizado la aplicaci\u00f3n.<\/p>\n<h2>La soluci\u00f3n implementada cuando las anteriores no funcionan<\/h2>\n<p>La soluci\u00f3n que ha funcionado bien en otras instituciones que han sufrido el mismo problema es crear un nuevo usuario de Google Workspace for Education para los docentes que han perdido su rol.<br \/>\nLa creaci\u00f3n de un nuevo usuario es realizada por el Administrador de Google Workspace for Education para la Instituci\u00f3n, en completa y coordinada comunicaci\u00f3n con el docente afectado.<\/p>\n<h2>\u00bfQu\u00e9 debe hacer el docente afectado?<\/h2>\n<p>1- Comunicar el problema al Administrador de Google Workspace for Education, enviando un email a &#8220;<a href=\"mailto:apolinario@padrevasquez.net\">apolinario@padrevasquez.net<\/a>&#8221; e indicando el n\u00famero de tel\u00e9fono con Whatsapp para cualquier consulta inmediata, por ejemplo para que el Administrador de Google Workspace for Education le pueda indicar el nuevo usuario y la clave temporal de acceso.<\/p>\n<p>2- Una vez que el Administrador de Google Workspace for Education haya creado la cuenta y le haya comunicado el nombre de usuario y la clave temporal, el docente debe ingresar a la nueva cuenta y verificar que su rol de docente existe, es decir, puede crear clases en Classroom y puede unirse a clases dictadas por otros docentes.<\/p>\n<p>3- Ahora, el Docente puede proceder a transferir el material de las clases de Classroom que desee conservar desde el usuario o cuenta &#8220;vieja o anterior&#8221; (que es la que tiene problemas) al usuario o cuenta nueva.<\/p>\n<p>4- Cuando el Docente haya transferido todo el material que considere necesario, avisar al Administrador de Google Workspace for Education que elimine la cuenta o usuario &#8220;viejo&#8221;. Este aviso debe realizarlo enviando un email a la direcci\u00f3n &#8220;<a href=\"mailto:apolinario@padrevasquez.net\">apolinario@padrevasquez.net<\/a>&#8221; desde cualquiera de las cuentas (desde la nueva o desde la vieja), pero indicando claramente cu\u00e1l es la cuenta que debe ser eliminada. Este punto es importante porque as\u00ed cada Docente tiene s\u00f3lo un usuario o cuenta asociada, evitando problemas o confusiones a los dem\u00e1s docentes de la Instituci\u00f3n.<\/p>\n<h2>El docente no sabe o no recuerda como ingresar a una nueva cuenta de Google Workspace for Education<\/h2>\n<p>Esto es m\u00e1s com\u00fan de lo que parece, y generalmente es debido a que las cuentas no son cerradas por los usuarios, sino que se mantienen abiertas en las computadoras o celulares personales, para evitar recordar las claves de acceso.<br \/>\nSi el docente no sabe o no recuerda como ingresar a una nueva cuenta de Google Workspace for Education puede ver el video que se indica a continuaci\u00f3n.<br \/>\nEs importante indicar que la clave temporal entregada por el Administrador de Google Workspace for Education s\u00f3lo sirve para el primer ingreso, porque Google le pedir\u00e1 que ingrese una nueva clave de uso personal, la cual debe tener por lo menos ocho (8) d\u00edgitos entre letras may\u00fasculas y min\u00fasculas, n\u00fameros y alg\u00fan car\u00e1cter especial como, por ejemplo, el guion bajo (_), el signo de interrogaci\u00f3n (?), etc. Por esto, antes del ingreso es mejor tener pensada y anotada alguna clave personal.<\/p>\n<p><a href=\"https:\/\/youtu.be\/yTQv-1hNsiY\">Este es el enlace al video indicando los pasos del primer ingreso.<\/a><\/p>\n<h2>El docente no sabe o no recuerda como transferir material de clases creadas en Classroom<\/h2>\n<p>La transferencia de material de Classroom de una cuenta a otra (digamos desde la vieja cuenta con problemas a la nueva cuenta) es simplemente cambiar el propietario de una clase.<br \/>\nCuando un docente crea una clase en Classroom, se hace autom\u00e1ticamente propietario de la misma, con todos los derechos de modificaci\u00f3n o eliminaci\u00f3n. Incluso tiene la facultad de invitar a otros docentes a ser parte de su clase, como docentes, pero que inicialmente, no ser\u00e1n propietarios; es decir, no podr\u00e1n eliminar material, aunque si puedan modificarlo (generalmente es para mejorar el contenido).<br \/>\nPara que un docente invitado pueda eliminar una clase, o hacer modificaciones profundas en la misma, es necesario que sea propietario de la clase, lo cual s\u00f3lo es posible si el propietario original le transfiere la propiedad de la clase.<br \/>\nEntonces, para no perder material desde una cuenta con problemas a una cuenta nueva, basta que el usuario viejo invite a nuevo a su clase y le transfiera la propiedad.<\/p>\n<p><a href=\"https:\/\/youtu.be\/H09Mx94gS68\">Este es el enlace al video indicando los pasos de transferencia de propiedad.<\/a><\/p>\n<p>Otros videos que tratan el tema de transferencia de propiedad son estos:<\/p>\n<p><a href=\"https:\/\/www.youtube.com\/watch?v=wjz2i11X5eo\" target=\"_blank\" rel=\"noopener\"><img loading=\"lazy\" class=\"alignnone wp-image-1488\" src=\"https:\/\/padrevasquez.com.ar\/inicio_WP\/wp-content\/uploads\/2025\/05\/Foto2.jpg\" alt=\"\" width=\"251\" height=\"167\" srcset=\"https:\/\/padrevasquez.com.ar\/inicio_WP\/wp-content\/uploads\/2025\/05\/Foto2.jpg 800w, https:\/\/padrevasquez.com.ar\/inicio_WP\/wp-content\/uploads\/2025\/05\/Foto2-300x200.jpg 300w, https:\/\/padrevasquez.com.ar\/inicio_WP\/wp-content\/uploads\/2025\/05\/Foto2-768x512.jpg 768w, https:\/\/padrevasquez.com.ar\/inicio_WP\/wp-content\/uploads\/2025\/05\/Foto2-120x80.jpg 120w\" sizes=\"(max-width: 251px) 100vw, 251px\" \/><\/a>      <a href=\"https:\/\/www.youtube.com\/watch?v=nDRJ5xyhNEo\" target=\"_blank\" rel=\"noopener\"><img loading=\"lazy\" class=\"alignright wp-image-1487\" src=\"https:\/\/padrevasquez.com.ar\/inicio_WP\/wp-content\/uploads\/2025\/05\/Foto1.jpg\" alt=\"\" width=\"265\" height=\"160\" srcset=\"https:\/\/padrevasquez.com.ar\/inicio_WP\/wp-content\/uploads\/2025\/05\/Foto1.jpg 693w, https:\/\/padrevasquez.com.ar\/inicio_WP\/wp-content\/uploads\/2025\/05\/Foto1-300x181.jpg 300w\" sizes=\"(max-width: 265px) 100vw, 265px\" \/><\/a><\/p>\n<h2>\u00bfPor qu\u00e9 borrar o eliminar la cuenta vieja?<\/h2>\n<p>La primera raz\u00f3n de borrar la cuenta vieja es porque la cantidad de cuentas disponibles es fija desde Febrero de 2025. Si no se borraran las cuentas innecesarias, los servicios de Google Workspace for Education para la Instituci\u00f3n se ver\u00edan seriamente afectados en corto plazo.<br \/>\nLa segunda raz\u00f3n para borrar las cuentas innecesarias es asegurar la comunicaci\u00f3n entre los integrantes de la Instituci\u00f3n, evitando o disminuyendo los errores de identificaci\u00f3n de los usuarios (docentes y alumnos). As\u00ed, si existieran dos o m\u00e1s cuentas activas para un mismo usuario, a cu\u00e1l cuenta se le envi\u00e1 informaci\u00f3n, comunicaciones, material, invitaciones, etc.?<\/p>\n<h2>\u00bfPor qu\u00e9 solicitar la creaci\u00f3n y eliminaci\u00f3n de cuentas con problemas por medio de un email?<\/h2>\n<p>El correo electr\u00f3nico del Administrador de Google Workspace for Education es \u00fanico, independientemente de la persona que sea realmente Administrador. Si el Administrador cambia, es posible realizar un seguimiento de las acciones necesarias para mantener en buen estado el servicio.<br \/>\nHay que recordar que una cuenta eliminada tiene veinte (20) d\u00edas corridos para ser recuperada. Pasado ese tiempo, la informaci\u00f3n es irrecuperable.<\/p>\n<p>Para mayor informaci\u00f3n, contacte al Administrador de Google Workspace for Education.<\/p>\n<div class=\"pdfprnt-buttons pdfprnt-buttons-page pdfprnt-bottom-right\"><a href=\"https:\/\/padrevasquez.com.ar\/inicio_WP\/wp-json\/wp\/v2\/pages\/1479?print=pdf\" class=\"pdfprnt-button pdfprnt-button-pdf\" target=\"_blank\"><img src=\"https:\/\/padrevasquez.com.ar\/inicio_WP\/wp-content\/plugins\/pdf-print\/images\/pdf.png\" alt=\"image_pdf\" title=\"View PDF\" \/><span class=\"pdfprnt-button-title pdfprnt-button-pdf-title\">Convertir a PDF<\/span><\/a><a href=\"https:\/\/padrevasquez.com.ar\/inicio_WP\/wp-json\/wp\/v2\/pages\/1479?print=print\" class=\"pdfprnt-button pdfprnt-button-print\" target=\"_blank\"><img src=\"https:\/\/padrevasquez.com.ar\/inicio_WP\/wp-content\/plugins\/pdf-print\/images\/print.png\" alt=\"image_print\" title=\"Print Content\" \/><span class=\"pdfprnt-button-title pdfprnt-button-print-title\">Imprimir<\/span><\/a><\/div>","protected":false},"excerpt":{"rendered":"<p>Si eres docente y no puedes crear una clase en Classroom, es probable que tu Administrador de Google Workspace deba verificar tu rol como profesor y establecer los permisos necesarios. Esto es poco probable porque se asume que ya habia creado clases con anterioridad. Sin embargo, es conveniente verificar tu rol, iniciando sesi\u00f3n con la cuenta correcta de Google Workspace for Education para la Instituci\u00f3n. Esto es necesario para docente que trabajen en varias escuelas o colegios y que tengan <a href=\"https:\/\/padrevasquez.com.ar\/inicio_WP\/soy-docente-pero-classroom-no-me-permite-generar-una-clase-y-anteriormente-si-podia\/\" class=\"more-link\"><span>. . .<\/span><\/a><\/p>\n","protected":false},"author":1,"featured_media":0,"parent":0,"menu_order":0,"comment_status":"closed","ping_status":"closed","template":"","meta":{"_themeisle_gutenberg_block_has_review":false},"_links":{"self":[{"href":"https:\/\/padrevasquez.com.ar\/inicio_WP\/wp-json\/wp\/v2\/pages\/1479"}],"collection":[{"href":"https:\/\/padrevasquez.com.ar\/inicio_WP\/wp-json\/wp\/v2\/pages"}],"about":[{"href":"https:\/\/padrevasquez.com.ar\/inicio_WP\/wp-json\/wp\/v2\/types\/page"}],"author":[{"embeddable":true,"href":"https:\/\/padrevasquez.com.ar\/inicio_WP\/wp-json\/wp\/v2\/users\/1"}],"replies":[{"embeddable":true,"href":"https:\/\/padrevasquez.com.ar\/inicio_WP\/wp-json\/wp\/v2\/comments?post=1479"}],"version-history":[{"count":9,"href":"https:\/\/padrevasquez.com.ar\/inicio_WP\/wp-json\/wp\/v2\/pages\/1479\/revisions"}],"predecessor-version":[{"id":1490,"href":"https:\/\/padrevasquez.com.ar\/inicio_WP\/wp-json\/wp\/v2\/pages\/1479\/revisions\/1490"}],"wp:attachment":[{"href":"https:\/\/padrevasquez.com.ar\/inicio_WP\/wp-json\/wp\/v2\/media?parent=1479"}],"curies":[{"name":"wp","href":"https:\/\/api.w.org\/{rel}","templated":true}]}}