{"id":1491,"date":"2025-06-07T21:27:12","date_gmt":"2025-06-08T00:27:12","guid":{"rendered":"https:\/\/padrevasquez.com.ar\/inicio_WP\/?page_id=1491"},"modified":"2025-06-07T21:27:52","modified_gmt":"2025-06-08T00:27:52","slug":"que-es-la-cache-y-como-mejora-el-rendimiento-web","status":"publish","type":"page","link":"https:\/\/padrevasquez.com.ar\/inicio_WP\/que-es-la-cache-y-como-mejora-el-rendimiento-web\/","title":{"rendered":"\u00bfQu\u00e9 es la cach\u00e9 y c\u00f3mo mejora el rendimiento web?"},"content":{"rendered":"<h2>\u00bfQu\u00e9 es la cach\u00e9 y c\u00f3mo mejora el rendimiento web?<\/h2>\n<p>La cach\u00e9 es un concepto que, aunque no es conocido por todos los usuarios por igual, juega un papel esencial en la experiencia que obtenemos de nuestros dispositivos electr\u00f3nicos. Este elemento oculto a simple vista es el encargado de asegurar que los usuarios espa\u00f1oles, y los de el mundo en general, podamos disfrutar de una navegaci\u00f3n m\u00e1s r\u00e1pida y eficiente sin tener que esperar largos tiempos de carga cada vez que visitamos nuestras p\u00e1ginas web favoritas, pero a veces tambi\u00e9n puede convertirse en un inconveniente, \u00a1te lo contamos!<br \/>\nqu\u00e9 es el cach\u00e9 y c\u00f3mo mejora el rendimiento web.<\/p>\n<h2>\u00bfQu\u00e9 es la cach\u00e9?<\/h2>\n<p>Se llama cach\u00e9 a la tecnolog\u00eda de almacenamiento temporal que guarda copias de archivos, im\u00e1genes y otros elementos de las p\u00e1ginas web que visitamos. Su prop\u00f3sito es reducir el tiempo de carga de estas p\u00e1ginas, permitiendo que el navegador acceda a estos archivos de forma local cada vez en vez de tener que descargarlos nuevamente desde internet.<\/p>\n<p>Esto no s\u00f3lo acelera de forma notable el proceso de carga, sino que tambi\u00e9n optimiza el uso de tu ancho de banda. La cach\u00e9 est\u00e1 presente en nuestros ordenadores, pero tambi\u00e9n en smartphones y tablets, lo que ayuda a mejorar la experiencia de usuario en cada uno de ellos.<\/p>\n<h2>\u00bfCu\u00e1l es la diferencia entre la cach\u00e9 y las cookies?<\/h2>\n<p>Aunque tanto la cach\u00e9 como las cookies se usan para mejorar la experiencia de navegaci\u00f3n, ambos elementos del mundo online cumplen funciones distintas.<\/p>\n<p>La cach\u00e9 almacena copias de los elementos de una p\u00e1gina web para acelerar los tiempos de carga en futuras visitas.<br \/>\nEn cuanto a las cookies, su funci\u00f3n es guardar informaci\u00f3n sobre las preferencias y la actividad en l\u00ednea de los usuarios para que las p\u00e1ginas web recuerden las sesiones y poder personalizar as\u00ed la experiencia al acceder a ellas.<\/p>\n<p>Mientras que la cach\u00e9 se centra en el contenido de la p\u00e1gina, las cookies lo hacen en el usuario, almacenando datos como las preferencias de idioma o los art\u00edculos a\u00f1adidos al carrito de compras.<\/p>\n<p>Se trata de dos funcionalidades muy distintas, pero lo cierto es que ambas son esenciales para conseguir una navegaci\u00f3n web fluida. Eso s\u00ed, es importante gestionarlas de forma adecuada para proteger la privacidad y asegurar que el rendimiento sea lo m\u00e1s \u00f3ptimo posible en cada dispositivo al mejorar la velocidad web con la cach\u00e9 del navegador.<\/p>\n<h2>\u00bfPara qu\u00e9 sirve la memoria cach\u00e9?<\/h2>\n<p>La memoria cach\u00e9 es un componente esencial en la arquitectura de ordenadores y dispositivos m\u00f3viles, \u00bfpero para qu\u00e9 sirve el cach\u00e9 de una aplicaci\u00f3n? B\u00e1sicamente, act\u00faa como un puente entre el almacenamiento de datos a largo plazo y el procesador.<\/p>\n<p>Su funci\u00f3n principal, por tanto, es acelerar el acceso a los datos que se utilizan con frecuencia, almacen\u00e1ndolos de forma temporal en una ubicaci\u00f3n de r\u00e1pido acceso. Esto significa que, cada vez que un programa necesita acceder a ciertos datos, primero verifica si est\u00e1n en la cach\u00e9. Si es as\u00ed, los recupera mucho m\u00e1s r\u00e1pido que si tuviera que buscarlos en la memoria principal, en el disco duro o volver a descargarlos de internet.<br \/>\n\u00bfQu\u00e9 datos se almacenan en la memoria cach\u00e9?<\/p>\n<p>La memoria cach\u00e9 puede almacenar una gran variedad de datos que el sistema espera utilizar con frecuencia. Esto incluye elementos de p\u00e1ginas web, como archivos HTML, CSS, JavaScript, im\u00e1genes y otros contenidos multimedia, aplicaciones y programas que se usan de forma habitual, as\u00ed como partes del sistema operativo y otros datos de configuraci\u00f3n.<\/p>\n<p>En dispositivos m\u00f3viles, tambi\u00e9n se almacenan datos de aplicaciones, im\u00e1genes, v\u00eddeos y m\u00fasica para mejorar el rendimiento y reducir la latencia al acceder a estos datos. La idea es disminuir al m\u00e1ximo el tiempo de acceso y la carga de trabajo del procesador, lo que acelera tanto la ejecuci\u00f3n de tareas como la carga de contenido.<\/p>\n<h2>\u00bfQu\u00e9 aplicaciones deben utilizar cach\u00e9 para un mejor rendimiento?<\/h2>\n<p>Las aplicaciones m\u00f3viles, plataformas de Internet de las Cosas (IoT) y los videojuegos son ejemplos claros de aplicaciones que se benefician enormemente del uso de cach\u00e9. Todas ellas requieren de un acceso r\u00e1pido y eficiente a los datos para ofrecer experiencias de usuario \u00f3ptimas, mantener la interactividad y responder en tiempo real a cada acci\u00f3n solicitada.<\/p>\n<h2>\u00bfC\u00f3mo borrar la cach\u00e9?<\/h2>\n<p>Limpiar la cach\u00e9 de forma habitual es importante para mantener el buen funcionamiento de cualquier tipo de dispositivo porque, con el paso del tiempo, puede acumular datos obsoletos o innecesarios que ocupan un espacio valioso, lo que adem\u00e1s puede suponer una notoria ralentizaci\u00f3n de las velocidades de carga.<\/p>\n<p>Borrar la cach\u00e9 no s\u00f3lo libera espacio en el dispositivo, sino que tambi\u00e9n puede resolver problemas de rendimiento y carga de p\u00e1ginas web, lo que asegura que siempre se tendr\u00e1 acceso a la versi\u00f3n m\u00e1s actualizada de las p\u00e1ginas web que se visiten.<\/p>\n<h2>\u00bfQu\u00e9 es limpiar el cach\u00e9 del m\u00f3vil?<\/h2>\n<p>Limpiar el cach\u00e9 del m\u00f3vil es una acci\u00f3n sencilla que puede mejorar enormemente el rendimiento de tu dispositivo y liberar espacio de almacenamiento. Aunque no es una soluci\u00f3n m\u00e1gica, s\u00ed puede ser muy \u00fatil cuando ciertas aplicaciones se vuelven lentas, o bien si el m\u00f3vil muestra se\u00f1ales de saturaci\u00f3n.<\/p>\n<p>Ahora bien, empecemos por lo m\u00e1s b\u00e1sico, \u00bfqu\u00e9 es el cach\u00e9 del m\u00f3vil? Este tipo de memoria es un espacio de almacenamiento temporal en el que las aplicaciones guardan datos para poder acceder a ellos r\u00e1pidamente. Por ejemplo, cuando usas una app como WhatsApp o Instagram, esta almacena im\u00e1genes, v\u00eddeos y otros elementos en la cach\u00e9 para no tener que volver a descargarlos cada vez que los necesites, agilizando as\u00ed su funcionamiento.<\/p>\n<p>Sin embargo, con el tiempo, esta cach\u00e9 puede acumularse y ocupar una cantidad de espacio demasiado grande en tu dispositivo. Adem\u00e1s, si los datos en cach\u00e9 se corrompen, pueden provocar errores o un rendimiento deficiente en las aplicaciones.<\/p>\n<p>Al borrar la cach\u00e9, eliminas estos archivos temporales, lo que puede resolver problemas de funcionamiento a la vez que libera espacio. Es importante que tengas claro que esto no elimina tus datos personales ni tus configuraciones, sino que simplemente obliga a la aplicaci\u00f3n a crear una nueva cach\u00e9, lo que puede hacer que la carga inicial sea m\u00e1s lenta, pero que todo el sistema est\u00e9 m\u00e1s limpio y resulte mucho m\u00e1s eficiente.<br \/>\nY hablando de eficiencia, antes de seguir aprendiendo sobre qu\u00e9 es el cach\u00e9 y c\u00f3mo gestionarlo con \u00e9xito, \u00a1aseg\u00farate de contar con un alojamiento web de calidad para tus proyectos online!<\/p>\n<h2>\u00bfQu\u00e9 ocurre si borras la memoria cach\u00e9?<\/h2>\n<p>Tener claro qu\u00e9 pasa si borras el cach\u00e9 es tan importante o m\u00e1s que saber qu\u00e9 es borrar la cach\u00e9, ya que, tras hacerlo, toca lidiar con las consecuencias de inmediato.<\/p>\n<p>Al borrar la memoria cach\u00e9, estamos eliminando los datos temporales almacenados por las aplicaciones y navegadores. Esto conlleva varios efectos inmediatos, como la liberaci\u00f3n de espacio en el dispositivo, lo que resulta especialmente \u00fatil si tienes poco almacenamiento disponible.<\/p>\n<p>Tambi\u00e9n hay que tener en cuenta que, al eliminar datos obsoletos o corruptos que podr\u00edan estar causando problemas, como errores de carga o fallos en aplicaciones, es posible mejorar el rendimiento general del dispositivo.<\/p>\n<p>Sin embargo, es necesario saber que este proceso tambi\u00e9n puede acarrear ciertas desventajas temporales, como el aumento del tiempo de carga de las p\u00e1ginas web y aplicaciones, ya que el dispositivo deber\u00e1 volver a descargar nuevamente estos datos. Tambi\u00e9n es posible perder algunas configuraciones personalizadas o tener que volver a iniciar sesi\u00f3n en determinadas p\u00e1ginas web y aplicaciones, ya que estos datos tambi\u00e9n se almacenan en la cach\u00e9.<\/p>\n<h2>\u00bfEs posible recuperar datos despu\u00e9s de borrar el cach\u00e9 de una aplicaci\u00f3n?<\/h2>\n<p>Una vez que la cach\u00e9 de una aplicaci\u00f3n se borra, los datos espec\u00edficos almacenados en ella se pierden de forma permanente y no pueden recuperarse mediante m\u00e9todos convencionales. Esto incluye informaci\u00f3n como sesiones iniciadas, preferencias de usuario y otros datos temporales que facilitan el uso r\u00e1pido y personalizado de la aplicaci\u00f3n.<\/p>\n<p>Ahora bien, borrar la cach\u00e9 no afecta a datos como las cuentas de usuario, partidas guardadas en juegos o documentos. Estos \u00faltimos se almacenan en la memoria interna del dispositivo o en la nube, por lo que no se ven afectados por la limpieza de la cach\u00e9.<\/p>\n<p>Ahora que dominas este concepto, no olvides que, si tienes una p\u00e1gina web en Espa\u00f1a o est\u00e1s pensando en crear una, necesitas un certificado SSL de calidad y el mejor alojamiento web posible para ofrecer una experiencia de usuario r\u00e1pida y permanente. \u00a1Algo indispensable sobre todo para los visitantes que accedan de nuevo a tu p\u00e1gina tras haber borrado la cach\u00e9 de sus dispositivos!<\/p>\n<h2>\u00bfCu\u00e1ndo conviene borrar el cach\u00e9 de datos?<\/h2>\n<p>Ya te hemos contado qu\u00e9 es el cach\u00e9 de una aplicaci\u00f3n y qu\u00e9 es borrar el cach\u00e9, \u00bfpero cu\u00e1ndo conviene hacerlo y por qu\u00e9? Es recomendable hacerlo si experimentas problemas concretos con una aplicaci\u00f3n, como por ejemplo cierres inesperados, lentitud o errores al cargar contenido. Adem\u00e1s, resulta \u00fatil cuando el almacenamiento de tu dispositivo est\u00e1 casi lleno y necesitas liberar espacio r\u00e1pidamente.<\/p>\n<p>Ten en cuenta la importancia de saber diferenciar entre borrar la cach\u00e9 y borrar los datos de una aplicaci\u00f3n.<\/p>\n<p>Borrar la cach\u00e9 elimina archivos temporales que ayudan a que la aplicaci\u00f3n funcione m\u00e1s r\u00e1pido.<br \/>\nBorrar los datos restablece la aplicaci\u00f3n a su estado original, eliminando configuraciones, cuentas y otros datos guardados.<\/p>\n<p>Ahora que no tienes dudas sobre qu\u00e9 es el cach\u00e9 de datos, te aconsejamos que borres el de tus aplicaciones cada cierto tiempo, sobre todo el de las que utilices con m\u00e1s frecuencia y que por ello gestionan gran cantidad de datos, como por navegadores, redes sociales y aplicaciones de mensajer\u00eda. Esto te ayudar\u00e1 a mantener un rendimiento \u00f3ptimo del dispositivo y a prevenir problemas relacionados con archivos temporales corruptos o desactualizados.<\/p>\n<p>Sin embargo, tampoco necesitas borrar la cach\u00e9 continuamente, puesto que hacerlo con demasiada frecuencia puede provocar tiempos de carga m\u00e1s largos y un mayor consumo de datos, ya que la aplicaci\u00f3n tendr\u00e1 que reconstruirla siempre desde cero.<br \/>\nY si no quieres tener que reconstruir desde cero todas las comunicaciones de tu negocio, aseg\u00farate de contar con la soluci\u00f3n de correo electr\u00f3nico profesional que necesitas, \u00a1seguro que no imaginabas que configurarla iba a resultar tan sencillo!<\/p>\n<p>Contenido adaptado desde: <a href=\"https:\/\/www.godaddy.com\/resources\/es\/digitalizacion\/cache-que-es\">https:\/\/www.godaddy.com\/resources\/es\/digitalizacion\/cache-que-es<\/a> (06\/06\/2025)<\/p>\n<div class=\"pdfprnt-buttons pdfprnt-buttons-page pdfprnt-bottom-right\"><a href=\"https:\/\/padrevasquez.com.ar\/inicio_WP\/wp-json\/wp\/v2\/pages\/1491?print=pdf\" class=\"pdfprnt-button pdfprnt-button-pdf\" target=\"_blank\"><img src=\"https:\/\/padrevasquez.com.ar\/inicio_WP\/wp-content\/plugins\/pdf-print\/images\/pdf.png\" alt=\"image_pdf\" title=\"View PDF\" \/><span class=\"pdfprnt-button-title pdfprnt-button-pdf-title\">Convertir a PDF<\/span><\/a><a href=\"https:\/\/padrevasquez.com.ar\/inicio_WP\/wp-json\/wp\/v2\/pages\/1491?print=print\" class=\"pdfprnt-button pdfprnt-button-print\" target=\"_blank\"><img src=\"https:\/\/padrevasquez.com.ar\/inicio_WP\/wp-content\/plugins\/pdf-print\/images\/print.png\" alt=\"image_print\" title=\"Print Content\" \/><span class=\"pdfprnt-button-title pdfprnt-button-print-title\">Imprimir<\/span><\/a><\/div>","protected":false},"excerpt":{"rendered":"<p>\u00bfQu\u00e9 es la cach\u00e9 y c\u00f3mo mejora el rendimiento web? La cach\u00e9 es un concepto que, aunque no es conocido por todos los usuarios por igual, juega un papel esencial en la experiencia que obtenemos de nuestros dispositivos electr\u00f3nicos. Este elemento oculto a simple vista es el encargado de asegurar que los usuarios espa\u00f1oles, y los de el mundo en general, podamos disfrutar de una navegaci\u00f3n m\u00e1s r\u00e1pida y eficiente sin tener que esperar largos tiempos de carga cada vez <a href=\"https:\/\/padrevasquez.com.ar\/inicio_WP\/que-es-la-cache-y-como-mejora-el-rendimiento-web\/\" class=\"more-link\"><span>. . .<\/span><\/a><\/p>\n","protected":false},"author":1,"featured_media":0,"parent":0,"menu_order":0,"comment_status":"closed","ping_status":"closed","template":"","meta":{"_themeisle_gutenberg_block_has_review":false},"_links":{"self":[{"href":"https:\/\/padrevasquez.com.ar\/inicio_WP\/wp-json\/wp\/v2\/pages\/1491"}],"collection":[{"href":"https:\/\/padrevasquez.com.ar\/inicio_WP\/wp-json\/wp\/v2\/pages"}],"about":[{"href":"https:\/\/padrevasquez.com.ar\/inicio_WP\/wp-json\/wp\/v2\/types\/page"}],"author":[{"embeddable":true,"href":"https:\/\/padrevasquez.com.ar\/inicio_WP\/wp-json\/wp\/v2\/users\/1"}],"replies":[{"embeddable":true,"href":"https:\/\/padrevasquez.com.ar\/inicio_WP\/wp-json\/wp\/v2\/comments?post=1491"}],"version-history":[{"count":2,"href":"https:\/\/padrevasquez.com.ar\/inicio_WP\/wp-json\/wp\/v2\/pages\/1491\/revisions"}],"predecessor-version":[{"id":1493,"href":"https:\/\/padrevasquez.com.ar\/inicio_WP\/wp-json\/wp\/v2\/pages\/1491\/revisions\/1493"}],"wp:attachment":[{"href":"https:\/\/padrevasquez.com.ar\/inicio_WP\/wp-json\/wp\/v2\/media?parent=1491"}],"curies":[{"name":"wp","href":"https:\/\/api.w.org\/{rel}","templated":true}]}}