{"id":1494,"date":"2025-06-07T21:29:32","date_gmt":"2025-06-08T00:29:32","guid":{"rendered":"https:\/\/padrevasquez.com.ar\/inicio_WP\/?page_id=1494"},"modified":"2025-06-08T22:24:35","modified_gmt":"2025-06-09T01:24:35","slug":"por-que-se-deberia-borrar-la-cache-y-las-cookies-de-una-computadora-personal","status":"publish","type":"page","link":"https:\/\/padrevasquez.com.ar\/inicio_WP\/por-que-se-deberia-borrar-la-cache-y-las-cookies-de-una-computadora-personal\/","title":{"rendered":"\u00bfPor qu\u00e9 se deber\u00eda borrar la cach\u00e9 y las cookies de una computadora personal?"},"content":{"rendered":"<h2>\u00bfPor qu\u00e9 se deber\u00eda borrar la cach\u00e9 y las cookies de una computadora personal?<\/h2>\n<p>Borrar la cach\u00e9 y las cookies de una PC es importante para mejorar el rendimiento, proteger la privacidad y resolver problemas de navegaci\u00f3n.<br \/>\nAl borrar la cach\u00e9, se eliminan los archivos temporales que el navegador almacena para acelerar la carga de p\u00e1ginas, liberando espacio y mejorando la velocidad.<br \/>\nLas cookies, por otro lado, almacenan informaci\u00f3n sobre la navegaci\u00f3n, y borrarlas puede ayudar a solucionar problemas de carga y formato de p\u00e1ginas, adem\u00e1s de proteger la privacidad al eliminar datos personales almacenados.<\/p>\n<p>Si se desea saber qu\u00e9 son las cookies y la cach\u00e9, lea:<\/p>\n<blockquote class=\"wp-embedded-content\" data-secret=\"NFgnU9JPTW\"><p><a href=\"https:\/\/padrevasquez.com.ar\/inicio_WP\/que-es-la-cache-y-como-mejora-el-rendimiento-web\/\">\u00bfQu\u00e9 es la cach\u00e9 y c\u00f3mo mejora el rendimiento web?<\/a><\/p><\/blockquote>\n<p><iframe class=\"wp-embedded-content\" sandbox=\"allow-scripts\" security=\"restricted\" style=\"position: absolute; clip: rect(1px, 1px, 1px, 1px);\" title=\"&#8220;\u00bfQu\u00e9 es la cach\u00e9 y c\u00f3mo mejora el rendimiento web?&#8221; &#8212; Sitio IPV\" src=\"https:\/\/padrevasquez.com.ar\/inicio_WP\/que-es-la-cache-y-como-mejora-el-rendimiento-web\/embed\/#?secret=paKindepln#?secret=NFgnU9JPTW\" data-secret=\"NFgnU9JPTW\" width=\"600\" height=\"338\" frameborder=\"0\" marginwidth=\"0\" marginheight=\"0\" scrolling=\"no\"><\/iframe><\/p>\n<p>Entonces, borrar la cach\u00e9 y las cookies de una pc, tiene por lo menos seis ventajas:<\/p>\n<ol>\n<li><strong><em>Mejorar el rendimiento<\/em>:<\/strong> La cach\u00e9, aunque \u00fatil para la carga r\u00e1pida de p\u00e1ginas, puede volverse obsoleta y ocupar mucho espacio en el disco duro. Al borrarla, se libera espacio y se mejora la velocidad de navegaci\u00f3n.<\/li>\n<li><strong><em>Mantener la privacidad<\/em><\/strong>: Las cookies almacenan datos personales sobre la navegaci\u00f3n, como preferencias, sesiones y datos de inicio de sesi\u00f3n. Borrarlas ayuda a proteger la privacidad al eliminar estos datos.<\/li>\n<li><em><strong>Solucionar algunos problemas:<\/strong><\/em> Las cookies caducadas o corruptas pueden causar errores de carga o formato en las p\u00e1ginas de la internet. Borrar las cookies y la cach\u00e9 puede solucionar estos problemas.<\/li>\n<li><em><strong>Liberar espacio de almacenamiento:<\/strong><\/em> La cach\u00e9 ocupa espacio en el disco duro. Borrarla libera espacio, lo que puede mejorar el rendimiento general del sistema.<\/li>\n<li><em><strong>Restablecer ajustes:<\/strong><\/em> Borrar la cach\u00e9 y las cookies puede restablecer algunos ajustes de configuraci\u00f3n de los sitios de la internet, como la sesi\u00f3n iniciada, por lo que es posible que se necesite volver a iniciar sesi\u00f3n.<\/li>\n<li><em><strong>Aumentar la seguridad:<\/strong><\/em> Al eliminar las cookies y la cach\u00e9, se evita que los sitios de la internet rastreen y recopilen informaci\u00f3n sobre tus h\u00e1bitos de navegaci\u00f3n, protegiendo as\u00ed tu privacidad y seguridad online.<\/li>\n<\/ol>\n<h2>\u00bfC\u00f3mo se borran la cach\u00e9 y las cookies de una computadora personal?<\/h2>\n<p>Existen <a href=\"https:\/\/padrevasquez.com.ar\/inicio_WP\/otros-metodos-para-borrar-las-cookies-y-la-cache\/\">muchos y buenos programas<\/a> para borrar las cookies y la cach\u00e9 de los navegadores, pero es preferible emplear las herramientas y m\u00e9todos de propios de cada navegador.<\/p>\n<p>Cada navegador de internet tiene un procedimiento propio para borrar las cookies y la cach\u00e9.<br \/>\nA continuaci\u00f3n se indican, por medio de unos videos cortos, los procedimientos de los principales navegadores: Google Chrome, Microsoft Edge, Mozilla Firefox y Opera. Quien disponga de alg\u00fan otro navegador, podr\u00e1 consultar directamente en la p\u00e1gina de desarrollo y descarga del mismo.<\/p>\n<h2>\u00bfY que pasa en los dispositivos con Android?<\/h2>\n<p>Los tel\u00e9fonos o t\u00e1blets con Android son dispositivos que tambi\u00e9n sufren los inconvenientes de las cookies y la p\u00e9rdida de rendimiento por archivos en la cach\u00e9.<\/p>\n<p>Para ver el video de las instrucciones, haga clic sobre la imagen del navegador que corresponda:<\/p>\n<table border=\"0\" width=\"100%\" cellspacing=\"0\" cellpadding=\"0\">\n<tbody>\n<tr>\n<td colspan=\"2\">\n<h2 align=\"center\">Navegadores para PC<\/h2>\n<\/td>\n<\/tr>\n<tr>\n<td width=\"50%\">\n<div align=\"center\">Google Chrome<\/div>\n<\/td>\n<td width=\"50%\">\n<div align=\"center\">Microsoft Edge<\/div>\n<\/td>\n<\/tr>\n<tr>\n<td width=\"50%\">\n<div align=\"center\"><a href=\"https:\/\/youtu.be\/AVnoPJmPXrg\" target=\"_blank\" rel=\"noopener\"><img loading=\"lazy\" class=\"aligncenter wp-image-1500 size-thumbnail\" src=\"https:\/\/padrevasquez.com.ar\/inicio_WP\/wp-content\/uploads\/2025\/06\/Chrome-150x150.png\" alt=\"\" width=\"150\" height=\"150\" srcset=\"https:\/\/padrevasquez.com.ar\/inicio_WP\/wp-content\/uploads\/2025\/06\/Chrome-150x150.png 150w, https:\/\/padrevasquez.com.ar\/inicio_WP\/wp-content\/uploads\/2025\/06\/Chrome-300x300.png 300w, https:\/\/padrevasquez.com.ar\/inicio_WP\/wp-content\/uploads\/2025\/06\/Chrome.png 330w\" sizes=\"(max-width: 150px) 100vw, 150px\" \/><\/a><\/div>\n<\/td>\n<td width=\"50%\">\n<div align=\"center\"><a href=\"https:\/\/youtu.be\/FHNFB7xYdaA\" target=\"_blank\" rel=\"noopener\"><img loading=\"lazy\" class=\"aligncenter wp-image-1502 size-thumbnail\" src=\"https:\/\/padrevasquez.com.ar\/inicio_WP\/wp-content\/uploads\/2025\/06\/edge-150x150.png\" alt=\"\" width=\"150\" height=\"150\" srcset=\"https:\/\/padrevasquez.com.ar\/inicio_WP\/wp-content\/uploads\/2025\/06\/edge-150x150.png 150w, https:\/\/padrevasquez.com.ar\/inicio_WP\/wp-content\/uploads\/2025\/06\/edge-300x300.png 300w, https:\/\/padrevasquez.com.ar\/inicio_WP\/wp-content\/uploads\/2025\/06\/edge.png 330w\" sizes=\"(max-width: 150px) 100vw, 150px\" \/><\/a><\/div>\n<\/td>\n<\/tr>\n<tr>\n<td width=\"50%\">\n<div align=\"center\">Mozilla Firefox<\/div>\n<\/td>\n<td width=\"50%\">\n<div align=\"center\">Opera<\/div>\n<\/td>\n<\/tr>\n<tr>\n<td width=\"50%\">\n<div align=\"center\"><a href=\"https:\/\/youtu.be\/5Svy6Jdka_Y\" target=\"_blank\" rel=\"noopener\"><img loading=\"lazy\" class=\"aligncenter wp-image-1504 size-thumbnail\" src=\"https:\/\/padrevasquez.com.ar\/inicio_WP\/wp-content\/uploads\/2025\/06\/firefox-150x150.png\" alt=\"\" width=\"150\" height=\"150\" \/><\/a><\/div>\n<\/td>\n<td width=\"50%\">\n<div align=\"center\"><a href=\"https:\/\/youtu.be\/xDL3cALWwPw\" target=\"_blank\" rel=\"noopener\"><img loading=\"lazy\" class=\"aligncenter wp-image-1505 size-thumbnail\" src=\"https:\/\/padrevasquez.com.ar\/inicio_WP\/wp-content\/uploads\/2025\/06\/opera-150x150.png\" alt=\"\" width=\"150\" height=\"150\" srcset=\"https:\/\/padrevasquez.com.ar\/inicio_WP\/wp-content\/uploads\/2025\/06\/opera-150x150.png 150w, https:\/\/padrevasquez.com.ar\/inicio_WP\/wp-content\/uploads\/2025\/06\/opera-300x300.png 300w, https:\/\/padrevasquez.com.ar\/inicio_WP\/wp-content\/uploads\/2025\/06\/opera.png 330w\" sizes=\"(max-width: 150px) 100vw, 150px\" \/><\/a><\/div>\n<\/td>\n<\/tr>\n<tr>\n<td colspan=\"2\">\n<h2 align=\"center\">Dispositivos con Android<\/h2>\n<\/td>\n<\/tr>\n<tr>\n<td width=\"50%\">\n<div align=\"center\">Chrome en mi Android<\/div>\n<\/td>\n<td width=\"50%\">\n<div align=\"center\">Firefox en mi Android<\/div>\n<\/td>\n<\/tr>\n<tr>\n<td width=\"50%\">\n<div align=\"center\"><a href=\"https:\/\/youtu.be\/h5MZQQajmZQ\" target=\"_blank\" rel=\"noopener\"><img loading=\"lazy\" class=\"aligncenter wp-image-1501 size-thumbnail\" src=\"https:\/\/padrevasquez.com.ar\/inicio_WP\/wp-content\/uploads\/2025\/06\/ChromeAndroid-150x150.png\" alt=\"\" width=\"150\" height=\"150\" srcset=\"https:\/\/padrevasquez.com.ar\/inicio_WP\/wp-content\/uploads\/2025\/06\/ChromeAndroid-150x150.png 150w, https:\/\/padrevasquez.com.ar\/inicio_WP\/wp-content\/uploads\/2025\/06\/ChromeAndroid-300x300.png 300w, https:\/\/padrevasquez.com.ar\/inicio_WP\/wp-content\/uploads\/2025\/06\/ChromeAndroid.png 330w\" sizes=\"(max-width: 150px) 100vw, 150px\" \/><\/a><\/div>\n<\/td>\n<td width=\"50%\">\n<div align=\"center\"><a href=\"https:\/\/youtu.be\/P84UdBAs4wE\" target=\"_blank\" rel=\"noopener\"><img loading=\"lazy\" class=\"aligncenter wp-image-1503\" src=\"https:\/\/padrevasquez.com.ar\/inicio_WP\/wp-content\/uploads\/2025\/06\/firefox-android.png\" alt=\"\" width=\"145\" height=\"150\" \/><\/a><\/div>\n<\/td>\n<\/tr>\n<\/tbody>\n<\/table>\n<p>&nbsp;<\/p>\n<div class=\"pdfprnt-buttons pdfprnt-buttons-page pdfprnt-bottom-right\"><a href=\"https:\/\/padrevasquez.com.ar\/inicio_WP\/wp-json\/wp\/v2\/pages\/1494?print=pdf\" class=\"pdfprnt-button pdfprnt-button-pdf\" target=\"_blank\"><img src=\"https:\/\/padrevasquez.com.ar\/inicio_WP\/wp-content\/plugins\/pdf-print\/images\/pdf.png\" alt=\"image_pdf\" title=\"View PDF\" \/><span class=\"pdfprnt-button-title pdfprnt-button-pdf-title\">Convertir a PDF<\/span><\/a><a href=\"https:\/\/padrevasquez.com.ar\/inicio_WP\/wp-json\/wp\/v2\/pages\/1494?print=print\" class=\"pdfprnt-button pdfprnt-button-print\" target=\"_blank\"><img src=\"https:\/\/padrevasquez.com.ar\/inicio_WP\/wp-content\/plugins\/pdf-print\/images\/print.png\" alt=\"image_print\" title=\"Print Content\" \/><span class=\"pdfprnt-button-title pdfprnt-button-print-title\">Imprimir<\/span><\/a><\/div>","protected":false},"excerpt":{"rendered":"<p>\u00bfPor qu\u00e9 se deber\u00eda borrar la cach\u00e9 y las cookies de una computadora personal? Borrar la cach\u00e9 y las cookies de una PC es importante para mejorar el rendimiento, proteger la privacidad y resolver problemas de navegaci\u00f3n. Al borrar la cach\u00e9, se eliminan los archivos temporales que el navegador almacena para acelerar la carga de p\u00e1ginas, liberando espacio y mejorando la velocidad. Las cookies, por otro lado, almacenan informaci\u00f3n sobre la navegaci\u00f3n, y borrarlas puede ayudar a solucionar problemas de <a href=\"https:\/\/padrevasquez.com.ar\/inicio_WP\/por-que-se-deberia-borrar-la-cache-y-las-cookies-de-una-computadora-personal\/\" class=\"more-link\"><span>. . .<\/span><\/a><\/p>\n","protected":false},"author":1,"featured_media":0,"parent":0,"menu_order":0,"comment_status":"closed","ping_status":"closed","template":"","meta":{"_themeisle_gutenberg_block_has_review":false},"_links":{"self":[{"href":"https:\/\/padrevasquez.com.ar\/inicio_WP\/wp-json\/wp\/v2\/pages\/1494"}],"collection":[{"href":"https:\/\/padrevasquez.com.ar\/inicio_WP\/wp-json\/wp\/v2\/pages"}],"about":[{"href":"https:\/\/padrevasquez.com.ar\/inicio_WP\/wp-json\/wp\/v2\/types\/page"}],"author":[{"embeddable":true,"href":"https:\/\/padrevasquez.com.ar\/inicio_WP\/wp-json\/wp\/v2\/users\/1"}],"replies":[{"embeddable":true,"href":"https:\/\/padrevasquez.com.ar\/inicio_WP\/wp-json\/wp\/v2\/comments?post=1494"}],"version-history":[{"count":14,"href":"https:\/\/padrevasquez.com.ar\/inicio_WP\/wp-json\/wp\/v2\/pages\/1494\/revisions"}],"predecessor-version":[{"id":1516,"href":"https:\/\/padrevasquez.com.ar\/inicio_WP\/wp-json\/wp\/v2\/pages\/1494\/revisions\/1516"}],"wp:attachment":[{"href":"https:\/\/padrevasquez.com.ar\/inicio_WP\/wp-json\/wp\/v2\/media?parent=1494"}],"curies":[{"name":"wp","href":"https:\/\/api.w.org\/{rel}","templated":true}]}}