{"id":1512,"date":"2025-06-07T23:37:18","date_gmt":"2025-06-08T02:37:18","guid":{"rendered":"https:\/\/padrevasquez.com.ar\/inicio_WP\/?page_id=1512"},"modified":"2025-06-07T23:42:08","modified_gmt":"2025-06-08T02:42:08","slug":"otros-metodos-para-borrar-las-cookies-y-la-cache","status":"publish","type":"page","link":"https:\/\/padrevasquez.com.ar\/inicio_WP\/otros-metodos-para-borrar-las-cookies-y-la-cache\/","title":{"rendered":"Otros m\u00e9todos para borrar las cookies y la cach\u00e9"},"content":{"rendered":"<h2>Otros m\u00e9todos para borrar las cookies y la cach\u00e9 de los navegadores.<\/h2>\n<p>Para quienes tengan instalados m\u00e1s de un navegador, es posible emplear software para realizar la limpieza de cookies y cach\u00e9s en una sola operaci\u00f3n.<\/p>\n<p>Si bien existen muchos y muy buenos programas (software) para realizar estas operaciones de limpieza, s\u00f3lo se analizan dos: BleachBit y Wise Care 365.<\/p>\n<h2>Empleo de BleachBit.<\/h2>\n<p><em><strong>BleachBit<\/strong> <\/em>es una aplicaci\u00f3n o programa gratuito, de c\u00f3digo abierto y multiplataforma, disponible para Windows y Linux, que permite a los usuarios liberar espacio en el disco duro y mejorar el rendimiento de computadoras eliminando archivos temporales, cach\u00e9s de aplicaciones, registros de navegaci\u00f3n, cookies y otros archivos residuales.<\/p>\n<p>Descargue e instale BleachBit, s\u00f3lo si a\u00fan no lo tiene instalado. Atento, descargue e instale BleachBit para tu sistema operativo.<br \/>\nUna vez instalado BleachBit, abra el programa, seleccione la opci\u00f3n &#8220;Limpiar navegador&#8221;, en la interfaz de BleachBit.<br \/>\nElija el o los navegadores para los cuales desea realizar la operaci\u00f3n de limpieza, y luego, seleccione las opciones de limpieza que deseas realizar, como &#8220;Historial de navegaci\u00f3n&#8221;, &#8220;Cookies&#8221;, &#8220;Cach\u00e9&#8221;, &#8220;Datos de formulario&#8221;, &#8220;Otros datos del navegador&#8221;, como &#8220;datos de sesi\u00f3n y plugin&#8221;.<br \/>\nPuede que el software pregunte si desea borrar las contrase\u00f1as. Si se borran, habr\u00e1 que reiniciar los correos electr\u00f3nicos y las sesiones en diferentes programas, como Facebook, Instagram, etc.<br \/>\nUna vez seleccionadas las opciones, haga clic en el bot\u00f3n &#8220;Limpiar&#8221; para iniciar el proceso de limpieza. BleachBit le solicitar\u00e1 confirmaci\u00f3n antes de borrar los datos. Aseg\u00farese de revisar las opciones seleccionadas y, si todo est\u00e1 correcto, haga clic en &#8220;Aceptar&#8221; para borrar los datos.<\/p>\n<h3>Consideraciones adicionales:<\/h3>\n<p>BleachBit borra los archivos de forma segura, evitando que puedan ser recuperados, y tambi\u00e9n ofrece otras opciones de limpieza, como la eliminaci\u00f3n de archivos temporales, registros y basura del sistema.<br \/>\nTambi\u00e9n ayuda a proteger la privacidad al eliminar los rastros de navegaci\u00f3n y pueden ajustarse las opciones para personalizar la limpieza seg\u00fan sus necesidades espec\u00edficas.<\/p>\n<h2>Empleo de BleachBit Wise Care 365(R).<\/h2>\n<p><em><strong>Wise Care 365<\/strong><\/em> es un programa propietario (de pago) para mantenimiento de computadoras, pero dispone de una versi\u00f3n gratis con algunas restricciones. Lo interesante es que posee interesantes herramientas que ayudan a mantener a los equipo siempre en buenas condiciones.<br \/>\nDescargue e instale &#8220;Wise Care 365&#8221;, s\u00f3lo si a\u00fan no lo tiene instalado. Atento, hay una versi\u00f3n gratis que tiene algunas funcionalidades restringidas, pero es suficiente para usuarios normales.<br \/>\nPara limpiar la cach\u00e9 y las cookies utilizando &#8220;Wise Care 365&#8221;, puede utilizar la funcionalidad de revisi\u00f3n personalizada, dentro de la configuraci\u00f3n. Abra el programa &#8220;Wise Care 365&#8221; y vaya hasta la secci\u00f3n de configuraci\u00f3n.<br \/>\nEsta herramienta le permite seleccionar qu\u00e9 elementos desea limpiar, incluyendo el cach\u00e9 y las cookies de los navegadores. Marque os elementos no deseados, buscando los elementos relacionados con la cach\u00e9 y las cookies de los navegadores instalados, por ejemplo Chrome, Firefox, Edge, y aseg\u00farese que est\u00e9n marcados para ser eliminados.<br \/>\nUna vez que haya seleccionado los elementos a limpiar, ejecuta la herramienta de limpieza de &#8220;Wise Care 365&#8221; para eliminar los archivos no deseados.<br \/>\nEs conveniento cerrar todos los navegadores antes de iniciar la limpieza, para evitar posibles conflictos o problemas con &#8220;Wise Care 365&#8221;.<br \/>\nConsidere el uso de la funci\u00f3n de &#8220;modo seguro&#8221;, si tienes problemas para cerrar los navegadores o si &#8220;Wise Care 365&#8221; no puede limpiar los archivos en modo normal.<\/p>\n<div class=\"pdfprnt-buttons pdfprnt-buttons-page pdfprnt-bottom-right\"><a href=\"https:\/\/padrevasquez.com.ar\/inicio_WP\/wp-json\/wp\/v2\/pages\/1512?print=pdf\" class=\"pdfprnt-button pdfprnt-button-pdf\" target=\"_blank\"><img src=\"https:\/\/padrevasquez.com.ar\/inicio_WP\/wp-content\/plugins\/pdf-print\/images\/pdf.png\" alt=\"image_pdf\" title=\"View PDF\" \/><span class=\"pdfprnt-button-title pdfprnt-button-pdf-title\">Convertir a PDF<\/span><\/a><a href=\"https:\/\/padrevasquez.com.ar\/inicio_WP\/wp-json\/wp\/v2\/pages\/1512?print=print\" class=\"pdfprnt-button pdfprnt-button-print\" target=\"_blank\"><img src=\"https:\/\/padrevasquez.com.ar\/inicio_WP\/wp-content\/plugins\/pdf-print\/images\/print.png\" alt=\"image_print\" title=\"Print Content\" \/><span class=\"pdfprnt-button-title pdfprnt-button-print-title\">Imprimir<\/span><\/a><\/div>","protected":false},"excerpt":{"rendered":"<p>Otros m\u00e9todos para borrar las cookies y la cach\u00e9 de los navegadores. Para quienes tengan instalados m\u00e1s de un navegador, es posible emplear software para realizar la limpieza de cookies y cach\u00e9s en una sola operaci\u00f3n. Si bien existen muchos y muy buenos programas (software) para realizar estas operaciones de limpieza, s\u00f3lo se analizan dos: BleachBit y Wise Care 365. Empleo de BleachBit. BleachBit es una aplicaci\u00f3n o programa gratuito, de c\u00f3digo abierto y multiplataforma, disponible para Windows y Linux, <a href=\"https:\/\/padrevasquez.com.ar\/inicio_WP\/otros-metodos-para-borrar-las-cookies-y-la-cache\/\" class=\"more-link\"><span>. . .<\/span><\/a><\/p>\n","protected":false},"author":1,"featured_media":0,"parent":0,"menu_order":0,"comment_status":"closed","ping_status":"closed","template":"","meta":{"_themeisle_gutenberg_block_has_review":false},"_links":{"self":[{"href":"https:\/\/padrevasquez.com.ar\/inicio_WP\/wp-json\/wp\/v2\/pages\/1512"}],"collection":[{"href":"https:\/\/padrevasquez.com.ar\/inicio_WP\/wp-json\/wp\/v2\/pages"}],"about":[{"href":"https:\/\/padrevasquez.com.ar\/inicio_WP\/wp-json\/wp\/v2\/types\/page"}],"author":[{"embeddable":true,"href":"https:\/\/padrevasquez.com.ar\/inicio_WP\/wp-json\/wp\/v2\/users\/1"}],"replies":[{"embeddable":true,"href":"https:\/\/padrevasquez.com.ar\/inicio_WP\/wp-json\/wp\/v2\/comments?post=1512"}],"version-history":[{"count":1,"href":"https:\/\/padrevasquez.com.ar\/inicio_WP\/wp-json\/wp\/v2\/pages\/1512\/revisions"}],"predecessor-version":[{"id":1513,"href":"https:\/\/padrevasquez.com.ar\/inicio_WP\/wp-json\/wp\/v2\/pages\/1512\/revisions\/1513"}],"wp:attachment":[{"href":"https:\/\/padrevasquez.com.ar\/inicio_WP\/wp-json\/wp\/v2\/media?parent=1512"}],"curies":[{"name":"wp","href":"https:\/\/api.w.org\/{rel}","templated":true}]}}