{"id":197,"date":"2017-09-21T21:05:19","date_gmt":"2017-09-22T00:05:19","guid":{"rendered":"http:\/\/padrevasquez.com.ar\/inicio_WP\/?page_id=197"},"modified":"2020-04-11T16:36:16","modified_gmt":"2020-04-11T19:36:16","slug":"descargas-de-primaria","status":"publish","type":"page","link":"https:\/\/padrevasquez.com.ar\/inicio_WP\/descargas-de-primaria\/","title":{"rendered":"Descargas de Primaria"},"content":{"rendered":"<h1 style=\"text-align: center;\">Descargas de Nivel Primario<\/h1>\n<table border=\"0\" width=\"100%\">\n<tbody>\n<tr>\n<td> Escuela y comunidad<\/td>\n<td style=\"text-align: center;\"> <a href=\"https:\/\/padrevasquez.com.ar\/inicio_WP\/?ddownload=260\" title=\"Descarga\" rel=\"nofollow\" class=\"ddownload-button button-blue id-260 ext-pdf\">Descarga<\/a><\/td>\n<\/tr>\n<tr>\n<td> Primera Comuni\u00f3n: Cuadernillo para la formaci\u00f3n de Padres<\/td>\n<td style=\"text-align: center;\"> <a href=\"https:\/\/padrevasquez.com.ar\/inicio_WP\/?ddownload=261\" title=\"Descarga\" rel=\"nofollow\" class=\"ddownload-button button-blue id-261 ext-pdf\">Descarga<\/a><\/td>\n<\/tr>\n<tr>\n<td> Im\u00e1genes cristianas<\/td>\n<td style=\"text-align: center;\"> <a href=\"https:\/\/padrevasquez.com.ar\/inicio_WP\/?ddownload=263\" title=\"Descarga\" rel=\"nofollow\" class=\"ddownload-button button-blue id-263 ext-zip\">Descarga<\/a><\/td>\n<\/tr>\n<tr>\n<td style=\"text-align: left;\">Actividades de Educaci\u00f3n Ambiental para escuelas primarias<\/td>\n<td style=\"text-align: center;\"> <a href=\"https:\/\/padrevasquez.com.ar\/inicio_WP\/?ddownload=591\" title=\"Descarga\" rel=\"nofollow\" class=\"ddownload-button button-blue id-591 ext-pdf\">Descarga<\/a><\/td>\n<\/tr>\n<tr>\n<td style=\"text-align: left;\">Cuadernillo de actividades de lengua<\/td>\n<td style=\"text-align: center;\"> <a href=\"https:\/\/padrevasquez.com.ar\/inicio_WP\/?ddownload=592\" title=\"Descarga\" rel=\"nofollow\" class=\"ddownload-button button-blue id-592 ext-pdf\">Descarga<\/a><\/td>\n<\/tr>\n<tr>\n<td style=\"text-align: left;\">Diagn\u00f3stico de lengua<\/td>\n<td style=\"text-align: center;\"><a href=\"https:\/\/padrevasquez.com.ar\/inicio_WP\/?ddownload=593\" title=\"Descarga\" rel=\"nofollow\" class=\"ddownload-button button-blue id-593 ext-pdf\">Descarga<\/a><\/td>\n<\/tr>\n<tr>\n<td style=\"text-align: left;\">Educacion vial. Cuadernillo de actividades. Primer Ciclo del Nivel Primario<\/td>\n<td style=\"text-align: center;\"><a href=\"https:\/\/padrevasquez.com.ar\/inicio_WP\/?ddownload=594\" title=\"Descarga\" rel=\"nofollow\" class=\"ddownload-button button-blue id-594 ext-pdf\">Descarga<\/a><\/td>\n<\/tr>\n<tr>\n<td style=\"text-align: left;\">Educacion vial. Propuestas para la ense\u00f1anza. Segundo Ciclo del Nivel Primario<\/td>\n<td style=\"text-align: center;\"><a href=\"https:\/\/padrevasquez.com.ar\/inicio_WP\/?ddownload=595\" title=\"Descarga\" rel=\"nofollow\" class=\"ddownload-button button-blue id-595 ext-pdf\">Descarga<\/a><\/td>\n<\/tr>\n<tr>\n<td style=\"text-align: left;\">Ejercicios de alfabetizaci\u00f3n<\/td>\n<td style=\"text-align: center;\"> <a href=\"https:\/\/padrevasquez.com.ar\/inicio_WP\/?ddownload=596\" title=\"Descarga\" rel=\"nofollow\" class=\"ddownload-button button-blue id-596 ext-pdf\">Descarga<\/a><\/td>\n<\/tr>\n<tr>\n<td style=\"text-align: left;\">Ejercicios de lengua<\/td>\n<td style=\"text-align: center;\"><a href=\"https:\/\/padrevasquez.com.ar\/inicio_WP\/?ddownload=597\" title=\"Descarga\" rel=\"nofollow\" class=\"ddownload-button button-blue id-597 ext-pdf\">Descarga<\/a><\/td>\n<\/tr>\n<tr>\n<td style=\"text-align: left;\">Ense\u00f1ar Lengua en el segundo ciclo<\/td>\n<td style=\"text-align: center;\"> <a href=\"https:\/\/padrevasquez.com.ar\/inicio_WP\/?ddownload=598\" title=\"Descarga\" rel=\"nofollow\" class=\"ddownload-button button-blue id-598 ext-pdf\">Descarga<\/a><\/td>\n<\/tr>\n<tr>\n<td style=\"text-align: left;\">Todos pueden apreder Matem\u00e1ticas: 3\u00b0<\/td>\n<td style=\"text-align: center;\"><a href=\"https:\/\/padrevasquez.com.ar\/inicio_WP\/?ddownload=599\" title=\"Descarga\" rel=\"nofollow\" class=\"ddownload-button button-blue id-599 ext-pdf\">Descarga<\/a><\/td>\n<\/tr>\n<tr>\n<td style=\"text-align: left;\">Matem\u00e1ticas. Material para docentes de cuarto grado (Bs. As.)<\/td>\n<td style=\"text-align: center;\"><a href=\"https:\/\/padrevasquez.com.ar\/inicio_WP\/?ddownload=600\" title=\"Descarga\" rel=\"nofollow\" class=\"ddownload-button button-blue id-600 ext-pdf\">Descarga<\/a><\/td>\n<\/tr>\n<tr>\n<td style=\"text-align: left;\">Matem\u00e1ticas. Material para docentes de quinto grado (Bs. As.)<\/td>\n<td style=\"text-align: center;\"><a href=\"https:\/\/padrevasquez.com.ar\/inicio_WP\/?ddownload=601\" title=\"Descarga\" rel=\"nofollow\" class=\"ddownload-button button-blue id-601 ext-pdf\">Descarga<\/a><\/td>\n<\/tr>\n<tr>\n<td style=\"text-align: left;\">Matem\u00e1ticas de 6\u00b0. Ejercicios de Familiarizaci\u00f3n<\/td>\n<td style=\"text-align: center;\"><a href=\"https:\/\/padrevasquez.com.ar\/inicio_WP\/?ddownload=602\" title=\"Descarga\" rel=\"nofollow\" class=\"ddownload-button button-blue id-602 ext-pdf\">Descarga<\/a><\/td>\n<\/tr>\n<tr>\n<td style=\"text-align: left;\">Matem\u00e1ticas. Material para docentes de sexto grado (Bs. As.)<\/td>\n<td style=\"text-align: center;\"> <a href=\"https:\/\/padrevasquez.com.ar\/inicio_WP\/?ddownload=603\" title=\"Descarga\" rel=\"nofollow\" class=\"ddownload-button button-blue id-603 ext-pdf\">Descarga<\/a><\/td>\n<\/tr>\n<tr>\n<td style=\"text-align: left;\">Matem\u00e1ticas para el segundo ciclo<\/td>\n<td style=\"text-align: center;\"> <a href=\"https:\/\/padrevasquez.com.ar\/inicio_WP\/?ddownload=604\" title=\"Descarga\" rel=\"nofollow\" class=\"ddownload-button button-blue id-604 ext-pdf\">Descarga<\/a><\/td>\n<\/tr>\n<tr>\n<td style=\"text-align: left;\">Pr\u00e1cticas docentes para el desarrollo de la comprensi\u00f3n lectora en primaria<\/td>\n<td style=\"text-align: center;\"> <a href=\"https:\/\/padrevasquez.com.ar\/inicio_WP\/?ddownload=605\" title=\"Descarga\" rel=\"nofollow\" class=\"ddownload-button button-blue id-605 ext-pdf\">Descarga<\/a><\/td>\n<\/tr>\n<tr>\n<td style=\"text-align: center;\">&#8230;<\/td>\n<td style=\"text-align: center;\">&#8230;<\/td>\n<\/tr>\n<\/tbody>\n<\/table>\n<p>&nbsp;<\/p>\n<div class=\"pdfprnt-buttons pdfprnt-buttons-page pdfprnt-bottom-right\"><a href=\"https:\/\/padrevasquez.com.ar\/inicio_WP\/wp-json\/wp\/v2\/pages\/197?print=pdf\" class=\"pdfprnt-button pdfprnt-button-pdf\" target=\"_blank\"><img src=\"https:\/\/padrevasquez.com.ar\/inicio_WP\/wp-content\/plugins\/pdf-print\/images\/pdf.png\" alt=\"image_pdf\" title=\"View PDF\" \/><span class=\"pdfprnt-button-title pdfprnt-button-pdf-title\">Convertir a PDF<\/span><\/a><a href=\"https:\/\/padrevasquez.com.ar\/inicio_WP\/wp-json\/wp\/v2\/pages\/197?print=print\" class=\"pdfprnt-button pdfprnt-button-print\" target=\"_blank\"><img src=\"https:\/\/padrevasquez.com.ar\/inicio_WP\/wp-content\/plugins\/pdf-print\/images\/print.png\" alt=\"image_print\" title=\"Print Content\" \/><span class=\"pdfprnt-button-title pdfprnt-button-print-title\">Imprimir<\/span><\/a><\/div>","protected":false},"excerpt":{"rendered":"<p>Descargas de Nivel Primario Escuela y comunidad Primera Comuni\u00f3n: Cuadernillo para la formaci\u00f3n de Padres Im\u00e1genes cristianas Actividades de Educaci\u00f3n Ambiental para escuelas primarias Cuadernillo de actividades de lengua Diagn\u00f3stico de lengua Educacion vial. Cuadernillo de actividades. Primer Ciclo del Nivel Primario Educacion vial. Propuestas para la ense\u00f1anza. Segundo Ciclo del Nivel Primario Ejercicios de alfabetizaci\u00f3n Ejercicios de lengua Ense\u00f1ar Lengua en el segundo ciclo Todos pueden apreder Matem\u00e1ticas: 3\u00b0 Matem\u00e1ticas. Material para docentes de cuarto grado (Bs. As.) Matem\u00e1ticas. <a href=\"https:\/\/padrevasquez.com.ar\/inicio_WP\/descargas-de-primaria\/\" class=\"more-link\"><span>. . .<\/span><\/a><\/p>\n","protected":false},"author":1,"featured_media":0,"parent":0,"menu_order":0,"comment_status":"closed","ping_status":"closed","template":"template-full-width.php","meta":{"_themeisle_gutenberg_block_has_review":false},"_links":{"self":[{"href":"https:\/\/padrevasquez.com.ar\/inicio_WP\/wp-json\/wp\/v2\/pages\/197"}],"collection":[{"href":"https:\/\/padrevasquez.com.ar\/inicio_WP\/wp-json\/wp\/v2\/pages"}],"about":[{"href":"https:\/\/padrevasquez.com.ar\/inicio_WP\/wp-json\/wp\/v2\/types\/page"}],"author":[{"embeddable":true,"href":"https:\/\/padrevasquez.com.ar\/inicio_WP\/wp-json\/wp\/v2\/users\/1"}],"replies":[{"embeddable":true,"href":"https:\/\/padrevasquez.com.ar\/inicio_WP\/wp-json\/wp\/v2\/comments?post=197"}],"version-history":[{"count":12,"href":"https:\/\/padrevasquez.com.ar\/inicio_WP\/wp-json\/wp\/v2\/pages\/197\/revisions"}],"predecessor-version":[{"id":608,"href":"https:\/\/padrevasquez.com.ar\/inicio_WP\/wp-json\/wp\/v2\/pages\/197\/revisions\/608"}],"wp:attachment":[{"href":"https:\/\/padrevasquez.com.ar\/inicio_WP\/wp-json\/wp\/v2\/media?parent=197"}],"curies":[{"name":"wp","href":"https:\/\/api.w.org\/{rel}","templated":true}]}}