{"id":209,"date":"2017-09-21T21:23:40","date_gmt":"2017-09-22T00:23:40","guid":{"rendered":"http:\/\/padrevasquez.com.ar\/inicio_WP\/?page_id=209"},"modified":"2020-11-11T09:34:54","modified_gmt":"2020-11-11T12:34:54","slug":"descargas","status":"publish","type":"page","link":"https:\/\/padrevasquez.com.ar\/inicio_WP\/descargas\/","title":{"rendered":"Descargas"},"content":{"rendered":"<h1 style=\"text-align: center;\">Espacio de descargas<\/h1>\n<p>En lo que sigue, cuando se de diga &#8220;La Instituci\u00f3n&#8221;, se debe entender al &#8220;Colegio e Instituto Privado Padre V\u00e1squez&#8221;, sea en el Nivel Inicial, Nivel Primario y\/o Nivel Secundario, seg\u00fan corresponda. La Orden de la Merced es la propietaria legal de La Instituci\u00f3n.<\/p>\n<p>Est\u00e1 accediendo al contenido p\u00fablico del \u00c1rea de Descargas de LA INSTITUCI\u00d3N.<br \/>\nEl \u00e1rea de descarga ha sido dividida en categor\u00edas principales, que contienen a subcategor\u00edas espec\u00edficas:<\/p>\n<blockquote>\n<ul>\n<li>Descargas Generales: para toda la comunidad educativa<\/li>\n<li>Descargas de Inicial: especialmente dirigidas a Padres, Madres y\/o Tutores de estudiantes del nivel inicial<\/li>\n<li>Descargas de Primaria: especialmente dirigidas a Padres, Madres, Tutores y\/o Estudiantes del nivel primario<\/li>\n<li>Descargas de Secundaria: especialmente dirigidas a Padres, Madres, Tutores y\/o Estudiantes del nivel secundario<\/li>\n<li>Descargas de Inform\u00e1tica: para toda la comunidad educativa<\/li>\n<li>Descargas de Pastoral: para toda la comunidad educativa<\/li>\n<\/ul>\n<\/blockquote>\n<p>Esperamos sus comentarios para mejorar el material de este espacio.<\/p>\n<p>Las consultas realizadas por medio del formulario de comentarios ser\u00e1n ignoradas. Por favor, emplee el <a href=\"https:\/\/padrevasquez.com.ar\/inicio_WP\/contacto\/\">formulario de contacto<\/a> para realizar consultas, porque puede dirigir mejor su consulta. Gracias.<\/p>\n<div class=\"pdfprnt-buttons pdfprnt-buttons-page pdfprnt-bottom-right\"><a href=\"https:\/\/padrevasquez.com.ar\/inicio_WP\/wp-json\/wp\/v2\/pages\/209?print=pdf\" class=\"pdfprnt-button pdfprnt-button-pdf\" target=\"_blank\"><img src=\"https:\/\/padrevasquez.com.ar\/inicio_WP\/wp-content\/plugins\/pdf-print\/images\/pdf.png\" alt=\"image_pdf\" title=\"View PDF\" \/><span class=\"pdfprnt-button-title pdfprnt-button-pdf-title\">Convertir a PDF<\/span><\/a><a href=\"https:\/\/padrevasquez.com.ar\/inicio_WP\/wp-json\/wp\/v2\/pages\/209?print=print\" class=\"pdfprnt-button pdfprnt-button-print\" target=\"_blank\"><img src=\"https:\/\/padrevasquez.com.ar\/inicio_WP\/wp-content\/plugins\/pdf-print\/images\/print.png\" alt=\"image_print\" title=\"Print Content\" \/><span class=\"pdfprnt-button-title pdfprnt-button-print-title\">Imprimir<\/span><\/a><\/div>","protected":false},"excerpt":{"rendered":"<p>Espacio de descargas En lo que sigue, cuando se de diga &#8220;La Instituci\u00f3n&#8221;, se debe entender al &#8220;Colegio e Instituto Privado Padre V\u00e1squez&#8221;, sea en el Nivel Inicial, Nivel Primario y\/o Nivel Secundario, seg\u00fan corresponda. La Orden de la Merced es la propietaria legal de La Instituci\u00f3n. Est\u00e1 accediendo al contenido p\u00fablico del \u00c1rea de Descargas de LA INSTITUCI\u00d3N. El \u00e1rea de descarga ha sido dividida en categor\u00edas principales, que contienen a subcategor\u00edas espec\u00edficas: Descargas Generales: para toda la comunidad <a href=\"https:\/\/padrevasquez.com.ar\/inicio_WP\/descargas\/\" class=\"more-link\"><span>. . .<\/span><\/a><\/p>\n","protected":false},"author":1,"featured_media":0,"parent":0,"menu_order":0,"comment_status":"closed","ping_status":"closed","template":"","meta":{"_themeisle_gutenberg_block_has_review":false},"_links":{"self":[{"href":"https:\/\/padrevasquez.com.ar\/inicio_WP\/wp-json\/wp\/v2\/pages\/209"}],"collection":[{"href":"https:\/\/padrevasquez.com.ar\/inicio_WP\/wp-json\/wp\/v2\/pages"}],"about":[{"href":"https:\/\/padrevasquez.com.ar\/inicio_WP\/wp-json\/wp\/v2\/types\/page"}],"author":[{"embeddable":true,"href":"https:\/\/padrevasquez.com.ar\/inicio_WP\/wp-json\/wp\/v2\/users\/1"}],"replies":[{"embeddable":true,"href":"https:\/\/padrevasquez.com.ar\/inicio_WP\/wp-json\/wp\/v2\/comments?post=209"}],"version-history":[{"count":7,"href":"https:\/\/padrevasquez.com.ar\/inicio_WP\/wp-json\/wp\/v2\/pages\/209\/revisions"}],"predecessor-version":[{"id":1276,"href":"https:\/\/padrevasquez.com.ar\/inicio_WP\/wp-json\/wp\/v2\/pages\/209\/revisions\/1276"}],"wp:attachment":[{"href":"https:\/\/padrevasquez.com.ar\/inicio_WP\/wp-json\/wp\/v2\/media?parent=209"}],"curies":[{"name":"wp","href":"https:\/\/api.w.org\/{rel}","templated":true}]}}