{"id":282,"date":"2017-09-22T15:44:03","date_gmt":"2017-09-22T18:44:03","guid":{"rendered":"http:\/\/padrevasquez.com.ar\/inicio_WP\/?page_id=282"},"modified":"2020-11-11T09:55:25","modified_gmt":"2020-11-11T12:55:25","slug":"noticias","status":"publish","type":"page","link":"https:\/\/padrevasquez.com.ar\/inicio_WP\/noticias\/","title":{"rendered":"Noticias"},"content":{"rendered":"<h1 style=\"text-align: center;\">Noticias<\/h1>\n<h2>Estimadas Madres, Padres o Tutores<\/h2>\n<p>A continuaci\u00f3n les detallamos las opciones de pago vigentes:<\/p>\n<p>1- &#8220;<strong><span style=\"color: #ff0000;\">pagomiscuentas<\/span><\/strong>\u201d, para lo cual debe ingresar desde un hombanking de la red banelco (la cuenta puede ser de cualquier persona, no necesariamente de los padres) y desde ah\u00ed seguir los pasos que indica la plataforma. Nombre de la empresa \u201cCOLEGIO PADRE VASQUEZ\u201d y cuando le pide c\u00f3digo de cliente, es el n\u00famero de cinco cifras que est\u00e1 delante del nombre del alumno en todas las facturas. <span style=\"color: #0000ff;\"><strong>EL C\u00d3DIGO DE CLIENTE NO ES EL DNI DEL ALUMNO<\/strong><\/span>. Si no recuerda el c\u00f3digo de cliente puede emplear el <a href=\"https:\/\/www.padrevasquez.com.ar\/DatosPersonales\/\" target=\"_blank\" rel=\"noopener noreferrer\">siguiente enlace<\/a>.<\/p>\n<p>2- \u201c<strong><span style=\"color: #ff0000;\">mercado pago<\/span><\/strong>\u201d, para esto debe generar un boleto ingresando por <a href=\"http:\/\/www.padrevasquez.com.ar\/BoletoPago\">aqui<\/a> y cargar los datos: N\u00b0 de cliente (es el n\u00famero de cinco cifras que est\u00e1 delante del nombre del alumno en todas las facturas. <span style=\"color: #0000ff;\"><strong>EL C\u00d3DIGO DE CLIENTE NO ES EL DNI DEL ALUMNO<\/strong><\/span>. Si no recuerda el c\u00f3digo de cliente puede emplear el <a href=\"https:\/\/www.padrevasquez.com.ar\/DatosPersonales\/\" target=\"_blank\" rel=\"noopener noreferrer\">siguiente enlace<\/a>.), mes que desea abonar y nivel educativo al que concurre el alumno. Una vez que tenga el boleto en mano podr\u00e1 acceder a la aplicaci\u00f3n desde el celular y leer el c\u00f3digo de barras. En este caso POR FAVOR ANTES DE ABONAR CORROBORE BIEN LOS DATOS, esto es debido a que la calidad de la impresi\u00f3n puede alterar el c\u00f3digo de barra.<br \/>\nEste mismo boleto podr\u00e1 utilizar cuando est\u00e9n totalmente habilitados las sucursales de PAGO FACIL y RAPIPAGO.<\/p>\n<p>3-&#8220;<strong><span style=\"color: #ff0000;\">d\u00e9bito directo en cuenta<\/span><\/strong>&#8220;, para utilizar esta opci\u00f3n debe completar el archivo adjunto y devolver firmado (escaneado o por foto) junto a copia del documento y constancia de CBU emitida por el banco, al correo <a href=\"mailto:cobranzas@padrevasquez.com.ar\">cobranzas@padrevasquez.com.ar<\/a><\/p>\n<p>Cualquier duda puede comunicarse a <a href=\"mailto:cobranzas@padrevasquez.com.ar\">cobranzas@padrevasquez.com.ar<\/a> colocando en el asunto el nombre y n\u00famero del alumno.<\/p>\n<p>Las consultas realizadas por medio de los formulario de comentarios ser\u00e1n ignoradas. Por favor, emplee el <a href=\"https:\/\/padrevasquez.com.ar\/inicio_WP\/contacto\/\">formulario de contacto<\/a> para realizar consultas, porque puede dirigir mejor su consulta. Gracias.<\/p>\n<div class=\"pdfprnt-buttons pdfprnt-buttons-page pdfprnt-bottom-right\"><a href=\"https:\/\/padrevasquez.com.ar\/inicio_WP\/wp-json\/wp\/v2\/pages\/282?print=pdf\" class=\"pdfprnt-button pdfprnt-button-pdf\" target=\"_blank\"><img src=\"https:\/\/padrevasquez.com.ar\/inicio_WP\/wp-content\/plugins\/pdf-print\/images\/pdf.png\" alt=\"image_pdf\" title=\"View PDF\" \/><span class=\"pdfprnt-button-title pdfprnt-button-pdf-title\">Convertir a PDF<\/span><\/a><a href=\"https:\/\/padrevasquez.com.ar\/inicio_WP\/wp-json\/wp\/v2\/pages\/282?print=print\" class=\"pdfprnt-button pdfprnt-button-print\" target=\"_blank\"><img src=\"https:\/\/padrevasquez.com.ar\/inicio_WP\/wp-content\/plugins\/pdf-print\/images\/print.png\" alt=\"image_print\" title=\"Print Content\" \/><span class=\"pdfprnt-button-title pdfprnt-button-print-title\">Imprimir<\/span><\/a><\/div>","protected":false},"excerpt":{"rendered":"<p>Noticias Estimadas Madres, Padres o Tutores A continuaci\u00f3n les detallamos las opciones de pago vigentes: 1- &#8220;pagomiscuentas\u201d, para lo cual debe ingresar desde un hombanking de la red banelco (la cuenta puede ser de cualquier persona, no necesariamente de los padres) y desde ah\u00ed seguir los pasos que indica la plataforma. Nombre de la empresa \u201cCOLEGIO PADRE VASQUEZ\u201d y cuando le pide c\u00f3digo de cliente, es el n\u00famero de cinco cifras que est\u00e1 delante del nombre del alumno en todas <a href=\"https:\/\/padrevasquez.com.ar\/inicio_WP\/noticias\/\" class=\"more-link\"><span>. . .<\/span><\/a><\/p>\n","protected":false},"author":1,"featured_media":0,"parent":0,"menu_order":0,"comment_status":"closed","ping_status":"closed","template":"","meta":{"_themeisle_gutenberg_block_has_review":false},"_links":{"self":[{"href":"https:\/\/padrevasquez.com.ar\/inicio_WP\/wp-json\/wp\/v2\/pages\/282"}],"collection":[{"href":"https:\/\/padrevasquez.com.ar\/inicio_WP\/wp-json\/wp\/v2\/pages"}],"about":[{"href":"https:\/\/padrevasquez.com.ar\/inicio_WP\/wp-json\/wp\/v2\/types\/page"}],"author":[{"embeddable":true,"href":"https:\/\/padrevasquez.com.ar\/inicio_WP\/wp-json\/wp\/v2\/users\/1"}],"replies":[{"embeddable":true,"href":"https:\/\/padrevasquez.com.ar\/inicio_WP\/wp-json\/wp\/v2\/comments?post=282"}],"version-history":[{"count":7,"href":"https:\/\/padrevasquez.com.ar\/inicio_WP\/wp-json\/wp\/v2\/pages\/282\/revisions"}],"predecessor-version":[{"id":1286,"href":"https:\/\/padrevasquez.com.ar\/inicio_WP\/wp-json\/wp\/v2\/pages\/282\/revisions\/1286"}],"wp:attachment":[{"href":"https:\/\/padrevasquez.com.ar\/inicio_WP\/wp-json\/wp\/v2\/media?parent=282"}],"curies":[{"name":"wp","href":"https:\/\/api.w.org\/{rel}","templated":true}]}}