{"id":299,"date":"2017-09-22T18:26:41","date_gmt":"2017-09-22T21:26:41","guid":{"rendered":"http:\/\/padrevasquez.com.ar\/inicio_WP\/?page_id=299"},"modified":"2020-04-11T16:39:41","modified_gmt":"2020-04-11T19:39:41","slug":"perfil-institucional","status":"publish","type":"page","link":"https:\/\/padrevasquez.com.ar\/inicio_WP\/perfil-institucional\/","title":{"rendered":"Perfil institucional"},"content":{"rendered":"<h1 style=\"text-align: center;\">Perfil institucional<\/h1>\n<h2 style=\"text-align: center;\">Escudo<\/h2>\n<p><img loading=\"lazy\" class=\" alignleft\" src=\"http:\/\/padrevasquez.com.ar\/inicio_WP\/wp-content\/uploads\/2017\/09\/Merce.jpg\" alt=\"Escudo\" width=\"274\" height=\"274\" \/>Est\u00e1 formado por los dos metales m\u00e1s nobles de la her\u00e1ldica: la plata y el oro. Desde el punto de vista de la her\u00e1ldica, la plata simboliza la inocencia y la pureza, mientras que el oro representa la benignidad y la nobleza.<br \/>\nEl escudo comprende la corona real y dos piezas her\u00e1ldicas yuxtapuestas una sobre otra. Las barras de color rojo intenso (gules) representan el Amor y la Caridad de la Orden.<br \/>\nLa cruz de plata, antigua insignia de la Catedral de Barcelona, fue impuesta a los mercedarios el 10 de Agosto de 1218, d\u00eda de la Fundaci\u00f3n de la Orden<br \/>\nLa corona corresponde a los reyes de Arag\u00f3n, como lo fue Jaime I &#8220;El Conquistador&#8221;, quien estuvo junto a San Pedro Nolasco, que por la inspiraci\u00f3n de la Sant\u00edsima Virgen Mar\u00eda, fund\u00f3 la Orden de la Merced en su doble car\u00e1cter religioso-militar.<\/p>\n<p>&nbsp;<\/p>\n<h2 style=\"text-align: center;\">Detalle de los colores institucionales<\/h2>\n<h3><img loading=\"lazy\" class=\" alignleft\" src=\"http:\/\/padrevasquez.com.ar\/inicio_WP\/wp-content\/uploads\/2017\/09\/plata.png\" alt=\"Plata\" width=\"120\" height=\"120\" \/>Plata<\/h3>\n<p>El color plata se asocia la sensibilidad, la mente y a la femineidad de la Sant\u00edsima Virgen Mar\u00eda. Es un color de purificaci\u00f3n, que representa equilibrio y armon\u00eda.<\/p>\n<p>&nbsp;<\/p>\n<h3><img loading=\"lazy\" class=\" alignleft\" src=\"http:\/\/padrevasquez.com.ar\/inicio_WP\/wp-content\/uploads\/2017\/09\/oro.png\" alt=\"Oro\" width=\"120\" height=\"120\" \/>Oro<\/h3>\n<p>Representa la divinidad, purificaci\u00f3n, la perseverancia en las pruebas y a Dios mismo (GEN. 2:11). Algunas veces aparece como amarillo y representa la Gloria de Dios.<\/p>\n<p>&nbsp;<\/p>\n<p>&nbsp;<\/p>\n<h3><img loading=\"lazy\" class=\" alignleft\" src=\"http:\/\/padrevasquez.com.ar\/inicio_WP\/wp-content\/uploads\/2017\/09\/rojo.png\" alt=\"Purpura\" width=\"120\" height=\"120\" \/>P\u00farpura<\/h3>\n<p>Representa dignidad (imperial, real, consular, cardenalicia) y corresponde a un color rojo subido que vira al viol\u00e1ceo.<\/p>\n<p>&nbsp;<\/p>\n<p>&nbsp;<\/p>\n<h3><img loading=\"lazy\" class=\" alignleft\" src=\"http:\/\/padrevasquez.com.ar\/inicio_WP\/wp-content\/uploads\/2017\/09\/blanco.png\" alt=\"Blanco\" width=\"120\" height=\"120\" \/>Blanco<\/h3>\n<p>Representa la pureza, la santidad, la justicia, la luz, la festividad y el triunfo (GEN 30:35).<\/p>\n<p>&nbsp;<\/p>\n<p>&nbsp;<\/p>\n<h3><img loading=\"lazy\" class=\" alignleft\" src=\"http:\/\/padrevasquez.com.ar\/inicio_WP\/wp-content\/uploads\/2017\/09\/gris.png\" alt=\"Gris\" width=\"120\" height=\"120\" \/>Gris<\/h3>\n<p>Representa la madurez.<\/p>\n<p>&nbsp;<\/p>\n<p>&nbsp;<\/p>\n<p>&nbsp;<\/p>\n<div class=\"pdfprnt-buttons pdfprnt-buttons-page pdfprnt-bottom-right\"><a href=\"https:\/\/padrevasquez.com.ar\/inicio_WP\/wp-json\/wp\/v2\/pages\/299?print=pdf\" class=\"pdfprnt-button pdfprnt-button-pdf\" target=\"_blank\"><img src=\"https:\/\/padrevasquez.com.ar\/inicio_WP\/wp-content\/plugins\/pdf-print\/images\/pdf.png\" alt=\"image_pdf\" title=\"View PDF\" \/><span class=\"pdfprnt-button-title pdfprnt-button-pdf-title\">Convertir a PDF<\/span><\/a><a href=\"https:\/\/padrevasquez.com.ar\/inicio_WP\/wp-json\/wp\/v2\/pages\/299?print=print\" class=\"pdfprnt-button pdfprnt-button-print\" target=\"_blank\"><img src=\"https:\/\/padrevasquez.com.ar\/inicio_WP\/wp-content\/plugins\/pdf-print\/images\/print.png\" alt=\"image_print\" title=\"Print Content\" \/><span class=\"pdfprnt-button-title pdfprnt-button-print-title\">Imprimir<\/span><\/a><\/div>","protected":false},"excerpt":{"rendered":"<p>Perfil institucional Escudo Est\u00e1 formado por los dos metales m\u00e1s nobles de la her\u00e1ldica: la plata y el oro. Desde el punto de vista de la her\u00e1ldica, la plata simboliza la inocencia y la pureza, mientras que el oro representa la benignidad y la nobleza. El escudo comprende la corona real y dos piezas her\u00e1ldicas yuxtapuestas una sobre otra. Las barras de color rojo intenso (gules) representan el Amor y la Caridad de la Orden. La cruz de plata, antigua <a href=\"https:\/\/padrevasquez.com.ar\/inicio_WP\/perfil-institucional\/\" class=\"more-link\"><span>. . .<\/span><\/a><\/p>\n","protected":false},"author":1,"featured_media":0,"parent":0,"menu_order":0,"comment_status":"closed","ping_status":"closed","template":"template-full-width.php","meta":{"_themeisle_gutenberg_block_has_review":false},"_links":{"self":[{"href":"https:\/\/padrevasquez.com.ar\/inicio_WP\/wp-json\/wp\/v2\/pages\/299"}],"collection":[{"href":"https:\/\/padrevasquez.com.ar\/inicio_WP\/wp-json\/wp\/v2\/pages"}],"about":[{"href":"https:\/\/padrevasquez.com.ar\/inicio_WP\/wp-json\/wp\/v2\/types\/page"}],"author":[{"embeddable":true,"href":"https:\/\/padrevasquez.com.ar\/inicio_WP\/wp-json\/wp\/v2\/users\/1"}],"replies":[{"embeddable":true,"href":"https:\/\/padrevasquez.com.ar\/inicio_WP\/wp-json\/wp\/v2\/comments?post=299"}],"version-history":[{"count":2,"href":"https:\/\/padrevasquez.com.ar\/inicio_WP\/wp-json\/wp\/v2\/pages\/299\/revisions"}],"predecessor-version":[{"id":375,"href":"https:\/\/padrevasquez.com.ar\/inicio_WP\/wp-json\/wp\/v2\/pages\/299\/revisions\/375"}],"wp:attachment":[{"href":"https:\/\/padrevasquez.com.ar\/inicio_WP\/wp-json\/wp\/v2\/media?parent=299"}],"curies":[{"name":"wp","href":"https:\/\/api.w.org\/{rel}","templated":true}]}}