{"id":301,"date":"2017-09-22T18:29:42","date_gmt":"2017-09-22T21:29:42","guid":{"rendered":"http:\/\/padrevasquez.com.ar\/inicio_WP\/?page_id=301"},"modified":"2020-11-11T10:12:55","modified_gmt":"2020-11-11T13:12:55","slug":"servicios-institucionales","status":"publish","type":"page","link":"https:\/\/padrevasquez.com.ar\/inicio_WP\/servicios-institucionales\/","title":{"rendered":"Servicios institucionales"},"content":{"rendered":"<h1 style=\"text-align: center;\">Servicios institucionales<\/h1>\n<p>En lo que sigue, cuando se de diga &#8220;LA INSTITUCI\u00d3N&#8221;, se debe entender al &#8220;Colegio e Instituto Privado Padre V\u00e1squez&#8221;, sea en el Nivel Inicial, Nivel Primario y\/o Nivel Secundario, seg\u00fan corresponda. La Orden de la Merced es la propietaria legal de LA INSTITUCI\u00d3N.<\/p>\n<p>Desde que el hombre nace se inicia un proceso de formaci\u00f3n que lo acompa\u00f1a a trav\u00e9s de sus experiencias de vida en la relaci\u00f3n con los dem\u00e1s. Su familia, su escuela y el propio estudiante interact\u00faan para que el individuo forme su personalidad de acuerdo a su entorno.<\/p>\n<p>Por eso, LA INSTITUCI\u00d3N ofrece algunos servicios para ayudar a los estudiantes en su paso por las aulas en todos sus niveles.<\/p>\n<h2><img loading=\"lazy\" class=\" alignleft\" src=\"http:\/\/padrevasquez.com.ar\/inicio_WP\/wp-content\/uploads\/2017\/09\/orientacion.png\" alt=\"Orientacion\" width=\"184\" height=\"181\" \/>Orientaci\u00f3n<\/h2>\n<p>El concepto de orientaci\u00f3n encierra en s\u00ed los valores de dinamismo, apertura, actitud de servicio y capacidad de ayuda. Es una gran oportunidad para el Docente, que aunque sublime y apasionante, no est\u00e1 exenta de dificultades, por lo cual LA INSTITUCI\u00d3N pone especial inter\u00e9s en su desarrollo.<\/p>\n<p>&nbsp;<\/p>\n<h2><img loading=\"lazy\" class=\" alignleft\" src=\"http:\/\/padrevasquez.com.ar\/inicio_WP\/wp-content\/uploads\/2017\/09\/asesoria.jpg\" alt=\"Asesoramiento pedagogico\" width=\"184\" height=\"181\" \/>Asesor\u00eda psicopedag\u00f3gica<\/h2>\n<p>La Asesor\u00eda Psicopedag\u00f3gica de LA INSTITUCI\u00d3N se concibe como un servicio de apoyo al proceso educativo de los estudiantes, involucrando a los propios Docentes en su actividad profesional, a los padres en el derecho a la informaci\u00f3n y las propias Direcciones de LA INSTITUCI\u00d3N.<\/p>\n<p>&nbsp;<\/p>\n<p>&nbsp;<\/p>\n<h2><img loading=\"lazy\" class=\" alignleft\" src=\"http:\/\/padrevasquez.com.ar\/inicio_WP\/wp-content\/uploads\/2017\/09\/deportes.png\" alt=\"Deportes\" width=\"184\" height=\"181\" \/>Actividades deportivas en la Villa La Merced, de Roussell<\/h2>\n<p>En el presente se evidencia una tendencia mundial a la individualizaci\u00f3n en el uso del tiempo libre. Para LA INSTITUCI\u00d3N, el deporte constituye un aspecto b\u00e1sico en la sociabilidad como valor humano donde se puede trabajar aspectos como el respeto, el desarrollo de los derechos, la iniciativa y la reflexi\u00f3n, al mismo tiempo que se estimula el placer de la libertad e independencia.<\/p>\n<h2><img loading=\"lazy\" class=\" alignleft\" src=\"http:\/\/padrevasquez.com.ar\/inicio_WP\/wp-content\/uploads\/2017\/09\/libros.png\" alt=\"Biblioteca\" width=\"349\" height=\"247\" \/>Biblioteca<\/h2>\n<p>El servicio de biblioteca de LA INSTITUCI\u00d3N permanentemente analiza y revisa sus funciones y servicios, desde el acceso a libros de texto, documentos f\u00edsicos e informaci\u00f3n electr\u00f3nica y trabaja diariamente para lograr que los estudiantes cuenten con material adecuado para su formaci\u00f3n en el marco del Proyecto Educativo Mercedario.<\/p>\n<p>&nbsp;<\/p>\n<p>&nbsp;<\/p>\n<h2><img loading=\"lazy\" class=\" alignleft\" src=\"http:\/\/padrevasquez.com.ar\/inicio_WP\/wp-content\/uploads\/2017\/09\/laboratorio1.gif\" alt=\"Laboratorio\" width=\"336\" height=\"264\" \/>Laboratorio de ciencias<\/h2>\n<p>LA INSTITUCI\u00d3N cuenta con un laboratorio de ciencias para que los estudiantes desarrollen las pr\u00e1cticas porque no hay discusi\u00f3n sobre la importancia del desarrollo de la competencia cient\u00edfica en los estudiantes. La atenci\u00f3n se centra es en c\u00f3mo mejorar la ense\u00f1anza de las ciencias para que nuestros estudiantes puedan comprender y participar en el mundo altamente tecnol\u00f3gico del presente. Adem\u00e1s, el proceso educativo en la actualidad est\u00e1 enfocado al logro de un aprendizaje significativo, es decir al desarrollo de competencias y habilidades pr\u00e1cticas, en particular sobre los procesos experimentales.<\/p>\n<h2><img loading=\"lazy\" class=\" alignleft\" src=\"http:\/\/padrevasquez.com.ar\/inicio_WP\/wp-content\/uploads\/2017\/09\/laboratorio2.png\" alt=\"Informatica\" width=\"400\" height=\"201\" \/>Laboratorio de inform\u00e1tica<\/h2>\n<p>En Argentina la Inform\u00e1tica Educativa est\u00e1 incorporada legalmente favoreciendo el empleo de las nuevas t\u00e9cnicas de computaci\u00f3n e informaci\u00f3n. Se trabaja en equipar a las escuelas primarias y secundarias de gesti\u00f3n p\u00fablica. El uso de las TIC (Tecnolog\u00edas de la informaci\u00f3n y las Comunicaciones), es un proceso en permanente desarrollo en los establecimientos escolares. Es cierto que es un avance significativo la simple implementaci\u00f3n de computadoras y diversas herramientas tecnol\u00f3gicas (software o programas inform\u00e1ticos) para lograr que este medio sea amigable. Claramente es una mejora por el f\u00e1cil acceso a informaci\u00f3n, la permanente conexi\u00f3n a otros centros educativos, el viaje virtual m\u00e1s all\u00e1 de las aulas y de los libros de texto.<\/p>\n<p>En el marco del Proyecto Educativo Mercedario, el laboratorio de inform\u00e1tica de LA INSTITUCI\u00d3N juega un papel muy importante papel porque los estudiantes, en uso de su libertad individual, son actores de su propia formaci\u00f3n. Los docentes son asistidos para lograr optimizar el uso de los recursos.<\/p>\n<h2><img loading=\"lazy\" class=\" alignleft\" src=\"http:\/\/padrevasquez.com.ar\/inicio_WP\/wp-content\/uploads\/2017\/09\/primera-comunion.jpg\" alt=\"Comunion\" width=\"239\" height=\"331\" \/>Primera comuni\u00f3n<\/h2>\n<p>Los ni\u00f1os y ni\u00f1as son invitados a la mesa del Se\u00f1or, quien dijo: \u201cDejen que los ni\u00f1os vengan a m\u00ed y no se lo impidan\u201d.<\/p>\n<p>Para poder recibir al Se\u00f1or, LA INSTITUCI\u00d3N (en su Nivel Primario) prepara a los ni\u00f1os y ni\u00f1as para que en libertad y con uso de la raz\u00f3n, comprendan a Qui\u00e9n va a recibir, el verdadero sentido de la Comuni\u00f3n como Participaci\u00f3n del \u00danico Pan y el \u00danico C\u00e1liz y el valor comunitario de la celebraci\u00f3n. As\u00ed, toda la Comunidad Educativa de LA INSTITUCI\u00d3N pueden sentirse miembros vivos de la Iglesia.<\/p>\n<p>&nbsp;<\/p>\n<p>&nbsp;<\/p>\n<p>&nbsp;<\/p>\n<h2><img loading=\"lazy\" class=\" alignleft\" src=\"http:\/\/padrevasquez.com.ar\/inicio_WP\/wp-content\/uploads\/2017\/09\/creatorspiritus.png\" alt=\"Confirmacion\" width=\"246\" height=\"322\" \/>Confirmaci\u00f3n<\/h2>\n<p>Es el sacramento con el cual todo cristiano confirma la fe recibida en el bautismo y recibe la efusi\u00f3n del Esp\u00edritu Santo para ser testigo de Dios en el mundo. Por este sacramento, el Esp\u00edritu Santo se derrama en la vida de las personas como luz y como gracia a trav\u00e9s de todos los dones que puede darnos. En LA INSTITUCI\u00d3N (Nivel Secundario) se prepara a los adolescentes para que reciban con felicidad y libertad este importante sacramento de madurez cristiana.<\/p>\n<p>&nbsp;<\/p>\n<p>&nbsp;<\/p>\n<p>&nbsp;<\/p>\n<h2>Actividades extracurriculares<\/h2>\n<p>Para LA INSTITUCI\u00d3N las actividades extracurriculares son un factor enriquecedor en la educaci\u00f3n general de nuestros estudiantes, porque ampl\u00edan su formaci\u00f3n, les ayudan a formar su personalidad y favorecen la convivencia. Con un car\u00e1cter abierto, las actividades extracurriculares pretenden maximizar aprovechamiento pedag\u00f3gico y siempre estar\u00e1n coordinadas por las Autoridades de LA INSTITUCI\u00d3N.<\/p>\n<p>&nbsp;<\/p>\n<p>&nbsp;<\/p>\n<div class=\"pdfprnt-buttons pdfprnt-buttons-page pdfprnt-bottom-right\"><a href=\"https:\/\/padrevasquez.com.ar\/inicio_WP\/wp-json\/wp\/v2\/pages\/301?print=pdf\" class=\"pdfprnt-button pdfprnt-button-pdf\" target=\"_blank\"><img src=\"https:\/\/padrevasquez.com.ar\/inicio_WP\/wp-content\/plugins\/pdf-print\/images\/pdf.png\" alt=\"image_pdf\" title=\"View PDF\" \/><span class=\"pdfprnt-button-title pdfprnt-button-pdf-title\">Convertir a PDF<\/span><\/a><a href=\"https:\/\/padrevasquez.com.ar\/inicio_WP\/wp-json\/wp\/v2\/pages\/301?print=print\" class=\"pdfprnt-button pdfprnt-button-print\" target=\"_blank\"><img src=\"https:\/\/padrevasquez.com.ar\/inicio_WP\/wp-content\/plugins\/pdf-print\/images\/print.png\" alt=\"image_print\" title=\"Print Content\" \/><span class=\"pdfprnt-button-title pdfprnt-button-print-title\">Imprimir<\/span><\/a><\/div>","protected":false},"excerpt":{"rendered":"<p>Servicios institucionales En lo que sigue, cuando se de diga &#8220;LA INSTITUCI\u00d3N&#8221;, se debe entender al &#8220;Colegio e Instituto Privado Padre V\u00e1squez&#8221;, sea en el Nivel Inicial, Nivel Primario y\/o Nivel Secundario, seg\u00fan corresponda. La Orden de la Merced es la propietaria legal de LA INSTITUCI\u00d3N. Desde que el hombre nace se inicia un proceso de formaci\u00f3n que lo acompa\u00f1a a trav\u00e9s de sus experiencias de vida en la relaci\u00f3n con los dem\u00e1s. Su familia, su escuela y el propio <a href=\"https:\/\/padrevasquez.com.ar\/inicio_WP\/servicios-institucionales\/\" class=\"more-link\"><span>. . .<\/span><\/a><\/p>\n","protected":false},"author":1,"featured_media":0,"parent":0,"menu_order":0,"comment_status":"closed","ping_status":"closed","template":"","meta":{"_themeisle_gutenberg_block_has_review":false},"_links":{"self":[{"href":"https:\/\/padrevasquez.com.ar\/inicio_WP\/wp-json\/wp\/v2\/pages\/301"}],"collection":[{"href":"https:\/\/padrevasquez.com.ar\/inicio_WP\/wp-json\/wp\/v2\/pages"}],"about":[{"href":"https:\/\/padrevasquez.com.ar\/inicio_WP\/wp-json\/wp\/v2\/types\/page"}],"author":[{"embeddable":true,"href":"https:\/\/padrevasquez.com.ar\/inicio_WP\/wp-json\/wp\/v2\/users\/1"}],"replies":[{"embeddable":true,"href":"https:\/\/padrevasquez.com.ar\/inicio_WP\/wp-json\/wp\/v2\/comments?post=301"}],"version-history":[{"count":8,"href":"https:\/\/padrevasquez.com.ar\/inicio_WP\/wp-json\/wp\/v2\/pages\/301\/revisions"}],"predecessor-version":[{"id":1296,"href":"https:\/\/padrevasquez.com.ar\/inicio_WP\/wp-json\/wp\/v2\/pages\/301\/revisions\/1296"}],"wp:attachment":[{"href":"https:\/\/padrevasquez.com.ar\/inicio_WP\/wp-json\/wp\/v2\/media?parent=301"}],"curies":[{"name":"wp","href":"https:\/\/api.w.org\/{rel}","templated":true}]}}