{"id":303,"date":"2017-09-22T18:30:31","date_gmt":"2017-09-22T21:30:31","guid":{"rendered":"http:\/\/padrevasquez.com.ar\/inicio_WP\/?page_id=303"},"modified":"2020-11-11T09:41:14","modified_gmt":"2020-11-11T12:41:14","slug":"estudiantes-2","status":"publish","type":"page","link":"https:\/\/padrevasquez.com.ar\/inicio_WP\/estudiantes-2\/","title":{"rendered":"Estudiantes"},"content":{"rendered":"<h1 style=\"text-align: center;\">Estudiantes<\/h1>\n<p>En lo que sigue, cuando se de diga &#8220;La Instituci\u00f3n&#8221;, se debe entender al &#8220;Colegio e Instituto Privado Padre V\u00e1squez&#8221;, sea en el Nivel Inicial, Nivel Primario y\/o Nivel Secundario, seg\u00fan corresponda. La Orden de la Merced es la propietaria legal de La Instituci\u00f3n.<\/p>\n<p>La gran satisfacci\u00f3n de la Instituci\u00f3n es que nuestros estudiantes salen victoriosos al enfrentarse a cambios importantes en su manera de entender la vida a trav\u00e9s de la escuela y de la relaci\u00f3n con sus compa\u00f1eros y maestros.<br \/>\nEl pasar por LA INSTITUCI\u00d3N implica un conjunto de desaf\u00edos, de encuentros y desencuentros, nuevos conocimientos, nuevas reglas, nuevas costumbres y h\u00e1bitos de los cuales deber\u00e1n apropiarse para ser part\u00edcipes de su propia libertad.<\/p>\n<p>En este espacio virtual, contenido en la Web institucional, les permitir\u00e1 tener acceso a informaci\u00f3n importante para el desarrollo de su vida escolar.<\/p>\n<p>&nbsp;<\/p>\n<div class=\"pdfprnt-buttons pdfprnt-buttons-page pdfprnt-bottom-right\"><a href=\"https:\/\/padrevasquez.com.ar\/inicio_WP\/wp-json\/wp\/v2\/pages\/303?print=pdf\" class=\"pdfprnt-button pdfprnt-button-pdf\" target=\"_blank\"><img src=\"https:\/\/padrevasquez.com.ar\/inicio_WP\/wp-content\/plugins\/pdf-print\/images\/pdf.png\" alt=\"image_pdf\" title=\"View PDF\" \/><span class=\"pdfprnt-button-title pdfprnt-button-pdf-title\">Convertir a PDF<\/span><\/a><a href=\"https:\/\/padrevasquez.com.ar\/inicio_WP\/wp-json\/wp\/v2\/pages\/303?print=print\" class=\"pdfprnt-button pdfprnt-button-print\" target=\"_blank\"><img src=\"https:\/\/padrevasquez.com.ar\/inicio_WP\/wp-content\/plugins\/pdf-print\/images\/print.png\" alt=\"image_print\" title=\"Print Content\" \/><span class=\"pdfprnt-button-title pdfprnt-button-print-title\">Imprimir<\/span><\/a><\/div>","protected":false},"excerpt":{"rendered":"<p>Estudiantes En lo que sigue, cuando se de diga &#8220;La Instituci\u00f3n&#8221;, se debe entender al &#8220;Colegio e Instituto Privado Padre V\u00e1squez&#8221;, sea en el Nivel Inicial, Nivel Primario y\/o Nivel Secundario, seg\u00fan corresponda. La Orden de la Merced es la propietaria legal de La Instituci\u00f3n. La gran satisfacci\u00f3n de la Instituci\u00f3n es que nuestros estudiantes salen victoriosos al enfrentarse a cambios importantes en su manera de entender la vida a trav\u00e9s de la escuela y de la relaci\u00f3n con sus <a href=\"https:\/\/padrevasquez.com.ar\/inicio_WP\/estudiantes-2\/\" class=\"more-link\"><span>. . .<\/span><\/a><\/p>\n","protected":false},"author":1,"featured_media":0,"parent":0,"menu_order":0,"comment_status":"closed","ping_status":"closed","template":"","meta":{"_themeisle_gutenberg_block_has_review":false},"_links":{"self":[{"href":"https:\/\/padrevasquez.com.ar\/inicio_WP\/wp-json\/wp\/v2\/pages\/303"}],"collection":[{"href":"https:\/\/padrevasquez.com.ar\/inicio_WP\/wp-json\/wp\/v2\/pages"}],"about":[{"href":"https:\/\/padrevasquez.com.ar\/inicio_WP\/wp-json\/wp\/v2\/types\/page"}],"author":[{"embeddable":true,"href":"https:\/\/padrevasquez.com.ar\/inicio_WP\/wp-json\/wp\/v2\/users\/1"}],"replies":[{"embeddable":true,"href":"https:\/\/padrevasquez.com.ar\/inicio_WP\/wp-json\/wp\/v2\/comments?post=303"}],"version-history":[{"count":2,"href":"https:\/\/padrevasquez.com.ar\/inicio_WP\/wp-json\/wp\/v2\/pages\/303\/revisions"}],"predecessor-version":[{"id":1278,"href":"https:\/\/padrevasquez.com.ar\/inicio_WP\/wp-json\/wp\/v2\/pages\/303\/revisions\/1278"}],"wp:attachment":[{"href":"https:\/\/padrevasquez.com.ar\/inicio_WP\/wp-json\/wp\/v2\/media?parent=303"}],"curies":[{"name":"wp","href":"https:\/\/api.w.org\/{rel}","templated":true}]}}