{"id":316,"date":"2017-09-22T18:49:38","date_gmt":"2017-09-22T21:49:38","guid":{"rendered":"http:\/\/padrevasquez.com.ar\/inicio_WP\/?page_id=316"},"modified":"2020-11-11T09:45:41","modified_gmt":"2020-11-11T12:45:41","slug":"las-normas-de-convivencia","status":"publish","type":"page","link":"https:\/\/padrevasquez.com.ar\/inicio_WP\/las-normas-de-convivencia\/","title":{"rendered":"Las normas de convivencia"},"content":{"rendered":"<h1 style=\"text-align: center;\">Las normas de convivencia<\/h1>\n<p>En lo que sigue, cuando se de diga &#8220;LA INSTITUCI\u00d3N&#8221;, se debe entender al &#8220;Colegio e Instituto Privado Padre V\u00e1squez&#8221;, sea en el Nivel Inicial, Nivel Primario y\/o Nivel Secundario, seg\u00fan corresponda. La Orden de la Merced es la propietaria legal de LA INSTITUCI\u00d3N.<\/p>\n<h2>Objetivo institucional de las normas de convivencia<\/h2>\n<p>Que la comunidad educativa de nuestra Instituci\u00f3n acuerde y respete las normas de convivencia, como principios organizadores indispensables para nuevas y m\u00e1s eficientes formas de relaci\u00f3n y comunicaci\u00f3n.<\/p>\n<h2>Normas de convivencia<\/h2>\n<p>Es nuestro inter\u00e9s prioritario que toda la comunidad educativa en su conjunto, persigan y consoliden actitudes que favorezcan su formaci\u00f3n y desarrollo, trabajando en un clima de cordialidad, libertad, respeto y bienestar, orientados por el lema mercedario.<\/p>\n<p>Las normas de convivencia tienen aplicaci\u00f3n en todos los \u00e1mbitos en donde se encuentren los estudiantes, ya sea la propia Instituci\u00f3n o en representaci\u00f3n de la misma.<\/p>\n<h2>Normas de convivencia para \u201cEducar En y Para la Libertad\u201d<\/h2>\n<p>Las normas de convivencia se basan en los siguientes ejes fundamentales: honestidad, respeto, solidaridad y responsabilidad. Estas normas de convivencia rigen durante la permanencia de los estudiantes en la Instituci\u00f3n, en las visitas did\u00e1cticas, en las convivencias, en los campamentos y en cualquier otra actividad oficial. Las normas presentadas a continuaci\u00f3n son aplicaci\u00f3n general, pudiendo existir normas de convivencia espec\u00edficas para cada uno de los niveles educativos. Por ello, las normas de convivencia ser\u00e1n adaptadas a cada nivel educativo, cumpliendo en todos los casos la resoluci\u00f3n N\u00b0 445-DGE\u201413.<\/p>\n<p>&nbsp;<\/p>\n<table border=\"0\" width=\"100%\">\n<tbody>\n<tr>\n<td><\/td>\n<td style=\"text-align: center;\" colspan=\"2\">\n<h3>Estudiantes<\/h3>\n<\/td>\n<td style=\"text-align: center;\" colspan=\"2\">\n<h3>Padres<\/h3>\n<\/td>\n<\/tr>\n<tr>\n<td><\/td>\n<td style=\"text-align: center;\">\n<h4>Deberes<\/h4>\n<\/td>\n<td style=\"text-align: center;\">\n<h4>Derechos<\/h4>\n<\/td>\n<td style=\"text-align: center;\">\n<h4>Deberes<\/h4>\n<\/td>\n<td style=\"text-align: center;\">\n<h4>Derechos<\/h4>\n<\/td>\n<\/tr>\n<tr>\n<td>Honestidad y respeto<\/td>\n<td>Respetar la Instituci\u00f3n y vivenciar sus normas.<\/p>\n<p>Observar un trato respetuoso hacia sus compa\u00f1eros y hacia los dem\u00e1s integrantes de la Comunidad Educativa, en su lenguaje, conducta y gestos.<\/td>\n<td>Participar en forma activa en el proceso de ense\u00f1anza-aprendizaje, con pleno ejercicio de la libertad responsable.<\/p>\n<p>Recibir un trato amable y respetuoso.<\/td>\n<td>Asumir plenamente su rol, sin delegarlo en la Instituci\u00f3n.<\/p>\n<p>Respetar la Instituci\u00f3n, sus normas y la funci\u00f3n docente.<\/td>\n<td>A ser escuchados por Directivos y Docentes.<\/p>\n<p>A ser notificados de las calificaciones y actitudes de su hijo.<\/td>\n<\/tr>\n<tr>\n<td>Solidaridad y responsabilidad<\/td>\n<td>Observar los horarios de iniciaci\u00f3n y finalizaci\u00f3n de las actividades escolares, as\u00ed como tambi\u00e9n los periodos de clases y recreos.<\/p>\n<p>Presentarse con el uniforme y aseo personal acorde con las normas de la Instituci\u00f3n.<br \/>\nAlcanzar y mantener un nivel adecuado de rendimiento escolar.<\/p>\n<p>Completar las tareas asumidas o encargadas.<br \/>\nCuidar el material de trabajo propio y de sus compa\u00f1eros,<br \/>\nCuidar el establecimiento, sus muebles, instalaciones fijas y m\u00f3viles y todo el material did\u00e1ctico.<br \/>\nReconocer sus aciertos, errores y expectativas.<\/td>\n<td>Expresar libremente y en forma respetuosa, su propia opini\u00f3n sobre la actividad propuesta.<\/p>\n<p>Ser escuchados en el planteo de sus problemas y recibir apoyo si as\u00ed lo requieran.<\/p>\n<p>Ser estimulados y reconocidos en sus actividades.<\/p>\n<p>Ser parte de las organizaciones institucionales debidamente conformadas, ser escuchado, apoyado y respetado por sus representantes<\/td>\n<td>Los Padres deber\u00e1n notificarse de las normas de convivencia espec\u00edficas seg\u00fan el nivel educativo de sus hijos o hijas.<\/p>\n<p>Los Padres deber\u00e1n notificarse diariamente de las comunicaciones docentes.<\/p>\n<p>Colaborar con la Instituci\u00f3n en el cumplimiento de las normas (presentaci\u00f3n, horario y asistencia).<\/p>\n<p>Plantear con sinceridad problemas del estudiante o de sus familiares directos que afecten su desempe\u00f1o escolar.<\/p>\n<p>Asistir a entrevistas, reuniones u otras convocatorias de la Instituci\u00f3n.<\/td>\n<td>A que sus hijos reciban una educaci\u00f3n responsable y de calidad.<\/p>\n<p>A ser escuchados en el planteo de los problemas familiares y recibir apoyo si as\u00ed lo solicitaran.<\/td>\n<\/tr>\n<\/tbody>\n<\/table>\n<p>&nbsp;<\/p>\n<div class=\"pdfprnt-buttons pdfprnt-buttons-page pdfprnt-bottom-right\"><a href=\"https:\/\/padrevasquez.com.ar\/inicio_WP\/wp-json\/wp\/v2\/pages\/316?print=pdf\" class=\"pdfprnt-button pdfprnt-button-pdf\" target=\"_blank\"><img src=\"https:\/\/padrevasquez.com.ar\/inicio_WP\/wp-content\/plugins\/pdf-print\/images\/pdf.png\" alt=\"image_pdf\" title=\"View PDF\" \/><span class=\"pdfprnt-button-title pdfprnt-button-pdf-title\">Convertir a PDF<\/span><\/a><a href=\"https:\/\/padrevasquez.com.ar\/inicio_WP\/wp-json\/wp\/v2\/pages\/316?print=print\" class=\"pdfprnt-button pdfprnt-button-print\" target=\"_blank\"><img src=\"https:\/\/padrevasquez.com.ar\/inicio_WP\/wp-content\/plugins\/pdf-print\/images\/print.png\" alt=\"image_print\" title=\"Print Content\" \/><span class=\"pdfprnt-button-title pdfprnt-button-print-title\">Imprimir<\/span><\/a><\/div>","protected":false},"excerpt":{"rendered":"<p>Las normas de convivencia En lo que sigue, cuando se de diga &#8220;LA INSTITUCI\u00d3N&#8221;, se debe entender al &#8220;Colegio e Instituto Privado Padre V\u00e1squez&#8221;, sea en el Nivel Inicial, Nivel Primario y\/o Nivel Secundario, seg\u00fan corresponda. La Orden de la Merced es la propietaria legal de LA INSTITUCI\u00d3N. Objetivo institucional de las normas de convivencia Que la comunidad educativa de nuestra Instituci\u00f3n acuerde y respete las normas de convivencia, como principios organizadores indispensables para nuevas y m\u00e1s eficientes formas de <a href=\"https:\/\/padrevasquez.com.ar\/inicio_WP\/las-normas-de-convivencia\/\" class=\"more-link\"><span>. . .<\/span><\/a><\/p>\n","protected":false},"author":1,"featured_media":0,"parent":0,"menu_order":0,"comment_status":"closed","ping_status":"closed","template":"","meta":{"_themeisle_gutenberg_block_has_review":false},"_links":{"self":[{"href":"https:\/\/padrevasquez.com.ar\/inicio_WP\/wp-json\/wp\/v2\/pages\/316"}],"collection":[{"href":"https:\/\/padrevasquez.com.ar\/inicio_WP\/wp-json\/wp\/v2\/pages"}],"about":[{"href":"https:\/\/padrevasquez.com.ar\/inicio_WP\/wp-json\/wp\/v2\/types\/page"}],"author":[{"embeddable":true,"href":"https:\/\/padrevasquez.com.ar\/inicio_WP\/wp-json\/wp\/v2\/users\/1"}],"replies":[{"embeddable":true,"href":"https:\/\/padrevasquez.com.ar\/inicio_WP\/wp-json\/wp\/v2\/comments?post=316"}],"version-history":[{"count":2,"href":"https:\/\/padrevasquez.com.ar\/inicio_WP\/wp-json\/wp\/v2\/pages\/316\/revisions"}],"predecessor-version":[{"id":1282,"href":"https:\/\/padrevasquez.com.ar\/inicio_WP\/wp-json\/wp\/v2\/pages\/316\/revisions\/1282"}],"wp:attachment":[{"href":"https:\/\/padrevasquez.com.ar\/inicio_WP\/wp-json\/wp\/v2\/media?parent=316"}],"curies":[{"name":"wp","href":"https:\/\/api.w.org\/{rel}","templated":true}]}}