{"id":318,"date":"2017-09-22T18:51:23","date_gmt":"2017-09-22T21:51:23","guid":{"rendered":"http:\/\/padrevasquez.com.ar\/inicio_WP\/?page_id=318"},"modified":"2020-11-11T09:37:50","modified_gmt":"2020-11-11T12:37:50","slug":"diario-escolar","status":"publish","type":"page","link":"https:\/\/padrevasquez.com.ar\/inicio_WP\/diario-escolar\/","title":{"rendered":"Diario escolar"},"content":{"rendered":"<h1 style=\"text-align: center;\">Diario escolar<\/h1>\n<p>En lo que sigue, cuando se de diga &#8220;La Instituci\u00f3n&#8221;, se debe entender al &#8220;Colegio e Instituto Privado Padre V\u00e1squez&#8221;, sea en el Nivel Inicial, Nivel Primario y\/o Nivel Secundario, seg\u00fan corresponda. La Orden de la Merced es la propietaria legal de La Instituci\u00f3n.<\/p>\n<p>Este espacio est\u00e1 destinado a mostrar las producciones peri\u00f3dicas de nuestros estudiantes.<\/p>\n<p>Una producci\u00f3n peri\u00f3dica (como un diario) puede considerarse como un medio de comunicaci\u00f3n de amplia generalizaci\u00f3n para todo el mundo y para LA INSTITUCI\u00d3N es una herramienta m\u00e1s del proceso ense\u00f1anza-aprendizaje de nuestros estudiantes.<\/p>\n<p>A trav\u00e9s de la comprensi\u00f3n del estilo period\u00edstico se ordenan ideas, se fomentan h\u00e1bitos de lectura, se aplican criterios de investigaci\u00f3n y se forma el juicio cr\u00edtico de redactores y lectores.<\/p>\n<p>Por medio de este proyecto, se espera que los alumnos logren:<\/p>\n<ol>\n<li>Producir un peri\u00f3dico escolar donde se presenten temas del inter\u00e9s de los mismos estudiantes: noticias, canciones, chistes, etc., ordenados seg\u00fan su nivel educativo.<\/li>\n<li>Favorecer la lectura cr\u00edtica y reflexiva de contenidos adaptados a su propia edad.<\/li>\n<\/ol>\n<p>Las consultas realizadas por medio del formulario de comentarios ser\u00e1n ignoradas. Por favor, emplee el <a href=\"https:\/\/padrevasquez.com.ar\/inicio_WP\/contacto\/\">formulario de contacto<\/a> para realizar consultas, porque puede dirigir mejor su consulta. Gracias.<\/p>\n<div class=\"pdfprnt-buttons pdfprnt-buttons-page pdfprnt-bottom-right\"><a href=\"https:\/\/padrevasquez.com.ar\/inicio_WP\/wp-json\/wp\/v2\/pages\/318?print=pdf\" class=\"pdfprnt-button pdfprnt-button-pdf\" target=\"_blank\"><img src=\"https:\/\/padrevasquez.com.ar\/inicio_WP\/wp-content\/plugins\/pdf-print\/images\/pdf.png\" alt=\"image_pdf\" title=\"View PDF\" \/><span class=\"pdfprnt-button-title pdfprnt-button-pdf-title\">Convertir a PDF<\/span><\/a><a href=\"https:\/\/padrevasquez.com.ar\/inicio_WP\/wp-json\/wp\/v2\/pages\/318?print=print\" class=\"pdfprnt-button pdfprnt-button-print\" target=\"_blank\"><img src=\"https:\/\/padrevasquez.com.ar\/inicio_WP\/wp-content\/plugins\/pdf-print\/images\/print.png\" alt=\"image_print\" title=\"Print Content\" \/><span class=\"pdfprnt-button-title pdfprnt-button-print-title\">Imprimir<\/span><\/a><\/div>","protected":false},"excerpt":{"rendered":"<p>Diario escolar En lo que sigue, cuando se de diga &#8220;La Instituci\u00f3n&#8221;, se debe entender al &#8220;Colegio e Instituto Privado Padre V\u00e1squez&#8221;, sea en el Nivel Inicial, Nivel Primario y\/o Nivel Secundario, seg\u00fan corresponda. La Orden de la Merced es la propietaria legal de La Instituci\u00f3n. Este espacio est\u00e1 destinado a mostrar las producciones peri\u00f3dicas de nuestros estudiantes. Una producci\u00f3n peri\u00f3dica (como un diario) puede considerarse como un medio de comunicaci\u00f3n de amplia generalizaci\u00f3n para todo el mundo y para <a href=\"https:\/\/padrevasquez.com.ar\/inicio_WP\/diario-escolar\/\" class=\"more-link\"><span>. . .<\/span><\/a><\/p>\n","protected":false},"author":1,"featured_media":0,"parent":0,"menu_order":0,"comment_status":"closed","ping_status":"closed","template":"","meta":{"_themeisle_gutenberg_block_has_review":false},"_links":{"self":[{"href":"https:\/\/padrevasquez.com.ar\/inicio_WP\/wp-json\/wp\/v2\/pages\/318"}],"collection":[{"href":"https:\/\/padrevasquez.com.ar\/inicio_WP\/wp-json\/wp\/v2\/pages"}],"about":[{"href":"https:\/\/padrevasquez.com.ar\/inicio_WP\/wp-json\/wp\/v2\/types\/page"}],"author":[{"embeddable":true,"href":"https:\/\/padrevasquez.com.ar\/inicio_WP\/wp-json\/wp\/v2\/users\/1"}],"replies":[{"embeddable":true,"href":"https:\/\/padrevasquez.com.ar\/inicio_WP\/wp-json\/wp\/v2\/comments?post=318"}],"version-history":[{"count":3,"href":"https:\/\/padrevasquez.com.ar\/inicio_WP\/wp-json\/wp\/v2\/pages\/318\/revisions"}],"predecessor-version":[{"id":1277,"href":"https:\/\/padrevasquez.com.ar\/inicio_WP\/wp-json\/wp\/v2\/pages\/318\/revisions\/1277"}],"wp:attachment":[{"href":"https:\/\/padrevasquez.com.ar\/inicio_WP\/wp-json\/wp\/v2\/media?parent=318"}],"curies":[{"name":"wp","href":"https:\/\/api.w.org\/{rel}","templated":true}]}}