{"id":365,"date":"2017-09-22T23:16:31","date_gmt":"2017-09-23T02:16:31","guid":{"rendered":"http:\/\/padrevasquez.com.ar\/inicio_WP\/?page_id=365"},"modified":"2020-04-11T16:38:28","modified_gmt":"2020-04-11T19:38:28","slug":"mision","status":"publish","type":"page","link":"https:\/\/padrevasquez.com.ar\/inicio_WP\/mision\/","title":{"rendered":"Misi\u00f3n"},"content":{"rendered":"<h1 style=\"text-align: center;\">Nuestra misi\u00f3n<\/h1>\n<p>Hoy nuestra misi\u00f3n sigue siendo la liberaci\u00f3n de los cautivos, los cristianos en peligro de perder su fe por falta de libertad. Las \u201cnuevas cautividades\u201d son m\u00e1s complejas y profundas. Consisten en las amenazas a la vida y la dignidad humana por principios y sistemas sociales, pol\u00edticos y culturales opuestos al Evangelio de Jes\u00fas.<\/p>\n<p>Los mercedarios hoy en Argentina nos comprometemos con las personas oprimidas por \u201cnuevas formas de cautividad\u201d, presentes en las situaciones de menores en riesgo social, en la familia en crisis y en la exclusi\u00f3n de la cultura del trabajo.<\/p>\n<p>Entendemos que nuestra misi\u00f3n educativa consiste en educar en y para la libertad personal y la inclusi\u00f3n comunitaria como compromiso de democratizaci\u00f3n social. Procuramos la formaci\u00f3n integral de la persona y de la comunidad escolar; siempre abiertos al don de la fe y comprometidos con la democracia; construyendo as\u00ed un mundo m\u00e1s humano y fraterno en favor de los m\u00e1s pobres y excluidos.<\/p>\n<p>Esto es lo que pedimos y nos comprometemos a realizar cada vez que rezamos juntos como hermanos:<\/p>\n<blockquote><p><em>\u201cPadre nuestro&#8230; venga a nosotros tu Reino&#8230;\u201d<\/em><\/p><\/blockquote>\n<p>Como todas las escuelas cat\u00f3licas, las escuelas mercedarias ofrecemos a todos el servicio eclesial de la educaci\u00f3n en una realidad concreta, inserta y en comuni\u00f3n con la Iglesia Diocesana. Proponemos a Cristo como fundamento de nuestro proyecto educativo en cuanto revela y promueve el sentido nuevo de la existencia, capacitando al hombre para pensar, querer y actuar seg\u00fan el Evangelio. Esta referencia permanente al Evangelio fundamenta y articula nuestra misi\u00f3n de educar a ni\u00f1os y j\u00f3venes para que lleguen a realizarse integralmente como personas para encontrar el sentido de la vida desde una visi\u00f3n humanista y cristiana de la persona.<\/p>\n<h2 style=\"text-align: center;\">\u00bfC\u00f3mo pretendemos lograr nuestra misi\u00f3n?<\/h2>\n<p>Respetando las funciones o roles que cada persona desempe\u00f1a dentro de la Comunidad Educativa.<br \/>\nSiendo autocr\u00edticos pero manteniendo el alma y coraz\u00f3n abiertos para escuchar todas las otras opiniones.<br \/>\nDifundir y apoyar los proyectos educativos que fomenten un mayor compromiso&#8221; participativo&#8221; de Estudiantes, Docente y Familias.<\/p>\n<p>Fomentando actitudes de tolerancia, respeto, discreci\u00f3n y cortes\u00eda hacia el pr\u00f3jimo.<\/p>\n<h2>Proyecto Educativo Mercedario<\/h2>\n<p>El Proyecto Educativo Mercedario puede descargarse directamente mediante: <a href=\"https:\/\/padrevasquez.com.ar\/inicio_WP\/?ddownload=46\" title=\"Descarga\" rel=\"nofollow\" class=\"ddownload-button button-blue id-46 ext-pdf\">Descarga<\/a>.<\/p>\n<p>Tambi\u00e9n hay un <a href=\"http:\/\/www.youtube.com\/watch?v=RsppElnrU5c\" target=\"_blank\" rel=\"noopener noreferrer\">video del Proyecto Educativo Mercedario<\/a>.<\/p>\n<p>&nbsp;<\/p>\n<div class=\"pdfprnt-buttons pdfprnt-buttons-page pdfprnt-bottom-right\"><a href=\"https:\/\/padrevasquez.com.ar\/inicio_WP\/wp-json\/wp\/v2\/pages\/365?print=pdf\" class=\"pdfprnt-button pdfprnt-button-pdf\" target=\"_blank\"><img src=\"https:\/\/padrevasquez.com.ar\/inicio_WP\/wp-content\/plugins\/pdf-print\/images\/pdf.png\" alt=\"image_pdf\" title=\"View PDF\" \/><span class=\"pdfprnt-button-title pdfprnt-button-pdf-title\">Convertir a PDF<\/span><\/a><a href=\"https:\/\/padrevasquez.com.ar\/inicio_WP\/wp-json\/wp\/v2\/pages\/365?print=print\" class=\"pdfprnt-button pdfprnt-button-print\" target=\"_blank\"><img src=\"https:\/\/padrevasquez.com.ar\/inicio_WP\/wp-content\/plugins\/pdf-print\/images\/print.png\" alt=\"image_print\" title=\"Print Content\" \/><span class=\"pdfprnt-button-title pdfprnt-button-print-title\">Imprimir<\/span><\/a><\/div>","protected":false},"excerpt":{"rendered":"<p>Nuestra misi\u00f3n Hoy nuestra misi\u00f3n sigue siendo la liberaci\u00f3n de los cautivos, los cristianos en peligro de perder su fe por falta de libertad. Las \u201cnuevas cautividades\u201d son m\u00e1s complejas y profundas. Consisten en las amenazas a la vida y la dignidad humana por principios y sistemas sociales, pol\u00edticos y culturales opuestos al Evangelio de Jes\u00fas. Los mercedarios hoy en Argentina nos comprometemos con las personas oprimidas por \u201cnuevas formas de cautividad\u201d, presentes en las situaciones de menores en riesgo <a href=\"https:\/\/padrevasquez.com.ar\/inicio_WP\/mision\/\" class=\"more-link\"><span>. . .<\/span><\/a><\/p>\n","protected":false},"author":1,"featured_media":0,"parent":0,"menu_order":0,"comment_status":"closed","ping_status":"closed","template":"template-full-width.php","meta":{"_themeisle_gutenberg_block_has_review":false},"_links":{"self":[{"href":"https:\/\/padrevasquez.com.ar\/inicio_WP\/wp-json\/wp\/v2\/pages\/365"}],"collection":[{"href":"https:\/\/padrevasquez.com.ar\/inicio_WP\/wp-json\/wp\/v2\/pages"}],"about":[{"href":"https:\/\/padrevasquez.com.ar\/inicio_WP\/wp-json\/wp\/v2\/types\/page"}],"author":[{"embeddable":true,"href":"https:\/\/padrevasquez.com.ar\/inicio_WP\/wp-json\/wp\/v2\/users\/1"}],"replies":[{"embeddable":true,"href":"https:\/\/padrevasquez.com.ar\/inicio_WP\/wp-json\/wp\/v2\/comments?post=365"}],"version-history":[{"count":2,"href":"https:\/\/padrevasquez.com.ar\/inicio_WP\/wp-json\/wp\/v2\/pages\/365\/revisions"}],"predecessor-version":[{"id":852,"href":"https:\/\/padrevasquez.com.ar\/inicio_WP\/wp-json\/wp\/v2\/pages\/365\/revisions\/852"}],"wp:attachment":[{"href":"https:\/\/padrevasquez.com.ar\/inicio_WP\/wp-json\/wp\/v2\/media?parent=365"}],"curies":[{"name":"wp","href":"https:\/\/api.w.org\/{rel}","templated":true}]}}