{"id":367,"date":"2017-09-22T23:23:25","date_gmt":"2017-09-23T02:23:25","guid":{"rendered":"http:\/\/padrevasquez.com.ar\/inicio_WP\/?page_id=367"},"modified":"2020-04-11T16:37:18","modified_gmt":"2020-04-11T19:37:18","slug":"escuela-en-clave-pastoral","status":"publish","type":"page","link":"https:\/\/padrevasquez.com.ar\/inicio_WP\/escuela-en-clave-pastoral\/","title":{"rendered":"Escuela en clave pastoral"},"content":{"rendered":"<h1 style=\"text-align: center;\">Escuela en clave pastoral<\/h1>\n<p>La tarea a la que todos los actores escolares son convocados, directivos, docentes, auxiliares, alumnos, ex alumnos, familias, religiosos y laicos, es la realizaci\u00f3n, mediante la acci\u00f3n educativa, de la s\u00edntesis fe-vida-cultura. Para ello, la escuela mercedaria construye comunidades de creyentes que se encuentran en torno a los saberes culturales socialmente significativos, para su recreaci\u00f3n cr\u00edtica a la luz de la fe, buscando la conversi\u00f3n personal y grupal en un proceso que se inscribe en la evangelizaci\u00f3n de la cultura y en la inculturaci\u00f3n del evangelio.<\/p>\n<p>Se trata de sostener y de crear una escuela que evangelice, una escuela en clave pastoral, una escuela que anuncie a <strong><em>Jesucristo como Buena Noticia<\/em><\/strong>:<\/p>\n<blockquote>\n<ul>\n<li>Por su ambiente, evangelizaci\u00f3n de la vida cotidiana,<\/li>\n<li>En sus objetivos acad\u00e9micos, su proyecto curricular, sus modelos did\u00e1cticos, evangelizaci\u00f3n del curr\u00edculum;<\/li>\n<li>En sus esquemas organizativos, de participaci\u00f3n, comunicaci\u00f3n y en las relaciones que establecen con el entorno, evangelizaci\u00f3n en clave misionera, educaci\u00f3n a la solidaridad, la paz y la justicia,<\/li>\n<li>En los espacios expl\u00edcitos de educaci\u00f3n en la fe, celebraciones lit\u00fargicas y Misas, encuentros y retiros, misiones de anuncio, catequesis y ense\u00f1anza religiosa,<\/li>\n<li>En la oportunidad de participar en experiencias asociativas de la Orden, de movimientos eclesiales y de la Iglesia local.<\/li>\n<\/ul>\n<\/blockquote>\n<p>Frente a la cautividad del aislamiento y la separaci\u00f3n, una escuela en clave pastoral trabaja por la creaci\u00f3n de espacios de comunicaci\u00f3n personal, de confianza y acogida, donde todos sus miembros puedan ser: m\u00e1s humanos, m\u00e1s creyentes, m\u00e1s abiertos a la gratuidad del amor del Padre y m\u00e1s felices.<\/p>\n<p>Mar\u00eda, Madre del di\u00e1logo y Maestra de oraci\u00f3n, invita a la comunidad a ser espacio celebrativo de la Vida.<\/p>\n<p>La opci\u00f3n por una escuela en pastoral significa una tarea que debe entenderse:<\/p>\n<ol>\n<li>En forma integral : Toda la escuela y su actividad educativa es lugar de encuentro de la persona y su cultura con la salvaci\u00f3n. La educaci\u00f3n tiene como funci\u00f3n la transmisi\u00f3n cr\u00edtica de la cultura promoviendo el encuentro del educando con ella, capacit\u00e1ndolo para su inserci\u00f3n vital, consciente y recreadora en el mundo, colaborando para que discierna con sinceridad el sentido de lo humano y reconozca como verdadera cultura humanizadora, la que condice con la dignidad humana y la promueve. El objetivo de toda educaci\u00f3n genuina es el de humanizar y personalizar al hombre, orient\u00e1ndolo hacia su fin \u00faltimo, que trasciende su propia finitud. En realidad, la clave de la educaci\u00f3n radica en lograr que el educando perciba los valores como respuesta a sus aspiraciones profundas, a sus ansias de vida, de verdad, de bien y de belleza, como camino de su inquietud de llegar a ser.<\/li>\n<li>Con apertura: Desde los anhelos y sufrimientos de los varones y mujeres y desde las realidades y valores de la cultura.<\/li>\n<li>Cr\u00edtica: Posicionada en el Evangelio, la comunidad interpreta las situaciones que vive y la situaci\u00f3n social para discernir su propia actuaci\u00f3n.<\/li>\n<li>Creativa: Para dise\u00f1ar un curr\u00edculo que d\u00e9 cuenta de la unidad de vida que se deriva de la encarnaci\u00f3n redentora y permita los aprendizajes necesarios para el crecimiento de todos los miembros de la comunidad.<\/li>\n<li>Activa: Los aprendizajes, sobre todo los que son m\u00e1s transformadores, son realizados en un c\u00edrculo de acci\u00f3n-reflexi\u00f3n-acci\u00f3n.<\/li>\n<li>Org\u00e1nica: Insertada en la Iglesia Diocesana y en la Pastoral Org\u00e1nica Mercedaria.<\/li>\n<li>Comprometida: Desde el ambiente del aula al lugar donde est\u00e1 inserta en una presencia misionera y en acciones expl\u00edcitas por la paz, la solidaridad y la justicia.<\/li>\n<li>Transformadora: Hacia adentro y hacia fuera, la escuela busca el cambio de criterios y de estructuras y est\u00e1 llamada a hacerlo sostenida en el tiempo y con proyecci\u00f3n futura.<\/li>\n<li>Comunitaria: Planificar la escuela en pastoral dise\u00f1ando proyectos curriculares y conducir actividades, son tareas de todos los que participan de la vida escolar.<\/li>\n<\/ol>\n<p>El acompa\u00f1amiento de los procesos educativos, la participaci\u00f3n en ellos de los padres de familia, y la formaci\u00f3n de docentes, son tareas prioritarias de la pastoral educativa.<\/p>\n<h2>Una escuela en pastoral es una escuela planificada<\/h2>\n<blockquote><p>\u201cLa acci\u00f3n pastoral planificada es la respuesta espec\u00edfica de la evangelizaci\u00f3n. Deber\u00e1 realizarse en un proceso de participaci\u00f3n en todos los niveles de las comunidades y personas interesadas, educ\u00e1ndolas en la metodolog\u00eda del an\u00e1lisis de la realidad a partir del Evangelio, la opci\u00f3n por los objetivos y los medios m\u00e1s aptos y su uso m\u00e1s racional para la acci\u00f3n evangelizadora\u201d.<\/p><\/blockquote>\n<p>En esta planificaci\u00f3n hay un reconocimiento de la diversidad y el pluralismo como una oportunidad pastoral, es decir, una ocasi\u00f3n en la que se descubre una invitaci\u00f3n de Dios para la salvaci\u00f3n de todos y no como un escollo, como algo que debe ser removido para poder evangelizar.<\/p>\n<p>En consecuencia, se reconoce en el interior de la escuela la diversidad de los destinatarios de la evangelizaci\u00f3n y las diferencias de sus procesos.<\/p>\n<p>Por eso, es una escuela que mira a todos los n\u00facleos que la conforman, a todos los integrantes de los n\u00facleos y a la persona como una unidad. As\u00ed organiza actividades muy diversificadas: individuales, grupales y masivas; obligatorias y optativas; expl\u00edcita e impl\u00edcitamente evangelizadoras. Estas son concebidas como espacios curriculares o extracurriculares diversificados u opcionales.<\/p>\n<p>En estas actividades destinadas a los integrantes de la comunidad en su diversidad, las experiencias previas y actuales de cada persona son comprendidas como punto de partida; m\u00e1s a\u00fan, como preparaci\u00f3n evang\u00e9lica, como pedagog\u00eda de la Providencia que los ha tra\u00eddo hasta este encuentro con el Evangelio en la escuela.<\/p>\n<p>&nbsp;<\/p>\n<div class=\"pdfprnt-buttons pdfprnt-buttons-page pdfprnt-bottom-right\"><a href=\"https:\/\/padrevasquez.com.ar\/inicio_WP\/wp-json\/wp\/v2\/pages\/367?print=pdf\" class=\"pdfprnt-button pdfprnt-button-pdf\" target=\"_blank\"><img src=\"https:\/\/padrevasquez.com.ar\/inicio_WP\/wp-content\/plugins\/pdf-print\/images\/pdf.png\" alt=\"image_pdf\" title=\"View PDF\" \/><span class=\"pdfprnt-button-title pdfprnt-button-pdf-title\">Convertir a PDF<\/span><\/a><a href=\"https:\/\/padrevasquez.com.ar\/inicio_WP\/wp-json\/wp\/v2\/pages\/367?print=print\" class=\"pdfprnt-button pdfprnt-button-print\" target=\"_blank\"><img src=\"https:\/\/padrevasquez.com.ar\/inicio_WP\/wp-content\/plugins\/pdf-print\/images\/print.png\" alt=\"image_print\" title=\"Print Content\" \/><span class=\"pdfprnt-button-title pdfprnt-button-print-title\">Imprimir<\/span><\/a><\/div>","protected":false},"excerpt":{"rendered":"<p>Escuela en clave pastoral La tarea a la que todos los actores escolares son convocados, directivos, docentes, auxiliares, alumnos, ex alumnos, familias, religiosos y laicos, es la realizaci\u00f3n, mediante la acci\u00f3n educativa, de la s\u00edntesis fe-vida-cultura. Para ello, la escuela mercedaria construye comunidades de creyentes que se encuentran en torno a los saberes culturales socialmente significativos, para su recreaci\u00f3n cr\u00edtica a la luz de la fe, buscando la conversi\u00f3n personal y grupal en un proceso que se inscribe en la <a href=\"https:\/\/padrevasquez.com.ar\/inicio_WP\/escuela-en-clave-pastoral\/\" class=\"more-link\"><span>. . .<\/span><\/a><\/p>\n","protected":false},"author":1,"featured_media":0,"parent":0,"menu_order":0,"comment_status":"closed","ping_status":"closed","template":"template-full-width.php","meta":{"_themeisle_gutenberg_block_has_review":false},"_links":{"self":[{"href":"https:\/\/padrevasquez.com.ar\/inicio_WP\/wp-json\/wp\/v2\/pages\/367"}],"collection":[{"href":"https:\/\/padrevasquez.com.ar\/inicio_WP\/wp-json\/wp\/v2\/pages"}],"about":[{"href":"https:\/\/padrevasquez.com.ar\/inicio_WP\/wp-json\/wp\/v2\/types\/page"}],"author":[{"embeddable":true,"href":"https:\/\/padrevasquez.com.ar\/inicio_WP\/wp-json\/wp\/v2\/users\/1"}],"replies":[{"embeddable":true,"href":"https:\/\/padrevasquez.com.ar\/inicio_WP\/wp-json\/wp\/v2\/comments?post=367"}],"version-history":[{"count":1,"href":"https:\/\/padrevasquez.com.ar\/inicio_WP\/wp-json\/wp\/v2\/pages\/367\/revisions"}],"predecessor-version":[{"id":368,"href":"https:\/\/padrevasquez.com.ar\/inicio_WP\/wp-json\/wp\/v2\/pages\/367\/revisions\/368"}],"wp:attachment":[{"href":"https:\/\/padrevasquez.com.ar\/inicio_WP\/wp-json\/wp\/v2\/media?parent=367"}],"curies":[{"name":"wp","href":"https:\/\/api.w.org\/{rel}","templated":true}]}}