{"id":553,"date":"2017-10-29T19:01:32","date_gmt":"2017-10-29T22:01:32","guid":{"rendered":"https:\/\/padrevasquez.com.ar\/inicio_WP\/?page_id=553"},"modified":"2020-04-11T16:35:47","modified_gmt":"2020-04-11T19:35:47","slug":"descargas-de-informatica","status":"publish","type":"page","link":"https:\/\/padrevasquez.com.ar\/inicio_WP\/descargas-de-informatica\/","title":{"rendered":"Descargas de Inform\u00e1tica"},"content":{"rendered":"<h1 style=\"text-align: center;\">Descargas de Inform\u00e1tica<\/h1>\n<table border=\"0\" width=\"100%\">\n<tbody>\n<tr>\n<td>Acci\u00f3n docente en aulas de inform\u00e1tica<\/td>\n<td style=\"text-align: center;\"> <a href=\"https:\/\/padrevasquez.com.ar\/inicio_WP\/?ddownload=561\" title=\"Descarga\" rel=\"nofollow\" class=\"ddownload-button button-blue id-561 ext-pdf\">Descarga<\/a><\/td>\n<\/tr>\n<tr>\n<td> Manual docente 2017<\/td>\n<td style=\"text-align: center;\"> <a href=\"https:\/\/padrevasquez.com.ar\/inicio_WP\/?ddownload=562\" title=\"Descarga\" rel=\"nofollow\" class=\"ddownload-button button-blue id-562 ext-pdf\">Descarga<\/a><\/td>\n<\/tr>\n<tr>\n<td> Software pilas-bloques-1.1.2 (2017)<\/td>\n<td style=\"text-align: center;\"> <a href=\"https:\/\/padrevasquez.com.ar\/inicio_WP\/?ddownload=581\" title=\"Descarga\" rel=\"nofollow\" class=\"ddownload-button button-blue id-581 ext-zip\">Descarga<\/a><\/td>\n<\/tr>\n<tr>\n<td style=\"text-align: left;\">Gu\u00eda de Usuario de Inform\u00e1tica para Mayores (Espa\u00f1a)<\/td>\n<td style=\"text-align: center;\"><a href=\"https:\/\/padrevasquez.com.ar\/inicio_WP\/?ddownload=609\" title=\"Descarga\" rel=\"nofollow\" class=\"ddownload-button button-blue id-609 ext-pdf\">Descarga<\/a><\/td>\n<\/tr>\n<tr>\n<td style=\"text-align: center;\">&#8230;<\/td>\n<td style=\"text-align: center;\">&#8230;<\/td>\n<\/tr>\n<\/tbody>\n<\/table>\n<div class=\"pdfprnt-buttons pdfprnt-buttons-page pdfprnt-bottom-right\"><a href=\"https:\/\/padrevasquez.com.ar\/inicio_WP\/wp-json\/wp\/v2\/pages\/553?print=pdf\" class=\"pdfprnt-button pdfprnt-button-pdf\" target=\"_blank\"><img src=\"https:\/\/padrevasquez.com.ar\/inicio_WP\/wp-content\/plugins\/pdf-print\/images\/pdf.png\" alt=\"image_pdf\" title=\"View PDF\" \/><span class=\"pdfprnt-button-title pdfprnt-button-pdf-title\">Convertir a PDF<\/span><\/a><a href=\"https:\/\/padrevasquez.com.ar\/inicio_WP\/wp-json\/wp\/v2\/pages\/553?print=print\" class=\"pdfprnt-button pdfprnt-button-print\" target=\"_blank\"><img src=\"https:\/\/padrevasquez.com.ar\/inicio_WP\/wp-content\/plugins\/pdf-print\/images\/print.png\" alt=\"image_print\" title=\"Print Content\" \/><span class=\"pdfprnt-button-title pdfprnt-button-print-title\">Imprimir<\/span><\/a><\/div>","protected":false},"excerpt":{"rendered":"","protected":false},"author":1,"featured_media":0,"parent":0,"menu_order":0,"comment_status":"closed","ping_status":"closed","template":"template-full-width.php","meta":{"_themeisle_gutenberg_block_has_review":false},"_links":{"self":[{"href":"https:\/\/padrevasquez.com.ar\/inicio_WP\/wp-json\/wp\/v2\/pages\/553"}],"collection":[{"href":"https:\/\/padrevasquez.com.ar\/inicio_WP\/wp-json\/wp\/v2\/pages"}],"about":[{"href":"https:\/\/padrevasquez.com.ar\/inicio_WP\/wp-json\/wp\/v2\/types\/page"}],"author":[{"embeddable":true,"href":"https:\/\/padrevasquez.com.ar\/inicio_WP\/wp-json\/wp\/v2\/users\/1"}],"replies":[{"embeddable":true,"href":"https:\/\/padrevasquez.com.ar\/inicio_WP\/wp-json\/wp\/v2\/comments?post=553"}],"version-history":[{"count":6,"href":"https:\/\/padrevasquez.com.ar\/inicio_WP\/wp-json\/wp\/v2\/pages\/553\/revisions"}],"predecessor-version":[{"id":610,"href":"https:\/\/padrevasquez.com.ar\/inicio_WP\/wp-json\/wp\/v2\/pages\/553\/revisions\/610"}],"wp:attachment":[{"href":"https:\/\/padrevasquez.com.ar\/inicio_WP\/wp-json\/wp\/v2\/media?parent=553"}],"curies":[{"name":"wp","href":"https:\/\/api.w.org\/{rel}","templated":true}]}}