{"id":611,"date":"2017-10-30T10:55:25","date_gmt":"2017-10-30T13:55:25","guid":{"rendered":"https:\/\/padrevasquez.com.ar\/inicio_WP\/?page_id=611"},"modified":"2020-04-11T16:37:02","modified_gmt":"2020-04-11T19:37:02","slug":"enlaces-interesantes","status":"publish","type":"page","link":"https:\/\/padrevasquez.com.ar\/inicio_WP\/enlaces-interesantes\/","title":{"rendered":"Enlaces interesantes"},"content":{"rendered":"<h1 style=\"text-align: center;\">Nacionales<\/h1>\n<table border=\"0\" width=\"100%\">\n<tbody>\n<tr>\n<td><a href=\"https:\/\/www.argentina.gob.ar\/educacion\" target=\"_blank\" rel=\"noopener noreferrer\"> Ministerio de Educaci\u00f3n de la Naci\u00f3n Argentina<\/a><\/td>\n<\/tr>\n<tr>\n<td> <a href=\"http:\/\/www.mendoza.edu.ar\/tag\/conectar-igualdad\/\" target=\"_blank\" rel=\"noopener noreferrer\">DGE: Conectar igualdad (Mendoza)<\/a><\/td>\n<\/tr>\n<tr>\n<td> <a href=\"http:\/\/www.wordreference.com\/definicion\/\" target=\"_blank\" rel=\"noopener noreferrer\">Diccionario Espa\u00f1ol en WordReference<\/a><\/td>\n<\/tr>\n<tr>\n<td style=\"text-align: left;\"> <a href=\"http:\/\/www.bnm.me.gov.ar\/\" target=\"_blank\" rel=\"noopener noreferrer\">Biblioteca Nacional de Maestros<\/a><\/td>\n<\/tr>\n<tr>\n<td style=\"text-align: center;\">&#8230;<\/td>\n<\/tr>\n<\/tbody>\n<\/table>\n<h1 style=\"text-align: center;\">Internacionales<\/h1>\n<table border=\"0\" width=\"100%\">\n<tbody>\n<tr>\n<td><a href=\"http:\/\/www.ite.educacion.es\/formacion\/materiales\/13\/cd\/\" target=\"_blank\" rel=\"noopener noreferrer\">Curso de iniciaci\u00f3n a la inform\u00e1tica (Espa\u00f1a)<\/a><\/td>\n<\/tr>\n<tr>\n<td><a href=\"http:\/\/exelearning.net\/\" target=\"_blank\" rel=\"noopener noreferrer\">Exelearning. Una herramienta de autor de c\u00f3digo abierto para generar todo tipo de contenidos digitales.<\/a><\/td>\n<\/tr>\n<tr>\n<td><a href=\"http:\/\/www.freetranslation.com\/es\/traducir-ingles-espanol\" target=\"_blank\" rel=\"noopener noreferrer\">SDL: Traductor libre on line<\/a><\/td>\n<\/tr>\n<tr>\n<td style=\"text-align: left;\"><a href=\"https:\/\/www.unicef.org\/argentina\/spanish\/\" target=\"_blank\" rel=\"noopener noreferrer\">Unicef Argentina<\/a><\/td>\n<\/tr>\n<tr>\n<td style=\"text-align: center;\">&#8230;<\/td>\n<\/tr>\n<\/tbody>\n<\/table>\n<div class=\"pdfprnt-buttons pdfprnt-buttons-page pdfprnt-bottom-right\"><a href=\"https:\/\/padrevasquez.com.ar\/inicio_WP\/wp-json\/wp\/v2\/pages\/611?print=pdf\" class=\"pdfprnt-button pdfprnt-button-pdf\" target=\"_blank\"><img src=\"https:\/\/padrevasquez.com.ar\/inicio_WP\/wp-content\/plugins\/pdf-print\/images\/pdf.png\" alt=\"image_pdf\" title=\"View PDF\" \/><span class=\"pdfprnt-button-title pdfprnt-button-pdf-title\">Convertir a PDF<\/span><\/a><a href=\"https:\/\/padrevasquez.com.ar\/inicio_WP\/wp-json\/wp\/v2\/pages\/611?print=print\" class=\"pdfprnt-button pdfprnt-button-print\" target=\"_blank\"><img src=\"https:\/\/padrevasquez.com.ar\/inicio_WP\/wp-content\/plugins\/pdf-print\/images\/print.png\" alt=\"image_print\" title=\"Print Content\" \/><span class=\"pdfprnt-button-title pdfprnt-button-print-title\">Imprimir<\/span><\/a><\/div>","protected":false},"excerpt":{"rendered":"","protected":false},"author":1,"featured_media":0,"parent":0,"menu_order":0,"comment_status":"closed","ping_status":"closed","template":"template-full-width.php","meta":{"_themeisle_gutenberg_block_has_review":false},"_links":{"self":[{"href":"https:\/\/padrevasquez.com.ar\/inicio_WP\/wp-json\/wp\/v2\/pages\/611"}],"collection":[{"href":"https:\/\/padrevasquez.com.ar\/inicio_WP\/wp-json\/wp\/v2\/pages"}],"about":[{"href":"https:\/\/padrevasquez.com.ar\/inicio_WP\/wp-json\/wp\/v2\/types\/page"}],"author":[{"embeddable":true,"href":"https:\/\/padrevasquez.com.ar\/inicio_WP\/wp-json\/wp\/v2\/users\/1"}],"replies":[{"embeddable":true,"href":"https:\/\/padrevasquez.com.ar\/inicio_WP\/wp-json\/wp\/v2\/comments?post=611"}],"version-history":[{"count":10,"href":"https:\/\/padrevasquez.com.ar\/inicio_WP\/wp-json\/wp\/v2\/pages\/611\/revisions"}],"predecessor-version":[{"id":851,"href":"https:\/\/padrevasquez.com.ar\/inicio_WP\/wp-json\/wp\/v2\/pages\/611\/revisions\/851"}],"wp:attachment":[{"href":"https:\/\/padrevasquez.com.ar\/inicio_WP\/wp-json\/wp\/v2\/media?parent=611"}],"curies":[{"name":"wp","href":"https:\/\/api.w.org\/{rel}","templated":true}]}}