{"id":7,"date":"2017-09-20T18:32:57","date_gmt":"2017-09-20T21:32:57","guid":{"rendered":"http:\/\/padrevasquez.com.ar\/inicio_WP\/?page_id=7"},"modified":"2020-12-29T19:44:12","modified_gmt":"2020-12-29T22:44:12","slug":"inicio","status":"publish","type":"page","link":"https:\/\/padrevasquez.com.ar\/inicio_WP\/","title":{"rendered":"Inicio"},"content":{"rendered":"<p style=\"text-align: center;\">\r\n\t<div class=\"slideshow_container slideshow_container_style-light\" style=\"height: 400px; \" data-slideshow-id=\"156\" data-style-name=\"style-light\" data-style-version=\"2.3.1\" >\r\n\r\n\t\t\t\t\t<div class=\"slideshow_loading_icon\"><\/div>\r\n\t\t\r\n\t\t<div class=\"slideshow_content\" style=\"display: none;\">\r\n\r\n\t\t\t<div class=\"slideshow_view\">\r\n\t\t\t\t<div class=\"slideshow_slide slideshow_slide_image\">\r\n\t\t\t\t\t\t\t\t\t\t\t<img src=\"https:\/\/padrevasquez.com.ar\/inicio_WP\/wp-content\/uploads\/2017\/09\/img4.jpg\" alt=\"img4\" width=\"940\" height=\"423\" \/>\r\n\t\t\t\t\t\t\t\t\t\t<div class=\"slideshow_description_box slideshow_transparent\">\r\n\t\t\t\t\t\t\t\t\t\t\t\t\t\t\t\t\t<\/div>\r\n\t\t\t\t<\/div>\r\n\r\n\t\t\t\t\t\t<div style=\"clear: both;\"><\/div><\/div><div class=\"slideshow_view\">\r\n\t\t\t\t<div class=\"slideshow_slide slideshow_slide_image\">\r\n\t\t\t\t\t\t\t\t\t\t\t<img src=\"https:\/\/padrevasquez.com.ar\/inicio_WP\/wp-content\/uploads\/2017\/09\/img3.jpg\" alt=\"img3\" width=\"940\" height=\"423\" \/>\r\n\t\t\t\t\t\t\t\t\t\t<div class=\"slideshow_description_box slideshow_transparent\">\r\n\t\t\t\t\t\t\t\t\t\t\t\t\t\t\t\t\t<\/div>\r\n\t\t\t\t<\/div>\r\n\r\n\t\t\t\t\t\t<div style=\"clear: both;\"><\/div><\/div><div class=\"slideshow_view\">\r\n\t\t\t\t<div class=\"slideshow_slide slideshow_slide_image\">\r\n\t\t\t\t\t\t\t\t\t\t\t<img src=\"https:\/\/padrevasquez.com.ar\/inicio_WP\/wp-content\/uploads\/2017\/09\/img2.jpg\" alt=\"img2\" width=\"940\" height=\"423\" \/>\r\n\t\t\t\t\t\t\t\t\t\t<div class=\"slideshow_description_box slideshow_transparent\">\r\n\t\t\t\t\t\t\t\t\t\t\t\t\t\t\t\t\t<\/div>\r\n\t\t\t\t<\/div>\r\n\r\n\t\t\t\t\t\t<div style=\"clear: both;\"><\/div><\/div><div class=\"slideshow_view\">\r\n\t\t\t\t<div class=\"slideshow_slide slideshow_slide_image\">\r\n\t\t\t\t\t\t\t\t\t\t\t<img src=\"https:\/\/padrevasquez.com.ar\/inicio_WP\/wp-content\/uploads\/2017\/09\/img1.jpg\" alt=\"img1\" width=\"940\" height=\"423\" \/>\r\n\t\t\t\t\t\t\t\t\t\t<div class=\"slideshow_description_box slideshow_transparent\">\r\n\t\t\t\t\t\t\t\t\t\t\t\t\t\t\t\t\t<\/div>\r\n\t\t\t\t<\/div>\r\n\r\n\t\t\t\t\t\t<div style=\"clear: both;\"><\/div><\/div><div class=\"slideshow_view\">\r\n\t\t\t\t<div class=\"slideshow_slide slideshow_slide_image\">\r\n\t\t\t\t\t\t\t\t\t\t\t<img src=\"https:\/\/padrevasquez.com.ar\/inicio_WP\/wp-content\/uploads\/2017\/09\/img5.jpg\" alt=\"img5\" width=\"940\" height=\"423\" \/>\r\n\t\t\t\t\t\t\t\t\t\t<div class=\"slideshow_description_box slideshow_transparent\">\r\n\t\t\t\t\t\t\t\t\t\t\t\t\t\t\t\t\t<\/div>\r\n\t\t\t\t<\/div>\r\n\r\n\t\t\t\t\t\t<div style=\"clear: both;\"><\/div><\/div><div class=\"slideshow_view\">\r\n\t\t\t\t<div class=\"slideshow_slide slideshow_slide_image\">\r\n\t\t\t\t\t\t\t\t\t\t\t<img src=\"https:\/\/padrevasquez.com.ar\/inicio_WP\/wp-content\/uploads\/2017\/09\/img6.jpg\" alt=\"img6\" width=\"940\" height=\"423\" \/>\r\n\t\t\t\t\t\t\t\t\t\t<div class=\"slideshow_description_box slideshow_transparent\">\r\n\t\t\t\t\t\t\t\t\t\t\t\t\t\t\t\t\t<\/div>\r\n\t\t\t\t<\/div>\r\n\r\n\t\t\t\t\t\t<div style=\"clear: both;\"><\/div><\/div><div class=\"slideshow_view\">\r\n\t\t\t\t<div class=\"slideshow_slide slideshow_slide_image\">\r\n\t\t\t\t\t\t\t\t\t\t\t<img src=\"https:\/\/padrevasquez.com.ar\/inicio_WP\/wp-content\/uploads\/2017\/09\/img7.jpg\" alt=\"img7\" width=\"940\" height=\"423\" \/>\r\n\t\t\t\t\t\t\t\t\t\t<div class=\"slideshow_description_box slideshow_transparent\">\r\n\t\t\t\t\t\t\t\t\t\t\t\t\t\t\t\t\t<\/div>\r\n\t\t\t\t<\/div>\r\n\r\n\t\t\t\t\t\t<div style=\"clear: both;\"><\/div><\/div>\r\n\t\t<\/div>\r\n\r\n\t\t<div class=\"slideshow_controlPanel slideshow_transparent\" style=\"display: none;\"><ul><li class=\"slideshow_togglePlay\" data-play-text=\"Play\" data-pause-text=\"Pause\"><\/li><\/ul><\/div>\r\n\r\n\t\t<div class=\"slideshow_button slideshow_previous slideshow_transparent\" role=\"button\" data-previous-text=\"Previous\" style=\"display: none;\"><\/div>\r\n\t\t<div class=\"slideshow_button slideshow_next slideshow_transparent\" role=\"button\" data-next-text=\"Next\" style=\"display: none;\"><\/div>\r\n\r\n\t\t<div class=\"slideshow_pagination\" style=\"display: none;\" data-go-to-text=\"Go to slide\"><div class=\"slideshow_pagination_center\"><\/div><\/div>\r\n\r\n\t\t<!-- WordPress Slideshow Version 2.3.1 -->\r\n\r\n\t\t\t<\/div>\r\n\r\n<\/p>\n<h1 style=\"text-align: center;\">Proyecto educativo mercedario.<\/h1>\n<h1 style=\"text-align: center;\">Lograr una escuela&#8230;<\/h1>\n<table border=\"0\" width=\"100%\">\n<tbody>\n<tr>\n<td style=\"text-align: center;\">\n<h2><a href=\"http:\/\/padrevasquez.com.ar\/inicio_WP\/escuela-en-clave-pastoral\/\" target=\"_blank\" rel=\"noopener noreferrer\">En clave pastoral<\/a><\/h2>\n<\/td>\n<td style=\"text-align: center;\">\n<h2><a href=\"http:\/\/padrevasquez.com.ar\/inicio_WP\/escuela-que-educa-en-y-para-la-libertad\/\" target=\"_blank\" rel=\"noopener noreferrer\">Que eduque en y para la libertad<\/a><\/h2>\n<\/td>\n<td style=\"text-align: center;\">\n<h2><a href=\"http:\/\/padrevasquez.com.ar\/inicio_WP\/escuela-inclusiva\/\" target=\"_blank\" rel=\"noopener noreferrer\">Inclusiva<\/a><\/h2>\n<\/td>\n<td style=\"text-align: center;\">\n<h2><a href=\"http:\/\/padrevasquez.com.ar\/inicio_WP\/mision\/\" target=\"_blank\" rel=\"noopener noreferrer\">Nuestra misi\u00f3n<\/a><\/h2>\n<\/td>\n<\/tr>\n<tr>\n<td>La tarea a la que todos los actores escolares son convocados es la realizaci\u00f3n de una s\u00edntesis entre Fe, Vida y Cultura.<\/td>\n<td>La libertad es un derecho de la persona por su dignidad humana y es, a la vez, un valor que ha de ser conquistado por cada ser humano. La libertad es don y tarea.<\/td>\n<td>Donde se valora expl\u00edcitamente la existencia de la diversidad, el don y la riqueza que significan las diferencias.<\/td>\n<td>Procuramos la formaci\u00f3n integral de la persona y de la comunidad escolar, abiertos al don de la F\u00e9 y comprometidos con la Democracia, construyendo un mundo m\u00e1s humano y fraterno a favor de los m\u00e1s pobres y exclu\u00eddos.<\/td>\n<\/tr>\n<\/tbody>\n<\/table>\n<h1 style=\"text-align: center;\">\u00a1Nuestro desaf\u00edo!<\/h1>\n<p><img loading=\"lazy\" class=\"size-medium alignleft\" src=\"http:\/\/padrevasquez.com.ar\/inicio_WP\/wp-content\/uploads\/2017\/09\/desafio.gif\" alt=\"Nuestro desafio\" width=\"221\" height=\"182\" \/>Nuestro desaf\u00edo, como Escuela Mercedaria, es estar en atenta escucha a las realidades de nuestro tiempo, ante el avance de un mundo individualista, personal y excluyente, comprometi\u00e9ndonos desde la educaci\u00f3n, en la promoci\u00f3n humana y cultural que permita alcanzar un mundo sin excluidos ni cautivos.<\/p>\n<p>&nbsp;<\/p>\n<p><a href=\"http:\/\/padrevasquez.com.ar\/inicio_WP\/category\/novedades\/\" target=\"_blank\" rel=\"noopener noreferrer\"><img loading=\"lazy\" class=\" wp-image-493 alignright\" src=\"http:\/\/padrevasquez.com.ar\/inicio_WP\/wp-content\/uploads\/2017\/09\/Novedades-propio-300x77.gif\" alt=\"\" width=\"218\" height=\"56\" \/><\/a><\/p>\n<p>&nbsp;<\/p>\n<p>&nbsp;<\/p>\n<div class=\"pdfprnt-buttons pdfprnt-buttons-page pdfprnt-bottom-right\"><a href=\"https:\/\/padrevasquez.com.ar\/inicio_WP\/wp-json\/wp\/v2\/pages\/7?print=pdf\" class=\"pdfprnt-button pdfprnt-button-pdf\" target=\"_blank\"><img src=\"https:\/\/padrevasquez.com.ar\/inicio_WP\/wp-content\/plugins\/pdf-print\/images\/pdf.png\" alt=\"image_pdf\" title=\"View PDF\" \/><span class=\"pdfprnt-button-title pdfprnt-button-pdf-title\">Convertir a PDF<\/span><\/a><a href=\"https:\/\/padrevasquez.com.ar\/inicio_WP\/wp-json\/wp\/v2\/pages\/7?print=print\" class=\"pdfprnt-button pdfprnt-button-print\" target=\"_blank\"><img src=\"https:\/\/padrevasquez.com.ar\/inicio_WP\/wp-content\/plugins\/pdf-print\/images\/print.png\" alt=\"image_print\" title=\"Print Content\" \/><span class=\"pdfprnt-button-title pdfprnt-button-print-title\">Imprimir<\/span><\/a><\/div>","protected":false},"excerpt":{"rendered":"<p>Proyecto educativo mercedario. Lograr una escuela&#8230; En clave pastoral Que eduque en y para la libertad Inclusiva Nuestra misi\u00f3n La tarea a la que todos los actores escolares son convocados es la realizaci\u00f3n de una s\u00edntesis entre Fe, Vida y Cultura. La libertad es un derecho de la persona por su dignidad humana y es, a la vez, un valor que ha de ser conquistado por cada ser humano. La libertad es don y tarea. Donde se valora expl\u00edcitamente la <a href=\"https:\/\/padrevasquez.com.ar\/inicio_WP\/\" class=\"more-link\"><span>. . .<\/span><\/a><\/p>\n","protected":false},"author":1,"featured_media":0,"parent":0,"menu_order":0,"comment_status":"closed","ping_status":"closed","template":"","meta":{"_themeisle_gutenberg_block_has_review":false},"_links":{"self":[{"href":"https:\/\/padrevasquez.com.ar\/inicio_WP\/wp-json\/wp\/v2\/pages\/7"}],"collection":[{"href":"https:\/\/padrevasquez.com.ar\/inicio_WP\/wp-json\/wp\/v2\/pages"}],"about":[{"href":"https:\/\/padrevasquez.com.ar\/inicio_WP\/wp-json\/wp\/v2\/types\/page"}],"author":[{"embeddable":true,"href":"https:\/\/padrevasquez.com.ar\/inicio_WP\/wp-json\/wp\/v2\/users\/1"}],"replies":[{"embeddable":true,"href":"https:\/\/padrevasquez.com.ar\/inicio_WP\/wp-json\/wp\/v2\/comments?post=7"}],"version-history":[{"count":26,"href":"https:\/\/padrevasquez.com.ar\/inicio_WP\/wp-json\/wp\/v2\/pages\/7\/revisions"}],"predecessor-version":[{"id":1339,"href":"https:\/\/padrevasquez.com.ar\/inicio_WP\/wp-json\/wp\/v2\/pages\/7\/revisions\/1339"}],"wp:attachment":[{"href":"https:\/\/padrevasquez.com.ar\/inicio_WP\/wp-json\/wp\/v2\/media?parent=7"}],"curies":[{"name":"wp","href":"https:\/\/api.w.org\/{rel}","templated":true}]}}