{"id":752,"date":"2019-09-23T18:53:51","date_gmt":"2019-09-23T21:53:51","guid":{"rendered":"https:\/\/padrevasquez.com.ar\/inicio_WP\/?p=752"},"modified":"2020-11-11T09:48:50","modified_gmt":"2020-11-11T12:48:50","slug":"medios-de-contacto","status":"publish","type":"page","link":"https:\/\/padrevasquez.com.ar\/inicio_WP\/medios-de-contacto\/","title":{"rendered":"Medios de contacto"},"content":{"rendered":"<h2>Estimadas Madres, Padres o Tutores<\/h2>\n<p>Con la finalidad de evitar confusiones, se les recuerda que existen ciertos correos electr\u00f3nicos destinados a tr\u00e1mites espec\u00edficos.<\/p>\n<p>Para cuestiones administrativas como consultas sobre vacantes o env\u00edo de Curr\u00edculum Vitae, pueden dirigirse al Sr. Apoderado Legal, Prof. Diego Marc\u00f3n empleando:<\/p>\n<ul>\n<li><em><a href=\"mailto:apoderado@padrevasquez.com.ar\" target=\"_blank\" rel=\"noopener noreferrer\">apoderado@padrevasquez.com.ar<\/a> <\/em><\/li>\n<li><a href=\"mailto:dmarcon@padrevasquez.com.ar\" target=\"_blank\" rel=\"noopener noreferrer\"><em>dmarcon@padrevasquez.com.ar<\/em><\/a><\/li>\n<\/ul>\n<p>Si por el contrario se trata de consultas o aclaraciones referidas a las cuotas escolares, pueden emplear:<\/p>\n<ul>\n<li><em><a href=\"mailto:cobranzas@padrevasquez.com.ar\" target=\"_blank\" rel=\"noopener noreferrer\">cobranzas@padrevasquez.com.ar<\/a> <\/em><\/li>\n<li><a href=\"mailto:contaduria@padrevasquez.com.ar\" target=\"_blank\" rel=\"noopener noreferrer\"><em>contaduria@padrevasquez.com.ar<\/em><\/a><\/li>\n<\/ul>\n<p>Si emplean el<a href=\"https:\/\/padrevasquez.com.ar\/inicio_WP\/contacto\/\" target=\"_blank\" rel=\"noopener noreferrer\"> formulario de contacto<\/a>, pueden seleccionar directamente el destinatario y adjuntar documentos, sin necesitar de memorizar cualquiera de las anteriores.<\/p>\n<p>Muchas gracias por su atenci\u00f3n.<\/p>\n<p style=\"text-align: right;\"><em>Con Mar\u00eda de la Merced somos familia protectora de vida<\/em><\/p>\n<div class=\"pdfprnt-buttons pdfprnt-buttons-page pdfprnt-bottom-right\"><a href=\"https:\/\/padrevasquez.com.ar\/inicio_WP\/wp-json\/wp\/v2\/pages\/752?print=pdf\" class=\"pdfprnt-button pdfprnt-button-pdf\" target=\"_blank\"><img src=\"https:\/\/padrevasquez.com.ar\/inicio_WP\/wp-content\/plugins\/pdf-print\/images\/pdf.png\" alt=\"image_pdf\" title=\"View PDF\" \/><span class=\"pdfprnt-button-title pdfprnt-button-pdf-title\">Convertir a PDF<\/span><\/a><a href=\"https:\/\/padrevasquez.com.ar\/inicio_WP\/wp-json\/wp\/v2\/pages\/752?print=print\" class=\"pdfprnt-button pdfprnt-button-print\" target=\"_blank\"><img src=\"https:\/\/padrevasquez.com.ar\/inicio_WP\/wp-content\/plugins\/pdf-print\/images\/print.png\" alt=\"image_print\" title=\"Print Content\" \/><span class=\"pdfprnt-button-title pdfprnt-button-print-title\">Imprimir<\/span><\/a><\/div>","protected":false},"excerpt":{"rendered":"<p>Estimadas Madres, Padres o Tutores Con la finalidad de evitar confusiones, se les recuerda que existen ciertos correos electr\u00f3nicos destinados a tr\u00e1mites espec\u00edficos. Para cuestiones administrativas como consultas sobre vacantes o env\u00edo de Curr\u00edculum Vitae, pueden dirigirse al Sr. Apoderado Legal, Prof. Diego Marc\u00f3n empleando: apoderado@padrevasquez.com.ar dmarcon@padrevasquez.com.ar Si por el contrario se trata de consultas o aclaraciones referidas a las cuotas escolares, pueden emplear: cobranzas@padrevasquez.com.ar contaduria@padrevasquez.com.ar Si emplean el formulario de contacto, pueden seleccionar directamente el destinatario y adjuntar documentos, <a href=\"https:\/\/padrevasquez.com.ar\/inicio_WP\/medios-de-contacto\/\" class=\"more-link\"><span>. . .<\/span><\/a><\/p>\n","protected":false},"author":1,"featured_media":0,"parent":0,"menu_order":0,"comment_status":"closed","ping_status":"closed","template":"","meta":{"_themeisle_gutenberg_block_has_review":false},"_links":{"self":[{"href":"https:\/\/padrevasquez.com.ar\/inicio_WP\/wp-json\/wp\/v2\/pages\/752"}],"collection":[{"href":"https:\/\/padrevasquez.com.ar\/inicio_WP\/wp-json\/wp\/v2\/pages"}],"about":[{"href":"https:\/\/padrevasquez.com.ar\/inicio_WP\/wp-json\/wp\/v2\/types\/page"}],"author":[{"embeddable":true,"href":"https:\/\/padrevasquez.com.ar\/inicio_WP\/wp-json\/wp\/v2\/users\/1"}],"replies":[{"embeddable":true,"href":"https:\/\/padrevasquez.com.ar\/inicio_WP\/wp-json\/wp\/v2\/comments?post=752"}],"version-history":[{"count":4,"href":"https:\/\/padrevasquez.com.ar\/inicio_WP\/wp-json\/wp\/v2\/pages\/752\/revisions"}],"predecessor-version":[{"id":1284,"href":"https:\/\/padrevasquez.com.ar\/inicio_WP\/wp-json\/wp\/v2\/pages\/752\/revisions\/1284"}],"wp:attachment":[{"href":"https:\/\/padrevasquez.com.ar\/inicio_WP\/wp-json\/wp\/v2\/media?parent=752"}],"curies":[{"name":"wp","href":"https:\/\/api.w.org\/{rel}","templated":true}]}}