{"id":781,"date":"2020-04-08T13:30:15","date_gmt":"2020-04-08T16:30:15","guid":{"rendered":"https:\/\/padrevasquez.com.ar\/inicio_WP\/?p=781"},"modified":"2020-11-11T09:53:27","modified_gmt":"2020-11-11T12:53:27","slug":"medios-de-pago","status":"publish","type":"page","link":"https:\/\/padrevasquez.com.ar\/inicio_WP\/medios-de-pago\/","title":{"rendered":"Medios de Pago"},"content":{"rendered":"<h2>Estimadas Madres, Padres o Tutores<\/h2>\n<p>A continuaci\u00f3n les detallamos las opciones de pago vigentes:<\/p>\n<p>1- &#8220;<span style=\"color: #ff0000;\"><strong>pagomiscuentas<\/strong><\/span>\u201d, para lo cual debe ingresar desde un hombanking de la red banelco (la cuenta puede ser de cualquier persona, no necesariamente de los padres) y desde ah\u00ed seguir los pasos que indica la plataforma. Nombre de la empresa \u201cCOLEGIO PADRE VASQUEZ\u201d y cuando le pide c\u00f3digo de cliente, es el n\u00famero de cinco cifras que est\u00e1 delante del nombre del alumno en todas las facturas.  <span style=\"color: #0000ff;\"><strong>EL C\u00d3DIGO DE CLIENTE NO ES EL DNI DEL ALUMNO<\/strong><\/span>. Si no recuerda el c\u00f3digo de cliente puede emplear el <a href=\"https:\/\/www.padrevasquez.com.ar\/DatosPersonales\/\" target=\"_blank\" rel=\"noopener noreferrer\">siguiente enlace<\/a>.<\/p>\n<p>2- &#8220;<span style=\"color: #ff0000;\"><strong>Mercado Pago<\/strong><\/span>&#8220;, &#8220;<span style=\"color: #ff0000;\"><strong>PAGO FACIL<\/strong><\/span>&#8221; y\/o &#8220;<strong><span style=\"color: #ff0000;\">RAPIPAGO<\/span><\/strong>\u201d : Para cualquiera de estos servicios, se debe <a href=\"https:\/\/www.padrevasquez.com.ar\/BoletoPago\/\" target=\"_blank\" rel=\"noopener noreferrer\">generar un boleto ingresando por aqui<\/a> y cargar los datos: N\u00b0 de cliente (es el n\u00famero de cinco cifras que est\u00e1 delante del nombre del alumno en todas las facturas. <span style=\"color: #0000ff;\"><strong>EL C\u00d3DIGO DE CLIENTE NO ES EL DNI DEL ALUMNO<\/strong><\/span>. Si no recuerda el c\u00f3digo de cliente puede emplear el <a href=\"https:\/\/www.padrevasquez.com.ar\/DatosPersonales\/\" target=\"_blank\" rel=\"noopener noreferrer\">siguiente enlace<\/a>.), mes que desea abonar y nivel educativo al que concurre el alumno. Una vez que tenga el boleto en mano podr\u00e1 acceder a la aplicaci\u00f3n desde el celular y leer el c\u00f3digo de barras. En este caso POR FAVOR ANTES DE ABONAR CORROBORE BIEN LOS DATOS, esto es debido a que la calidad de la impresi\u00f3n puede alterar el c\u00f3digo de barra.<\/p>\n<p>3-&#8220;<span style=\"color: #ff0000;\"><strong>D\u00e9bito directo en cuenta<\/strong><\/span>&#8220;, para utilizar esta opci\u00f3n debe completar el archivo de &#8220;<em>Acuerdo de d\u00e9bito autom\u00e1tico<\/em>&#8221; y devolverlo firmado (escaneado o por foto) junto a copia del documento y constancia de CBU emitida por el banco, al correo <a href=\"mailto:cobranzas@padrevasquez.com.ar\" target=\"_blank\" rel=\"noopener noreferrer\">cobranzas@padrevasquez.com.ar<\/a><\/p>\n<table border=\"0\" width=\"100%\">\n<tbody>\n<tr>\n<td>\n<div style=\"text-align: center;\" align=\"center\"><a href=\"https:\/\/padrevasquez.com.ar\/inicio_WP\/?ddownload=879\" title=\"Descarga\" rel=\"nofollow\" class=\"ddownload-button button-blue id-879 ext-docx\">Descarga<\/a><\/div>\n<\/td>\n<td>\n<div style=\"text-align: center;\" align=\"center\"><a href=\"https:\/\/padrevasquez.com.ar\/inicio_WP\/?ddownload=880\" title=\"Descarga\" rel=\"nofollow\" class=\"ddownload-button button-blue id-880 ext-pdf\">Descarga<\/a><\/div>\n<\/td>\n<td>\n<div style=\"text-align: center;\" align=\"center\"><a href=\"https:\/\/padrevasquez.com.ar\/inicio_WP\/?ddownload=881\" title=\"Descarga\" rel=\"nofollow\" class=\"ddownload-button button-blue id-881 ext-png\">Descarga<\/a><\/div>\n<\/td>\n<\/tr>\n<tr>\n<td>\n<div style=\"text-align: center;\" align=\"center\">Formato .docx<\/div>\n<\/td>\n<td>\n<div style=\"text-align: center;\" align=\"center\">Formato .pdf<\/div>\n<\/td>\n<td>\n<div style=\"text-align: center;\" align=\"center\">Formato .png<\/div>\n<\/td>\n<\/tr>\n<tr>\n<td colspan=\"3\">\n<div style=\"text-align: center;\" align=\"center\">Acuerdo de d\u00e9bito autom\u00e1tico<\/div>\n<\/td>\n<\/tr>\n<\/tbody>\n<\/table>\n<p>El documento descargado, una vez que haya sido completado, tambi\u00e9n puede ser enviado electr\u00f3nicamente mediante el siguiente formulario (compacte la copia del documento, la constancia de CBU y el documento firmado):<\/p>\n<p><strong>Observaci\u00f3n:<\/strong> Debido a algunos problemas de hosting, ajenos a la Instituci\u00f3n, si se presenta alg\u00fan tipo de problema durante la carga de la informaci\u00f3n, pruebe enviar los documentos sin compactar, simplemente seleccion\u00e1ndolos presionando simult\u00e1nemente la tecla <em><strong>CTRL<\/strong><\/em>.<\/p>\n<p style=\"text-align: left;\">\n<div class=\"wpcf7 no-js\" id=\"wpcf7-f957-o1\" lang=\"es-AR\" dir=\"ltr\">\n<div class=\"screen-reader-response\"><p role=\"status\" aria-live=\"polite\" aria-atomic=\"true\"><\/p> <ul><\/ul><\/div>\n<form action=\"\/inicio_WP\/wp-json\/wp\/v2\/pages\/781#wpcf7-f957-o1\" method=\"post\" class=\"wpcf7-form init\" aria-label=\"Formulario de contacto\" enctype=\"multipart\/form-data\" novalidate=\"novalidate\" data-status=\"init\">\n<div style=\"display: none;\">\n<input type=\"hidden\" name=\"_wpcf7\" value=\"957\" \/>\n<input type=\"hidden\" name=\"_wpcf7_version\" value=\"5.7.4\" \/>\n<input type=\"hidden\" name=\"_wpcf7_locale\" value=\"es_AR\" \/>\n<input type=\"hidden\" name=\"_wpcf7_unit_tag\" value=\"wpcf7-f957-o1\" \/>\n<input type=\"hidden\" name=\"_wpcf7_container_post\" value=\"0\" \/>\n<input type=\"hidden\" name=\"_wpcf7_posted_data_hash\" value=\"\" \/>\n<input type=\"hidden\" name=\"_wpcf7_recaptcha_response\" value=\"\" \/>\n<\/div>\n<p> Nombre y Apellido<br \/>\n<span class=\"wpcf7-form-control-wrap\" data-name=\"your-name\"><input size=\"40\" class=\"wpcf7-form-control wpcf7-text wpcf7-validates-as-required\" aria-required=\"true\" aria-invalid=\"false\" placeholder=\"--- Obligatorio ---\" value=\"\" type=\"text\" name=\"your-name\" \/><\/span>\n<\/p>\n<p> Correo electr\u00f3nico<br \/>\n<span class=\"wpcf7-form-control-wrap\" data-name=\"your-email\"><input size=\"40\" class=\"wpcf7-form-control wpcf7-text wpcf7-email wpcf7-validates-as-required wpcf7-validates-as-email\" aria-required=\"true\" aria-invalid=\"false\" placeholder=\"--- Obligatorio ---\" value=\"\" type=\"email\" name=\"your-email\" \/><\/span>\n<\/p>\n<p> Tel\u00e9fono<br \/>\n<span class=\"wpcf7-form-control-wrap\" data-name=\"telefono\"><input size=\"40\" class=\"wpcf7-form-control wpcf7-text\" aria-invalid=\"false\" placeholder=\"--- Tel\u00e9fono no obligatorio ---\" value=\"\" type=\"text\" name=\"telefono\" \/><\/span>\n<\/p>\n<p> Elija el destino<br \/>\n<span class=\"wpcf7-form-control-wrap\" data-name=\"menu-583\"><select class=\"wpcf7-form-control wpcf7-select wpcf7-validates-as-required\" aria-required=\"true\" aria-invalid=\"false\" name=\"menu-583\"><option value=\"\">&#8212;Por favor, eleg\u00ed una opci\u00f3n&#8212;<\/option><option value=\"Contadur\u00eda\">Contadur\u00eda<\/option><option value=\"Apoderado Legal\">Apoderado Legal<\/option><\/select><\/span>\n<\/p>\n<p> Asunto<br \/>\n<span class=\"wpcf7-form-control-wrap\" data-name=\"your-subject\"><input size=\"40\" class=\"wpcf7-form-control wpcf7-text wpcf7-validates-as-required\" aria-required=\"true\" aria-invalid=\"false\" placeholder=\"--- Obligatorio ---\" value=\"\" type=\"text\" name=\"your-subject\" \/><\/span>\n<\/p>\n<p> Mensaje<br \/>\n<span class=\"wpcf7-form-control-wrap\" data-name=\"your-message\"><textarea cols=\"40\" rows=\"10\" class=\"wpcf7-form-control wpcf7-textarea\" aria-invalid=\"false\" name=\"your-message\"><\/textarea><\/span>\n<\/p>\n<p> Archivo adjunto (zip|pdf|jpg|png|docx) o varios compactados en formato zip.<br \/>\n<span class=\"wpcf7-form-control-wrap\" data-name=\"file-695\"><input size=\"40\" class=\"wpcf7-form-control wpcf7-file\" accept=\".zip,.pdf,.jpg,.png,.docx\" aria-invalid=\"false\" type=\"file\" name=\"file-695\" \/><\/span>\n<\/p>\n<div style=\u201dclear: both;\u201d>\n\t<p>&nbsp;\n\t<\/p>\n<\/div>\n<p><input class=\"wpcf7-form-control has-spinner wpcf7-submit\" type=\"submit\" value=\"Enviar la autorizaci\u00f3n\" \/>\n<\/p><div class=\"wpcf7-response-output\" aria-hidden=\"true\"><\/div>\n<\/form>\n<\/div>\n<\/p>\n<p>Cualquier duda puede comunicarse a <a href=\"mailto:cobranzas@padrevasquez.com.ar\" target=\"_blank\" rel=\"noopener noreferrer\">cobranzas@padrevasquez.com.ar<\/a> colocando en el asunto el nombre y n\u00famero del alumno.<\/p>\n<p>Las consultas realizadas por medio de los formulario de comentarios ser\u00e1n ignoradas. Por favor, emplee el <a href=\"https:\/\/padrevasquez.com.ar\/inicio_WP\/contacto\/\" target=\"_blank\" rel=\"noopener noreferrer\">formulario de contacto<\/a> seleccionando como destino &#8220;cobranzas&#8221; y colocando en el asunto el nombre y n\u00famero del alumno.<\/p>\n<p>Muchas gracias por su atenci\u00f3n.<\/p>\n<p style=\"text-align: right;\"><em>Con Mar\u00eda de la Merced somos familia protectora de vida<\/em><\/p>\n<div class=\"pdfprnt-buttons pdfprnt-buttons-page pdfprnt-bottom-right\"><a href=\"https:\/\/padrevasquez.com.ar\/inicio_WP\/wp-json\/wp\/v2\/pages\/781?print=pdf\" class=\"pdfprnt-button pdfprnt-button-pdf\" target=\"_blank\"><img src=\"https:\/\/padrevasquez.com.ar\/inicio_WP\/wp-content\/plugins\/pdf-print\/images\/pdf.png\" alt=\"image_pdf\" title=\"View PDF\" \/><span class=\"pdfprnt-button-title pdfprnt-button-pdf-title\">Convertir a PDF<\/span><\/a><a href=\"https:\/\/padrevasquez.com.ar\/inicio_WP\/wp-json\/wp\/v2\/pages\/781?print=print\" class=\"pdfprnt-button pdfprnt-button-print\" target=\"_blank\"><img src=\"https:\/\/padrevasquez.com.ar\/inicio_WP\/wp-content\/plugins\/pdf-print\/images\/print.png\" alt=\"image_print\" title=\"Print Content\" \/><span class=\"pdfprnt-button-title pdfprnt-button-print-title\">Imprimir<\/span><\/a><\/div>","protected":false},"excerpt":{"rendered":"<p>Estimadas Madres, Padres o Tutores A continuaci\u00f3n les detallamos las opciones de pago vigentes: 1- &#8220;pagomiscuentas\u201d, para lo cual debe ingresar desde un hombanking de la red banelco (la cuenta puede ser de cualquier persona, no necesariamente de los padres) y desde ah\u00ed seguir los pasos que indica la plataforma. Nombre de la empresa \u201cCOLEGIO PADRE VASQUEZ\u201d y cuando le pide c\u00f3digo de cliente, es el n\u00famero de cinco cifras que est\u00e1 delante del nombre del alumno en todas las <a href=\"https:\/\/padrevasquez.com.ar\/inicio_WP\/medios-de-pago\/\" class=\"more-link\"><span>. . .<\/span><\/a><\/p>\n","protected":false},"author":1,"featured_media":0,"parent":0,"menu_order":0,"comment_status":"closed","ping_status":"closed","template":"","meta":{"_themeisle_gutenberg_block_has_review":false},"_links":{"self":[{"href":"https:\/\/padrevasquez.com.ar\/inicio_WP\/wp-json\/wp\/v2\/pages\/781"}],"collection":[{"href":"https:\/\/padrevasquez.com.ar\/inicio_WP\/wp-json\/wp\/v2\/pages"}],"about":[{"href":"https:\/\/padrevasquez.com.ar\/inicio_WP\/wp-json\/wp\/v2\/types\/page"}],"author":[{"embeddable":true,"href":"https:\/\/padrevasquez.com.ar\/inicio_WP\/wp-json\/wp\/v2\/users\/1"}],"replies":[{"embeddable":true,"href":"https:\/\/padrevasquez.com.ar\/inicio_WP\/wp-json\/wp\/v2\/comments?post=781"}],"version-history":[{"count":15,"href":"https:\/\/padrevasquez.com.ar\/inicio_WP\/wp-json\/wp\/v2\/pages\/781\/revisions"}],"predecessor-version":[{"id":1285,"href":"https:\/\/padrevasquez.com.ar\/inicio_WP\/wp-json\/wp\/v2\/pages\/781\/revisions\/1285"}],"wp:attachment":[{"href":"https:\/\/padrevasquez.com.ar\/inicio_WP\/wp-json\/wp\/v2\/media?parent=781"}],"curies":[{"name":"wp","href":"https:\/\/api.w.org\/{rel}","templated":true}]}}