{"id":824,"date":"2020-04-09T18:43:58","date_gmt":"2020-04-09T21:43:58","guid":{"rendered":"https:\/\/padrevasquez.com.ar\/inicio_WP\/?page_id=824"},"modified":"2025-12-12T07:25:18","modified_gmt":"2025-12-12T10:25:18","slug":"autoridades","status":"publish","type":"page","link":"https:\/\/padrevasquez.com.ar\/inicio_WP\/autoridades\/","title":{"rendered":"Autoridades"},"content":{"rendered":"<div>\n<p>En lo que sigue, cuando se de diga &#8220;LA INSTITUCI\u00d3N&#8221;, se debe entender al &#8220;Colegio e Instituto Privado Padre V\u00e1squez&#8221;, sea en el Nivel Inicial, Nivel Primario y\/o Nivel Secundario, seg\u00fan corresponda. La Orden de la Merced es la propietaria legal de La Instituci\u00f3n.<\/p>\n<h2>Constituci\u00f3n del Consejo Directivo<\/h2>\n<p>El Consejo Directivo de LA INSTITUCI\u00d3N es la instancia directiva de participaci\u00f3n de la comunidad educativa y de orientaci\u00f3n acad\u00e9mica y administrativa del establecimiento, y se organiza de la siguiente forma:<\/p>\n<ol>\n<li>Superior Convento de la Orden de la Merced en Maip\u00fa (Mendoza, Provincia Mercedaria de Argentina): Fray Carlos G\u00f3mez<\/li>\n<li>Representante Legal: Profesor Diego Marc\u00f3n, email: <a href=\"mailto:apoderado@padrevasquez.com.ar\">apoderado@padrevasquez.com.ar<\/a><\/li>\n<li>Directora de Nivel Inicial: Profesora Ceciclia Lorena Rinaldi, email: <a href=\"mailto:dinicial@padrevasquez.com.ar\">dinicial@padrevasquez.com.ar<\/a><\/li>\n<li> Directora Nivel Primario: Profesora Ver\u00f3nica Elizabeth Guerra, email: <a href=\"mailto:dprimaria@padrevasquez.com.ar\">dprimaria@padrevasquez.com.ar<\/a><\/li>\n<li> Vicedirectora de Nivel Primario: Profesora Vanesa Ramirez, email: <a href=\"mailto:dprimaria@padrevasquez.com.ar\">dprimaria@padrevasquez.com.ar<\/a><\/li>\n<li> Directora de Nivel Secundario: Profesora Estela Biondolini, email: <a href=\"mailto:dsecundaria@padrevasquez.com.ar\">dsecundaria@padrevasquez.com.ar<\/a><\/li>\n<li> Vicedirector de Nivel Secundario: Profesor Victor Alfredo Rodriguez, email: <a href=\"mailto:vdsecundaria@padrevasquez.com.ar\">vdsecundaria@padrevasquez.com.ar<\/a><\/li>\n<li>Coordinador General de Pastoral: Hern\u00e1n Esteban Marianetti, email: <a href=\"mailto:coordpastoral@padrevasquez.com.ar\">coordpastoral@padrevasquez.com.ar<\/a><\/li>\n<\/ol>\n<p>Adem\u00e1s, se consideran autoridades de LA INSTITUCI\u00d3N a:<\/p>\n<ol>\n<li>Secretaria de Nivel Inicial y Primario: Griselda Crescini, email: <a href=\"mailto:secretarianp@padrevasquez.com.ar\">secretarianp@padrevasquez.com.ar<\/a><\/li>\n<li>Secretario de Nivel Secundario: Esteban Luna, email: <a href=\"mailto:secretarians@padrevasquez.com.ar\">secretarians@padrevasquez.com.ar<\/a><\/li>\n<\/ol>\n<h2>Funciones principales del Consejo Directivo<\/h2>\n<ul>\n<li>Tomar las decisiones que afecten el funcionamiento de la instituci\u00f3n;<\/li>\n<li>Adoptar y actualizar el reglamento de la instituci\u00f3n acorde a los ajustes de la legislaci\u00f3n en vigencia;<\/li>\n<li>Aprobar el plan anual de actualizaci\u00f3n acad\u00e9mica del personal docente;<\/li>\n<li>Participar en la planeaci\u00f3n y evaluaci\u00f3n del Proyecto Educativo Institucional (PEI);<\/li>\n<li>Estimular y controlar el buen funcionamiento de la instituci\u00f3n educativa;<\/li>\n<li>Participar en la evaluaci\u00f3n de todo el personal de la instituci\u00f3n;<\/li>\n<li>Recomendar criterios de participaci\u00f3n de la instituci\u00f3n en actividades comunitarias, culturales, deportivas y recreativas, acorde a los lineamientos del PEI;<\/li>\n<li>Promover las relaciones de tipo acad\u00e9mico, deportivo y cultural con otras instituciones educativas locales, nacionales o internacionales;<\/li>\n<li>Dar cumplimiento al reglamento propio de funcionamiento del Consejo Directivo en un todo de acuerdo a los lineamientos de la Orden de la Merced.<\/li>\n<\/ul>\n<p>&nbsp;<\/p>\n<p>Las consultas realizadas por medio de los formulario de comentarios ser\u00e1n ignoradas. Por favor, emplee el <a href=\"https:\/\/padrevasquez.com.ar\/inicio_WP\/contacto\/\" target=\"_blank\" rel=\"noopener noreferrer\">formulario de contacto<\/a> seleccionando el destino apropiado y colocando en el Asunto el nombre, apellido y n\u00famero de legajo del alumno (Nunca indique el DNI).<\/p>\n<p style=\"text-align: right;\"><em>Con Mar\u00eda de la Merced somos familia protectora de vida<\/em><\/p>\n<p>&nbsp;<\/p>\n<\/div>\n<div class=\"pdfprnt-buttons pdfprnt-buttons-page pdfprnt-bottom-right\"><a href=\"https:\/\/padrevasquez.com.ar\/inicio_WP\/wp-json\/wp\/v2\/pages\/824?print=pdf\" class=\"pdfprnt-button pdfprnt-button-pdf\" target=\"_blank\"><img src=\"https:\/\/padrevasquez.com.ar\/inicio_WP\/wp-content\/plugins\/pdf-print\/images\/pdf.png\" alt=\"image_pdf\" title=\"View PDF\" \/><span class=\"pdfprnt-button-title pdfprnt-button-pdf-title\">Convertir a PDF<\/span><\/a><a href=\"https:\/\/padrevasquez.com.ar\/inicio_WP\/wp-json\/wp\/v2\/pages\/824?print=print\" class=\"pdfprnt-button pdfprnt-button-print\" target=\"_blank\"><img src=\"https:\/\/padrevasquez.com.ar\/inicio_WP\/wp-content\/plugins\/pdf-print\/images\/print.png\" alt=\"image_print\" title=\"Print Content\" \/><span class=\"pdfprnt-button-title pdfprnt-button-print-title\">Imprimir<\/span><\/a><\/div>","protected":false},"excerpt":{"rendered":"<p>En lo que sigue, cuando se de diga &#8220;LA INSTITUCI\u00d3N&#8221;, se debe entender al &#8220;Colegio e Instituto Privado Padre V\u00e1squez&#8221;, sea en el Nivel Inicial, Nivel Primario y\/o Nivel Secundario, seg\u00fan corresponda. La Orden de la Merced es la propietaria legal de La Instituci\u00f3n. Constituci\u00f3n del Consejo Directivo El Consejo Directivo de LA INSTITUCI\u00d3N es la instancia directiva de participaci\u00f3n de la comunidad educativa y de orientaci\u00f3n acad\u00e9mica y administrativa del establecimiento, y se organiza de la siguiente forma: Superior <a href=\"https:\/\/padrevasquez.com.ar\/inicio_WP\/autoridades\/\" class=\"more-link\"><span>. . .<\/span><\/a><\/p>\n","protected":false},"author":1,"featured_media":0,"parent":0,"menu_order":0,"comment_status":"closed","ping_status":"closed","template":"","meta":{"_themeisle_gutenberg_block_has_review":false},"_links":{"self":[{"href":"https:\/\/padrevasquez.com.ar\/inicio_WP\/wp-json\/wp\/v2\/pages\/824"}],"collection":[{"href":"https:\/\/padrevasquez.com.ar\/inicio_WP\/wp-json\/wp\/v2\/pages"}],"about":[{"href":"https:\/\/padrevasquez.com.ar\/inicio_WP\/wp-json\/wp\/v2\/types\/page"}],"author":[{"embeddable":true,"href":"https:\/\/padrevasquez.com.ar\/inicio_WP\/wp-json\/wp\/v2\/users\/1"}],"replies":[{"embeddable":true,"href":"https:\/\/padrevasquez.com.ar\/inicio_WP\/wp-json\/wp\/v2\/comments?post=824"}],"version-history":[{"count":20,"href":"https:\/\/padrevasquez.com.ar\/inicio_WP\/wp-json\/wp\/v2\/pages\/824\/revisions"}],"predecessor-version":[{"id":1517,"href":"https:\/\/padrevasquez.com.ar\/inicio_WP\/wp-json\/wp\/v2\/pages\/824\/revisions\/1517"}],"wp:attachment":[{"href":"https:\/\/padrevasquez.com.ar\/inicio_WP\/wp-json\/wp\/v2\/media?parent=824"}],"curies":[{"name":"wp","href":"https:\/\/api.w.org\/{rel}","templated":true}]}}