{"id":884,"date":"2020-04-23T09:19:49","date_gmt":"2020-04-23T12:19:49","guid":{"rendered":"https:\/\/padrevasquez.com.ar\/inicio_WP\/?page_id=884"},"modified":"2021-03-29T20:02:44","modified_gmt":"2021-03-29T23:02:44","slug":"implementacion-de-gsuite-for-education","status":"publish","type":"page","link":"https:\/\/padrevasquez.com.ar\/inicio_WP\/implementacion-de-gsuite-for-education\/","title":{"rendered":"Implementaci\u00f3n de Google Workspace for Education"},"content":{"rendered":"<h2 style=\"text-align: center;\">Implementaci\u00f3n de Google Workspace for Education<\/h2>\n<p>En lo que sigue, cuando se de diga &#8220;LA INSTITUCI\u00d3N&#8221;, se debe entender al &#8220;Colegio e Instituto Privado Padre V\u00e1squez&#8221;, sea en el Nivel Inicial, Nivel Primario y\/o Nivel Secundario, seg\u00fan corresponda. La Orden de la Merced es la propietaria legal de LA INSTITUCI\u00d3N.<\/p>\n<p>LA INSTITUCI\u00d3N ha implementado la plataforma Google Workspace for Education para complementar los medios electr\u00f3nicos de comunicaci\u00f3n que faciliten la vinculaci\u00f3n de su plantel docente con la mayor cantidad de estudiantes posible.<\/p>\n<p>Google Workspace for Education es un pack de servicios en la nube que integra herramientas de comunicaci\u00f3n y de colaboraci\u00f3n, que se ofrece a los centros educativos con car\u00e1cter gratuito y cuyas caracter\u00edsticas m\u00e1s destacadas son:<\/p>\n<ol>\n<li><strong>Colaboraci\u00f3n:<\/strong> Permite crear, compartir y editar documentos de una forma f\u00e1cil en tiempo real. Varios usuarios pueden editar a la vez un mismo documento y almacenarlo autom\u00e1ticamente en la nube.<\/li>\n<li><strong>Comunicaci\u00f3n:<\/strong> Se ofrecen herramientas muy potentes para la comunicaci\u00f3n entre usuarios, tales como correo electr\u00f3nico y videoconferencia.<\/li>\n<li><strong>Multidispositivo:<\/strong> Ofrece una experiencia de usuario consistente ya sea desde un ordenador, tableta o tel\u00e9fono celular, pudiendo trabajar desde cualquier sitio y a cualquier hora, exigiendo s\u00f3lo una conexi\u00f3n a internet.<\/li>\n<\/ol>\n<p>El paquete principal de aplicaciones de Google Workspace for Education est\u00e1 formado por las siguientes herramientas:<\/p>\n<ol>\n<li><strong>Calendario<\/strong>. Se puede aplicar a la anotaci\u00f3n de eventos en un calendario para planificar tareas, uso de espacios, etc. Adem\u00e1s, se integra con el resto de aplicaciones: GMail, Contactos, Drive, Hangouts, etc<\/li>\n<li><strong>Classroom<\/strong>. El profesorado puede crear y compartir tareas con sus alumnos. Esta aplicaci\u00f3n contribuye a mantener las clases organizadas y a mejorar la comunicaci\u00f3n y el intercambio de archivos con los estudiantes.<\/li>\n<li><strong>Directorio<\/strong>. Permite gestionar al administrador un directorio global de contactos para toda la organizaci\u00f3n y configurar c\u00f3mo se comparten los contactos privados de los usuarios.<\/li>\n<li><strong>Drive y Documentos<\/strong>. Pensado para guardar todo tipo de archivos en este disco duro virtual alojado en la nube (Drive), acceder a ellos desde cualquier dispositivo y compartirlos sin necesidad de enviarlos como adjuntos o mezclar distintas versiones. Tambi\u00e9n se pueden crear y editar documentos, hojas de c\u00e1lculo, presentaciones  a trav\u00e9s del navegador. Distintos usuarios pueden trabajar al mismo tiempo sobre un documento y todos los cambios se guardar\u00e1n autom\u00e1ticamente.<\/li>\n<li><strong>Gmail<\/strong>. Es el correo electr\u00f3nico de alta capacidad y disponibilidad. Dispone de un sistema de correo web con b\u00fasqueda integrada de mensaje, lista de contactos, organizaci\u00f3n en carpetas, reglas de mensajes, asignaci\u00f3n de etiquetas, etc.<\/li>\n<li><strong>Google Vault<\/strong>. Esta herramienta permite gestionar, conservar y buscar en los emails y chats de tu organizaci\u00f3n. Contempla la b\u00fasqueda y archivado de datos en las cuentas de usuarios. Exporta los archivos a Google Drive y conserva la informaci\u00f3n a salvo. Tambi\u00e9n ofrece informes de auditor\u00eda sobre las acciones que los usuarios de Valut han realizado durante un periodo especificado.<\/li>\n<li><strong>Hangouts<\/strong>. Se trata de un servicio de mensajer\u00eda instant\u00e1nea privado para miembros del dominio que permite crear salas de chat, enviar mensajes directos y compartir documentos. Dispone de un bot que revisa los calendarios de todo el equipo de una sala para programar eventos.<\/li>\n<li><strong>Meet<\/strong>. Servicio de videoconferencia y chat para los usuarios Google en general. Se utiliza para conectarse a cualquier hora mediante texto, voz o v\u00eddeo. Con Hangouts es posible realizar llamadas de video grupales, reuniones virtuales, etc.<\/li>\n<li><strong>Jamboard<\/strong>. Es una herramienta en l\u00ednea que simula una pizarra digital interactiva y que facilita la comunicaci\u00f3n a trav\u00e9s de Internet en tiempo real.<\/li>\n<li><strong>Keep<\/strong>. Es un bloc de notas que permite crear, administrar y compartir anotaciones con otros miembros de la organizaci\u00f3n.<\/li>\n<li><strong>Sincronizaci\u00f3n<\/strong>. Permite que los usuarios dispongan de los mismos datos en todos los dispositivos en los que abran sesi\u00f3n y accedan al navegador Chrome: marcadores, historial, contrase\u00f1as, autocompletar, configuraci\u00f3n y preferencias.<\/li>\n<li><strong>Sites<\/strong>. Con esta utilidad se puede crear un sitio web para tu clase, equipo o proyecto con un sistema de gesti\u00f3n muy f\u00e1cil y sin escribir una l\u00ednea de c\u00f3digo.<\/li>\n<li><strong>Tareas<\/strong>. Los usuarios de la organizaci\u00f3n pueden crear y gestionar listados de tareas personales a realizar.<\/li>\n<\/ol>\n<p>Tambi\u00e9n es importante que se atiendan a las <a href=\"https:\/\/padrevasquez.com.ar\/inicio_WP\/condiciones-de-uso-de-g-suite-for-education\/\" target=\"_blank\" rel=\"noopener noreferrer\">condiciones de uso de Google Workspace for Education<\/a>, as\u00ed como las <a href=\"https:\/\/padrevasquez.com.ar\/inicio_WP\/recomendaciones-de-capacitacion\/\" target=\"_blank\" rel=\"noopener noreferrer\">recomendaciones de capacitaci\u00f3n<\/a>.<\/p>\n<p>&nbsp;<\/p>\n<div class=\"pdfprnt-buttons pdfprnt-buttons-page pdfprnt-bottom-right\"><a href=\"https:\/\/padrevasquez.com.ar\/inicio_WP\/wp-json\/wp\/v2\/pages\/884?print=pdf\" class=\"pdfprnt-button pdfprnt-button-pdf\" target=\"_blank\"><img src=\"https:\/\/padrevasquez.com.ar\/inicio_WP\/wp-content\/plugins\/pdf-print\/images\/pdf.png\" alt=\"image_pdf\" title=\"View PDF\" \/><span class=\"pdfprnt-button-title pdfprnt-button-pdf-title\">Convertir a PDF<\/span><\/a><a href=\"https:\/\/padrevasquez.com.ar\/inicio_WP\/wp-json\/wp\/v2\/pages\/884?print=print\" class=\"pdfprnt-button pdfprnt-button-print\" target=\"_blank\"><img src=\"https:\/\/padrevasquez.com.ar\/inicio_WP\/wp-content\/plugins\/pdf-print\/images\/print.png\" alt=\"image_print\" title=\"Print Content\" \/><span class=\"pdfprnt-button-title pdfprnt-button-print-title\">Imprimir<\/span><\/a><\/div>","protected":false},"excerpt":{"rendered":"<p>Implementaci\u00f3n de Google Workspace for Education En lo que sigue, cuando se de diga &#8220;LA INSTITUCI\u00d3N&#8221;, se debe entender al &#8220;Colegio e Instituto Privado Padre V\u00e1squez&#8221;, sea en el Nivel Inicial, Nivel Primario y\/o Nivel Secundario, seg\u00fan corresponda. La Orden de la Merced es la propietaria legal de LA INSTITUCI\u00d3N. LA INSTITUCI\u00d3N ha implementado la plataforma Google Workspace for Education para complementar los medios electr\u00f3nicos de comunicaci\u00f3n que faciliten la vinculaci\u00f3n de su plantel docente con la mayor cantidad de <a href=\"https:\/\/padrevasquez.com.ar\/inicio_WP\/implementacion-de-gsuite-for-education\/\" class=\"more-link\"><span>. . .<\/span><\/a><\/p>\n","protected":false},"author":1,"featured_media":0,"parent":0,"menu_order":0,"comment_status":"closed","ping_status":"closed","template":"","meta":{"_themeisle_gutenberg_block_has_review":false},"_links":{"self":[{"href":"https:\/\/padrevasquez.com.ar\/inicio_WP\/wp-json\/wp\/v2\/pages\/884"}],"collection":[{"href":"https:\/\/padrevasquez.com.ar\/inicio_WP\/wp-json\/wp\/v2\/pages"}],"about":[{"href":"https:\/\/padrevasquez.com.ar\/inicio_WP\/wp-json\/wp\/v2\/types\/page"}],"author":[{"embeddable":true,"href":"https:\/\/padrevasquez.com.ar\/inicio_WP\/wp-json\/wp\/v2\/users\/1"}],"replies":[{"embeddable":true,"href":"https:\/\/padrevasquez.com.ar\/inicio_WP\/wp-json\/wp\/v2\/comments?post=884"}],"version-history":[{"count":7,"href":"https:\/\/padrevasquez.com.ar\/inicio_WP\/wp-json\/wp\/v2\/pages\/884\/revisions"}],"predecessor-version":[{"id":1361,"href":"https:\/\/padrevasquez.com.ar\/inicio_WP\/wp-json\/wp\/v2\/pages\/884\/revisions\/1361"}],"wp:attachment":[{"href":"https:\/\/padrevasquez.com.ar\/inicio_WP\/wp-json\/wp\/v2\/media?parent=884"}],"curies":[{"name":"wp","href":"https:\/\/api.w.org\/{rel}","templated":true}]}}