{"id":910,"date":"2020-04-24T00:03:06","date_gmt":"2020-04-24T03:03:06","guid":{"rendered":"https:\/\/padrevasquez.com.ar\/inicio_WP\/?page_id=910"},"modified":"2021-03-29T20:08:48","modified_gmt":"2021-03-29T23:08:48","slug":"recomendaciones-de-capacitacion","status":"publish","type":"page","link":"https:\/\/padrevasquez.com.ar\/inicio_WP\/recomendaciones-de-capacitacion\/","title":{"rendered":"Recomendaciones de capacitaci\u00f3n"},"content":{"rendered":"<h2 style=\"text-align: center;\">Recomendaciones de capacitaci\u00f3n<\/h2>\n<p>La forma m\u00e1s directa de capacitarse en el uso de Google Workspace for Education es ingresar al &#8220;<a href=\"https:\/\/support.google.com\/a\/users#topic=9797903\" target=\"_blank\" rel=\"noopener noreferrer\">Centro de Aprendizaje<\/a>&#8220;, que posee gu\u00edas de iniciaci\u00f3n r\u00e1pida y gesti\u00f3n de casos.<\/p>\n<p>Tambi\u00e9n es posible consultar el espacio de <a href=\"https:\/\/www.youtube.com\/watch?v=XHIRPSkebFE\" target=\"_blank\" rel=\"noopener noreferrer\">Youtube<\/a>, plagado de consejos presentados por expertos de Google.<\/p>\n<p>Ahora se presenta una serie de videos de Youtube, que seguramente les ayudar\u00e1n. Son s\u00f3lo unos ejemplos de los muchos que pueden encontrarse en la red. Si encuentran otros, m\u00e1s claros o m\u00e1s cortos, por favor dejar el dato en el comentario para que sea agregado a la lista.<\/p>\n<table border=\"0\" width=\"60%\">\n<tbody>\n<tr>\n<td style=\"text-align: left;\">C\u00f3mo usar Google Calendar con facilidad<\/td>\n<td><a href=\"https:\/\/www.youtube.com\/watch?v=LIvh-8Z7D2E\" target=\"_blank\" rel=\"noopener noreferrer\"><img loading=\"lazy\" class=\"aligncenter wp-image-899\" src=\"https:\/\/padrevasquez.com.ar\/inicio_WP\/wp-content\/uploads\/2020\/04\/calendario2.png\" alt=\"\" width=\"100\" height=\"100\" srcset=\"https:\/\/padrevasquez.com.ar\/inicio_WP\/wp-content\/uploads\/2020\/04\/calendario2.png 512w, https:\/\/padrevasquez.com.ar\/inicio_WP\/wp-content\/uploads\/2020\/04\/calendario2-150x150.png 150w, https:\/\/padrevasquez.com.ar\/inicio_WP\/wp-content\/uploads\/2020\/04\/calendario2-300x300.png 300w\" sizes=\"(max-width: 100px) 100vw, 100px\" \/><\/a><\/td>\n<\/tr>\n<tr>\n<td style=\"text-align: left;\">C\u00f3mo usar el Calendario de Google<\/td>\n<td><a href=\"https:\/\/www.youtube.com\/watch?v=kuPgDWO1_5E\" target=\"_blank\" rel=\"noopener noreferrer\"><img loading=\"lazy\" class=\"aligncenter wp-image-899\" src=\"https:\/\/padrevasquez.com.ar\/inicio_WP\/wp-content\/uploads\/2020\/04\/calendario2.png\" alt=\"\" width=\"100\" height=\"100\" srcset=\"https:\/\/padrevasquez.com.ar\/inicio_WP\/wp-content\/uploads\/2020\/04\/calendario2.png 512w, https:\/\/padrevasquez.com.ar\/inicio_WP\/wp-content\/uploads\/2020\/04\/calendario2-150x150.png 150w, https:\/\/padrevasquez.com.ar\/inicio_WP\/wp-content\/uploads\/2020\/04\/calendario2-300x300.png 300w\" sizes=\"(max-width: 100px) 100vw, 100px\" \/><\/a><\/td>\n<\/tr>\n<tr>\n<td style=\"text-align: left;\">Google Meet: clase virtual, videoconferencias, videollamada<\/td>\n<td><a href=\"https:\/\/www.youtube.com\/watch?v=4tBZG3p1Wf8\" target=\"_blank\" rel=\"noopener noreferrer\"><img loading=\"lazy\" class=\"aligncenter wp-image-905\" src=\"https:\/\/padrevasquez.com.ar\/inicio_WP\/wp-content\/uploads\/2020\/04\/meet.png\" alt=\"\" width=\"100\" height=\"100\" srcset=\"https:\/\/padrevasquez.com.ar\/inicio_WP\/wp-content\/uploads\/2020\/04\/meet.png 512w, https:\/\/padrevasquez.com.ar\/inicio_WP\/wp-content\/uploads\/2020\/04\/meet-150x150.png 150w, https:\/\/padrevasquez.com.ar\/inicio_WP\/wp-content\/uploads\/2020\/04\/meet-300x300.png 300w\" sizes=\"(max-width: 100px) 100vw, 100px\" \/><\/a><\/td>\n<\/tr>\n<tr>\n<td><\/td>\n<td><\/td>\n<\/tr>\n<\/tbody>\n<\/table>\n<h3>Listas de reproducci\u00f3n<\/h3>\n<table border=\"0\" width=\"60%\">\n<tbody>\n<tr>\n<td>Google Classroom: Primeros Pasos<\/td>\n<td><a href=\"https:\/\/www.youtube.com\/watch?v=9ZPxWcho18I&amp;list=PLXBNU-6Jnmo4mz9OR806FcUqaqFO-Wny_\" target=\"_blank\" rel=\"noopener noreferrer\"><img loading=\"lazy\" class=\"aligncenter wp-image-903\" src=\"https:\/\/padrevasquez.com.ar\/inicio_WP\/wp-content\/uploads\/2020\/04\/iconfinder_education_47044.png\" alt=\"\" width=\"100\" height=\"100\" srcset=\"https:\/\/padrevasquez.com.ar\/inicio_WP\/wp-content\/uploads\/2020\/04\/iconfinder_education_47044.png 256w, https:\/\/padrevasquez.com.ar\/inicio_WP\/wp-content\/uploads\/2020\/04\/iconfinder_education_47044-150x150.png 150w\" sizes=\"(max-width: 100px) 100vw, 100px\" \/><\/a><\/td>\n<\/tr>\n<tr>\n<td>R\u00fabricas en Google Classroom<\/td>\n<td><a href=\"https:\/\/www.youtube.com\/watch?v=EJUdOvFXphI&amp;list=PLcEAZvNGhvm6TTAb5TkGGaFagR8GQgwCf\" target=\"_blank\" rel=\"noopener noreferrer\"><img loading=\"lazy\" class=\"aligncenter wp-image-898\" src=\"https:\/\/padrevasquez.com.ar\/inicio_WP\/wp-content\/uploads\/2020\/04\/calculadora.png\" alt=\"\" width=\"100\" height=\"100\" srcset=\"https:\/\/padrevasquez.com.ar\/inicio_WP\/wp-content\/uploads\/2020\/04\/calculadora.png 512w, https:\/\/padrevasquez.com.ar\/inicio_WP\/wp-content\/uploads\/2020\/04\/calculadora-150x150.png 150w, https:\/\/padrevasquez.com.ar\/inicio_WP\/wp-content\/uploads\/2020\/04\/calculadora-300x300.png 300w\" sizes=\"(max-width: 100px) 100vw, 100px\" \/><\/a><\/td>\n<\/tr>\n<tr>\n<td>C\u00f3mo configurar tu correo Gmail<\/td>\n<td><a href=\"https:\/\/www.youtube.com\/watch?v=2U-ZErxOomA&amp;list=PLcEAZvNGhvm5tvBzD1Ab7-7rgwUR49CCL\" target=\"_blank\" rel=\"noopener noreferrer\"><img loading=\"lazy\" class=\"aligncenter wp-image-904\" src=\"https:\/\/padrevasquez.com.ar\/inicio_WP\/wp-content\/uploads\/2020\/04\/mail.png\" alt=\"\" width=\"100\" height=\"100\" srcset=\"https:\/\/padrevasquez.com.ar\/inicio_WP\/wp-content\/uploads\/2020\/04\/mail.png 512w, https:\/\/padrevasquez.com.ar\/inicio_WP\/wp-content\/uploads\/2020\/04\/mail-150x150.png 150w, https:\/\/padrevasquez.com.ar\/inicio_WP\/wp-content\/uploads\/2020\/04\/mail-300x300.png 300w\" sizes=\"(max-width: 100px) 100vw, 100px\" \/><\/a><\/td>\n<\/tr>\n<tr>\n<td>C\u00f3mo usar Google Sites<\/td>\n<td><a href=\"https:\/\/www.youtube.com\/watch?v=WGOhcvXQ3Tw&amp;list=PLcEAZvNGhvm7Wlu693QN6PezUj2ZXejRk\" target=\"_blank\" rel=\"noopener noreferrer\"><img loading=\"lazy\" class=\"aligncenter wp-image-909\" src=\"https:\/\/padrevasquez.com.ar\/inicio_WP\/wp-content\/uploads\/2020\/04\/social.png\" alt=\"\" width=\"100\" height=\"100\" srcset=\"https:\/\/padrevasquez.com.ar\/inicio_WP\/wp-content\/uploads\/2020\/04\/social.png 512w, https:\/\/padrevasquez.com.ar\/inicio_WP\/wp-content\/uploads\/2020\/04\/social-150x150.png 150w, https:\/\/padrevasquez.com.ar\/inicio_WP\/wp-content\/uploads\/2020\/04\/social-300x300.png 300w\" sizes=\"(max-width: 100px) 100vw, 100px\" \/><\/a><\/td>\n<\/tr>\n<tr>\n<td>C\u00f3mo usar Google Drive<\/td>\n<td><a href=\"https:\/\/www.youtube.com\/watch?v=QZtY4lSOWBc&amp;list=PLcEAZvNGhvm4tEbnCn_dwBS3Xw-h3aAgT\" target=\"_blank\" rel=\"noopener noreferrer\"><img loading=\"lazy\" class=\"aligncenter wp-image-900\" src=\"https:\/\/padrevasquez.com.ar\/inicio_WP\/wp-content\/uploads\/2020\/04\/drive.png\" alt=\"\" width=\"100\" height=\"100\" srcset=\"https:\/\/padrevasquez.com.ar\/inicio_WP\/wp-content\/uploads\/2020\/04\/drive.png 512w, https:\/\/padrevasquez.com.ar\/inicio_WP\/wp-content\/uploads\/2020\/04\/drive-150x150.png 150w, https:\/\/padrevasquez.com.ar\/inicio_WP\/wp-content\/uploads\/2020\/04\/drive-300x300.png 300w\" sizes=\"(max-width: 100px) 100vw, 100px\" \/><\/a><\/td>\n<\/tr>\n<tr>\n<td>Presentaciones de Google<\/td>\n<td><a href=\"https:\/\/www.youtube.com\/watch?v=bvdKsnrUjXA&amp;list=PLcEAZvNGhvm77anjdzmfKnFwFIsD1hkWG\" target=\"_blank\" rel=\"noopener noreferrer\"><img loading=\"lazy\" class=\"aligncenter wp-image-908\" src=\"https:\/\/padrevasquez.com.ar\/inicio_WP\/wp-content\/uploads\/2020\/04\/quimica.png\" alt=\"\" width=\"100\" height=\"100\" srcset=\"https:\/\/padrevasquez.com.ar\/inicio_WP\/wp-content\/uploads\/2020\/04\/quimica.png 512w, https:\/\/padrevasquez.com.ar\/inicio_WP\/wp-content\/uploads\/2020\/04\/quimica-150x150.png 150w, https:\/\/padrevasquez.com.ar\/inicio_WP\/wp-content\/uploads\/2020\/04\/quimica-300x300.png 300w\" sizes=\"(max-width: 100px) 100vw, 100px\" \/><\/a><\/td>\n<\/tr>\n<tr>\n<td>C\u00f3mo usar HOJAS de C\u00c1LCULO (Google Spreadsheet)<\/td>\n<td><a href=\"https:\/\/www.youtube.com\/watch?v=K_l3lA2dRzA&amp;list=PLcEAZvNGhvm79wDHFvIx0nu5cOnwmCkuv\" target=\"_blank\" rel=\"attachment noopener wp-att-902 noreferrer\"><img loading=\"lazy\" class=\"aligncenter wp-image-902\" src=\"https:\/\/padrevasquez.com.ar\/inicio_WP\/wp-content\/uploads\/2020\/04\/hoja_calculo.png\" alt=\"\" width=\"100\" height=\"100\" srcset=\"https:\/\/padrevasquez.com.ar\/inicio_WP\/wp-content\/uploads\/2020\/04\/hoja_calculo.png 512w, https:\/\/padrevasquez.com.ar\/inicio_WP\/wp-content\/uploads\/2020\/04\/hoja_calculo-150x150.png 150w, https:\/\/padrevasquez.com.ar\/inicio_WP\/wp-content\/uploads\/2020\/04\/hoja_calculo-300x300.png 300w\" sizes=\"(max-width: 100px) 100vw, 100px\" \/><\/a><\/td>\n<\/tr>\n<tr>\n<td>C\u00f3mo crear bien una cuenta en Google Gmail<\/td>\n<td><a href=\"https:\/\/www.youtube.com\/watch?v=thsdqbQlkGI&amp;list=PLcEAZvNGhvm5hNx9L6SRlvFMya3JrZxk7\" target=\"_blank\" rel=\"noopener noreferrer\"><img loading=\"lazy\" class=\"aligncenter wp-image-904\" src=\"https:\/\/padrevasquez.com.ar\/inicio_WP\/wp-content\/uploads\/2020\/04\/mail.png\" alt=\"\" width=\"100\" height=\"100\" srcset=\"https:\/\/padrevasquez.com.ar\/inicio_WP\/wp-content\/uploads\/2020\/04\/mail.png 512w, https:\/\/padrevasquez.com.ar\/inicio_WP\/wp-content\/uploads\/2020\/04\/mail-150x150.png 150w, https:\/\/padrevasquez.com.ar\/inicio_WP\/wp-content\/uploads\/2020\/04\/mail-300x300.png 300w\" sizes=\"(max-width: 100px) 100vw, 100px\" \/><\/a><\/td>\n<\/tr>\n<tr>\n<td>C\u00f3mo usar Google Classroom<\/td>\n<td><a href=\"https:\/\/www.youtube.com\/watch?v=GQCrTdX0suA&amp;list=PLAkjBywdzgCHlzZ4pgwUdr1HOX3PNn_UF\" target=\"_blank\" rel=\"noopener noreferrer\"><img loading=\"lazy\" class=\"aligncenter wp-image-906\" src=\"https:\/\/padrevasquez.com.ar\/inicio_WP\/wp-content\/uploads\/2020\/04\/pizarra.png\" alt=\"\" width=\"100\" height=\"100\" srcset=\"https:\/\/padrevasquez.com.ar\/inicio_WP\/wp-content\/uploads\/2020\/04\/pizarra.png 512w, https:\/\/padrevasquez.com.ar\/inicio_WP\/wp-content\/uploads\/2020\/04\/pizarra-150x150.png 150w, https:\/\/padrevasquez.com.ar\/inicio_WP\/wp-content\/uploads\/2020\/04\/pizarra-300x300.png 300w\" sizes=\"(max-width: 100px) 100vw, 100px\" \/><\/a><\/td>\n<\/tr>\n<tr>\n<td><\/td>\n<td><\/td>\n<\/tr>\n<\/tbody>\n<\/table>\n<h2>Adicionales<\/h2>\n<table border=\"0\" width=\"60%\">\n<tbody>\n<tr>\n<td>Ejemplos de proyectos escolares<\/td>\n<td><a href=\"https:\/\/www.youtube.com\/watch?v=OXjYuxdCiz8&amp;list=PLcEAZvNGhvm5phRAC7nUE-fjBwXbVe8B7\" target=\"_blank\" rel=\"noopener noreferrer\"><img loading=\"lazy\" class=\"aligncenter wp-image-907\" src=\"https:\/\/padrevasquez.com.ar\/inicio_WP\/wp-content\/uploads\/2020\/04\/project.png\" alt=\"\" width=\"100\" height=\"100\" srcset=\"https:\/\/padrevasquez.com.ar\/inicio_WP\/wp-content\/uploads\/2020\/04\/project.png 256w, https:\/\/padrevasquez.com.ar\/inicio_WP\/wp-content\/uploads\/2020\/04\/project-150x150.png 150w\" sizes=\"(max-width: 100px) 100vw, 100px\" \/><\/a><\/td>\n<\/tr>\n<tr>\n<td>Herramientas para docentes<\/td>\n<td><a href=\"https:\/\/www.youtube.com\/watch?v=fbL1aQnpvHo&amp;list=PLAkjBywdzgCE1PvQuC744CNEoVOGC597T\" target=\"_blank\" rel=\"noopener noreferrer\"><img loading=\"lazy\" class=\"aligncenter wp-image-901\" src=\"https:\/\/padrevasquez.com.ar\/inicio_WP\/wp-content\/uploads\/2020\/04\/herramientas.png\" alt=\"\" width=\"100\" height=\"100\" \/><\/a><\/td>\n<\/tr>\n<tr>\n<td>Otro canal con mucha informaci\u00f3n<\/td>\n<td><a href=\"https:\/\/www.youtube.com\/channel\/UCXS8xWHGQhu06BgzkwemDCg\/\" target=\"_blank\" rel=\"noopener noreferrer\"><img loading=\"lazy\" class=\"aligncenter wp-image-897\" src=\"https:\/\/padrevasquez.com.ar\/inicio_WP\/wp-content\/uploads\/2020\/04\/bus.png\" alt=\"\" width=\"100\" height=\"100\" srcset=\"https:\/\/padrevasquez.com.ar\/inicio_WP\/wp-content\/uploads\/2020\/04\/bus.png 512w, https:\/\/padrevasquez.com.ar\/inicio_WP\/wp-content\/uploads\/2020\/04\/bus-150x150.png 150w, https:\/\/padrevasquez.com.ar\/inicio_WP\/wp-content\/uploads\/2020\/04\/bus-300x300.png 300w\" sizes=\"(max-width: 100px) 100vw, 100px\" \/><\/a><\/td>\n<\/tr>\n<tr>\n<td><\/td>\n<td><\/td>\n<\/tr>\n<\/tbody>\n<\/table>\n<p>Finalmente, otro espacio para la capacitaci\u00f3n on line es el art\u00edculo &#8220;<a href=\"https:\/\/blog.ensalza.com\/tutorial-google-gsuite\/\" target=\"_blank\" rel=\"noopener noreferrer\">C\u00f3mo usar tu correo con Google G Suite: tutorial paso a paso<\/a>&#8220;, pero con la salvedad que se tratan temas generales de la aplicaci\u00f3n comercial Google Workspace, que es mucho m\u00e1s extenso que el servicio propio para educaci\u00f3n.<\/p>\n<p>&nbsp;<\/p>\n<div class=\"pdfprnt-buttons pdfprnt-buttons-page pdfprnt-bottom-right\"><a href=\"https:\/\/padrevasquez.com.ar\/inicio_WP\/wp-json\/wp\/v2\/pages\/910?print=pdf\" class=\"pdfprnt-button pdfprnt-button-pdf\" target=\"_blank\"><img src=\"https:\/\/padrevasquez.com.ar\/inicio_WP\/wp-content\/plugins\/pdf-print\/images\/pdf.png\" alt=\"image_pdf\" title=\"View PDF\" \/><span class=\"pdfprnt-button-title pdfprnt-button-pdf-title\">Convertir a PDF<\/span><\/a><a href=\"https:\/\/padrevasquez.com.ar\/inicio_WP\/wp-json\/wp\/v2\/pages\/910?print=print\" class=\"pdfprnt-button pdfprnt-button-print\" target=\"_blank\"><img src=\"https:\/\/padrevasquez.com.ar\/inicio_WP\/wp-content\/plugins\/pdf-print\/images\/print.png\" alt=\"image_print\" title=\"Print Content\" \/><span class=\"pdfprnt-button-title pdfprnt-button-print-title\">Imprimir<\/span><\/a><\/div>","protected":false},"excerpt":{"rendered":"<p>Recomendaciones de capacitaci\u00f3n La forma m\u00e1s directa de capacitarse en el uso de Google Workspace for Education es ingresar al &#8220;Centro de Aprendizaje&#8220;, que posee gu\u00edas de iniciaci\u00f3n r\u00e1pida y gesti\u00f3n de casos. Tambi\u00e9n es posible consultar el espacio de Youtube, plagado de consejos presentados por expertos de Google. Ahora se presenta una serie de videos de Youtube, que seguramente les ayudar\u00e1n. Son s\u00f3lo unos ejemplos de los muchos que pueden encontrarse en la red. Si encuentran otros, m\u00e1s claros <a href=\"https:\/\/padrevasquez.com.ar\/inicio_WP\/recomendaciones-de-capacitacion\/\" class=\"more-link\"><span>. . .<\/span><\/a><\/p>\n","protected":false},"author":1,"featured_media":0,"parent":0,"menu_order":0,"comment_status":"closed","ping_status":"closed","template":"","meta":{"_themeisle_gutenberg_block_has_review":false},"_links":{"self":[{"href":"https:\/\/padrevasquez.com.ar\/inicio_WP\/wp-json\/wp\/v2\/pages\/910"}],"collection":[{"href":"https:\/\/padrevasquez.com.ar\/inicio_WP\/wp-json\/wp\/v2\/pages"}],"about":[{"href":"https:\/\/padrevasquez.com.ar\/inicio_WP\/wp-json\/wp\/v2\/types\/page"}],"author":[{"embeddable":true,"href":"https:\/\/padrevasquez.com.ar\/inicio_WP\/wp-json\/wp\/v2\/users\/1"}],"replies":[{"embeddable":true,"href":"https:\/\/padrevasquez.com.ar\/inicio_WP\/wp-json\/wp\/v2\/comments?post=910"}],"version-history":[{"count":12,"href":"https:\/\/padrevasquez.com.ar\/inicio_WP\/wp-json\/wp\/v2\/pages\/910\/revisions"}],"predecessor-version":[{"id":1362,"href":"https:\/\/padrevasquez.com.ar\/inicio_WP\/wp-json\/wp\/v2\/pages\/910\/revisions\/1362"}],"wp:attachment":[{"href":"https:\/\/padrevasquez.com.ar\/inicio_WP\/wp-json\/wp\/v2\/media?parent=910"}],"curies":[{"name":"wp","href":"https:\/\/api.w.org\/{rel}","templated":true}]}}