{"id":943,"date":"2023-01-09T23:58:22","date_gmt":"2023-01-10T02:58:22","guid":{"rendered":"https:\/\/padrevasquez.com.ar\/inicio_WP\/?page_id=943"},"modified":"2026-01-16T13:25:03","modified_gmt":"2026-01-16T16:25:03","slug":"solicitud-de-becas","status":"publish","type":"page","link":"https:\/\/padrevasquez.com.ar\/inicio_WP\/solicitud-de-becas\/","title":{"rendered":"Solicitud de becas"},"content":{"rendered":"<h2 style=\"text-align: center;\"><span style=\"color: #990033;\">Solicitud de becas para el a\u00f1o lectivo 2026<\/span><\/h2>\n<p>En lo que sigue, cuando se de diga &#8220;LA INSTITUCI\u00d3N&#8221;, se debe entender al &#8220;Colegio e Instituto Privado Padre V\u00e1squez&#8221;, sea en el Nivel Inicial, Nivel Primario y\/o Nivel Secundario, seg\u00fan corresponda. La Orden de la Merced es la propietaria legal de LA INSTITUCI\u00d3N.<\/p>\n<p>Cualquier <span style=\"color: #ff0000;\"><strong>informaci\u00f3n<\/strong> <\/span>escrita en los documentos, enviada por medio de archivos adjuntos o completada en el formulario de env\u00edo tendr\u00e1 el car\u00e1cter y ser\u00e1 considerada como <strong><span style=\"color: #ff0000;\">declaraci\u00f3n jurada<\/span><\/strong>.<\/p>\n<p>Debido a la gran cantidad de consultas por las becas de la Instituci\u00f3n, y atentos a las exigencias legales, es que se hace necesario seguir el siguiente procedimiento:<\/p>\n<p><strong>1- Inscripci\u00f3n para el presente a\u00f1o lectivo:<\/strong> La Instituci\u00f3n otorga becas a Estudiantes regulares, es decir que para acceder a una beca, es necesario y obligatorio tener completo el tr\u00e1mite de inscripci\u00f3n para el presente a\u00f1o lectivo, habiendo realizado el tr\u00e1mite, con el c\u00f3digo de inscripci\u00f3n a la vista y abonada la inscripci\u00f3n para el presente a\u00f1o lectivo (todo se puede realizar <span style=\"color: #000000;\">desde el aplicativo de <\/span><span style=\"color: #ff0000;\"><strong><a style=\"color: #ff0000;\" href=\"https:\/\/www.padrevasquez.com.ar\/BoletoPago\/\" target=\"_blank\" rel=\"noopener noreferrer\">boleto de pago<\/a><\/strong><\/span>  o <span style=\"color: #000000;\">directamente desde el <\/span><span style=\"color: #ff0000;\"><span style=\"color: #000000;\">aplicativo de<\/span><strong><a style=\"color: #ff0000;\" href=\"https:\/\/www.padrevasquez.com.ar\/InscripcionAnual\/\" target=\"_blank\" rel=\"noopener noreferrer\"> inscripci\u00f3n anual<\/a><\/strong><\/span>).<\/p>\n<p><strong>2- Preparaci\u00f3n de los documentos externos:<\/strong> En todos los casos se deben demostrar los ingresos del Padre y la Madre o Tutor, debiendo disponer de todos los documentos indicados:<\/p>\n<ul>\n<li>En el caso que trabajen en relaci\u00f3n de dependencia, es suficiente con presentar los tres (3) \u00faltimos recibos de sueldo mensual del Padre y Madre o Tutor del estudiante.<\/li>\n<li>En el caso que uno, o ambos, sean aut\u00f3nomos, deben presentar la \u00faltima boleta de aportes y el formulario de impuesto a las ganancias.<\/li>\n<li>En caso de no poseer bono de sueldo, se debe presentar certificado de la <em><strong>ANSES<\/strong> <\/em>de libre aporte.<\/li>\n<\/ul>\n<p><strong>3- Env\u00edo de la documentaci\u00f3n:<\/strong><\/p>\n<h2 style=\"text-align: center;\"><em><span style=\"color: #ff0000;\">DISPONIBLE Y HABILITADO DESDE EL 19 de Enero de 2026<\/span><\/em><\/h2>\n<p>Para asegurar el env\u00edo \u00fanico de la documentaci\u00f3n, se debe disponer de una cuenta de Google (del tipo &#8220;<span style=\"color: #0000ff;\"><strong><em>su_correo@gmail.com<\/em><\/strong><\/span>&#8220;), pudiendo tambi\u00e9n emplear la cuenta provista por LA INSTITUCI\u00d3N para el a\u00f1o lectivo anterior (del tipo &#8220;<span style=\"color: #0000ff;\"><strong><em>usuario@padrevasquez.net<\/em><\/strong><\/span>&#8220;). Con toda la documentaci\u00f3n completa y previamente preparada, debe ingresar en el formulario de carga, completarlo y adjuntar la documentaci\u00f3n cuando le sea solicitada, presionando <a href=\"https:\/\/forms.gle\/xGVB9tY5BcYprren9\" target=\"_blank\" rel=\"noopener noreferrer\">sobre la carpeta<\/a>.<\/p>\n<p><em><strong>Observaciones sobre el formulario:<\/strong> <\/em><\/p>\n<ul>\n<li>El texto &#8220;<span style=\"color: #0000ff;\"><em><strong>El nombre y la foto asociados a tu cuenta de Google se registrar\u00e1n cuando subas archivos y env\u00edes este formulario. \u00bfNo es tuya la direcci\u00f3n &#8230; ? Cambiar de cuenta<\/strong><\/em><\/span>&#8221; es agregado por el servidor de formularios de Google y sirve para identificar apropiadamente la cuenta que adjunta los archivos exigidos. Es especialmente \u00fatil cuando en una misma computadora hay varias cuentas de Google, dando la posibilidad de cambiar de una a otra.<\/li>\n<li><em><strong><span style=\"color: #0000ff;\">*Obligatorio<\/span>:<\/strong><\/em> Significa que donde aparezca un asterisco (*) el dato debe ser ingresado para que el formulario pueda ser enviado.<\/li>\n<\/ul>\n<p><a href=\"https:\/\/forms.gle\/acbaCGWcUVBT8a5W8\" target=\"_blank\" rel=\"noopener noreferrer\"><img loading=\"lazy\" class=\"aligncenter wp-image-1322\" src=\"https:\/\/padrevasquez.com.ar\/inicio_WP\/wp-content\/uploads\/2020\/12\/subida2.png\" alt=\"\" width=\"226\" height=\"181\" srcset=\"https:\/\/padrevasquez.com.ar\/inicio_WP\/wp-content\/uploads\/2020\/12\/subida2.png 512w, https:\/\/padrevasquez.com.ar\/inicio_WP\/wp-content\/uploads\/2020\/12\/subida2-300x240.png 300w\" sizes=\"(max-width: 226px) 100vw, 226px\" \/><\/a><\/p>\n<p>Esperando que este procedimiento permita ayudar a resolver las m\u00faltiples solicitudes de becas, los saludamos atentamente.<\/p>\n<p>&nbsp;<\/p>\n<div class=\"pdfprnt-buttons pdfprnt-buttons-page pdfprnt-bottom-right\"><a href=\"https:\/\/padrevasquez.com.ar\/inicio_WP\/wp-json\/wp\/v2\/pages\/943?print=pdf\" class=\"pdfprnt-button pdfprnt-button-pdf\" target=\"_blank\"><img src=\"https:\/\/padrevasquez.com.ar\/inicio_WP\/wp-content\/plugins\/pdf-print\/images\/pdf.png\" alt=\"image_pdf\" title=\"View PDF\" \/><span class=\"pdfprnt-button-title pdfprnt-button-pdf-title\">Convertir a PDF<\/span><\/a><a href=\"https:\/\/padrevasquez.com.ar\/inicio_WP\/wp-json\/wp\/v2\/pages\/943?print=print\" class=\"pdfprnt-button pdfprnt-button-print\" target=\"_blank\"><img src=\"https:\/\/padrevasquez.com.ar\/inicio_WP\/wp-content\/plugins\/pdf-print\/images\/print.png\" alt=\"image_print\" title=\"Print Content\" \/><span class=\"pdfprnt-button-title pdfprnt-button-print-title\">Imprimir<\/span><\/a><\/div>","protected":false},"excerpt":{"rendered":"<p>Solicitud de becas para el a\u00f1o lectivo 2026 En lo que sigue, cuando se de diga &#8220;LA INSTITUCI\u00d3N&#8221;, se debe entender al &#8220;Colegio e Instituto Privado Padre V\u00e1squez&#8221;, sea en el Nivel Inicial, Nivel Primario y\/o Nivel Secundario, seg\u00fan corresponda. La Orden de la Merced es la propietaria legal de LA INSTITUCI\u00d3N. Cualquier informaci\u00f3n escrita en los documentos, enviada por medio de archivos adjuntos o completada en el formulario de env\u00edo tendr\u00e1 el car\u00e1cter y ser\u00e1 considerada como declaraci\u00f3n jurada. <a href=\"https:\/\/padrevasquez.com.ar\/inicio_WP\/solicitud-de-becas\/\" class=\"more-link\"><span>. . .<\/span><\/a><\/p>\n","protected":false},"author":1,"featured_media":0,"parent":0,"menu_order":0,"comment_status":"closed","ping_status":"closed","template":"","meta":{"_themeisle_gutenberg_block_has_review":false},"_links":{"self":[{"href":"https:\/\/padrevasquez.com.ar\/inicio_WP\/wp-json\/wp\/v2\/pages\/943"}],"collection":[{"href":"https:\/\/padrevasquez.com.ar\/inicio_WP\/wp-json\/wp\/v2\/pages"}],"about":[{"href":"https:\/\/padrevasquez.com.ar\/inicio_WP\/wp-json\/wp\/v2\/types\/page"}],"author":[{"embeddable":true,"href":"https:\/\/padrevasquez.com.ar\/inicio_WP\/wp-json\/wp\/v2\/users\/1"}],"replies":[{"embeddable":true,"href":"https:\/\/padrevasquez.com.ar\/inicio_WP\/wp-json\/wp\/v2\/comments?post=943"}],"version-history":[{"count":50,"href":"https:\/\/padrevasquez.com.ar\/inicio_WP\/wp-json\/wp\/v2\/pages\/943\/revisions"}],"predecessor-version":[{"id":1519,"href":"https:\/\/padrevasquez.com.ar\/inicio_WP\/wp-json\/wp\/v2\/pages\/943\/revisions\/1519"}],"wp:attachment":[{"href":"https:\/\/padrevasquez.com.ar\/inicio_WP\/wp-json\/wp\/v2\/media?parent=943"}],"curies":[{"name":"wp","href":"https:\/\/api.w.org\/{rel}","templated":true}]}}